{"id":1044,"date":"2017-07-26T14:59:01","date_gmt":"2017-07-26T14:59:01","guid":{"rendered":"http:\/\/77.240.19.26\/~solixi\/?page_id=1044"},"modified":"2021-01-22T11:50:48","modified_gmt":"2021-01-22T11:50:48","slug":"patents","status":"publish","type":"page","link":"http:\/\/www.solixi.com\/fi\/patents\/","title":{"rendered":"Patentit, IPR"},"content":{"rendered":"<div class=\"wpb-content-wrapper\"><p>[vc_row][vc_column][vc_column_text]<\/p>\n<h3 style=\"text-align: center;\">European Patent Office <a href=\"http:\/\/www.solixi.com\/wp-content\/uploads\/2020\/12\/31112EP-wp_Allowance.pdf\">hyv\u00e4ksyi<\/a> 8.12.2020 <a href=\"http:\/\/www.solixi.com\/wp-content\/uploads\/2020\/12\/31112EP-wp_Allowance-Allowed-application.pdf\">RENEWABLE ENERGY STORING<\/a>.<\/h3>\n<h4 style=\"text-align: center;\">Kaksi patenttiperhett\u00e4:<br \/>\nIso ja edullinen energiavarasto &amp; vesivaraaja sek\u00e4 tehokas\u00a0<a href=\"https:\/\/worldwide.espacenet.com\/publicationDetails\/originalDocument?FT=D&amp;date=20180912&amp;DB=&amp;locale=en_EP&amp;CC=EP&amp;NR=2773911B1&amp;KC=B1&amp;ND=4\">Aurinkokeskitin<\/a>, molemmissa AI ja IoT<br \/>\nInnovatiivinen puhtaan energian patenttisalkku on nyt valmis.<\/h4>\n<h4 style=\"text-align: center;\">Edut on testattu\u00a0<a href=\"http:\/\/www.solixi.com\/products\/\">prototyypeill\u00e4<\/a>.<\/h4>\n<p>&nbsp;<\/p>\n<p style=\"text-align: center;\"><strong>Huom!<\/strong> Englannin kielinen sivu on ajantasaisempi, kielenvaihto menusta!<\/p>\n<p>[\/vc_column_text][vc_column_text]<img loading=\"lazy\" decoding=\"async\" class=\"alignnone wp-image-8315 aligncenter\" src=\"http:\/\/www.solixi.com\/wp-content\/uploads\/2019\/02\/PatentPortfolioDec2018.jpg\" alt=\"\" width=\"700\" height=\"1128\" \/>[\/vc_column_text][\/vc_column][\/vc_row][vc_row][vc_column width=&#8221;1\/3&#8243;][vc_column_text]<\/p>\n<h2>Patentit nyt<\/h2>\n<p><strong>Solixi IPR:\u00a0<\/strong><a href=\"http:\/\/espatent.fi\/\"><strong>Espatent<\/strong><\/a><strong> (patents) &amp; <\/strong><a href=\"http:\/\/bocoip.com\/\"><strong>BocoIP<\/strong><\/a><strong> (trademark)<\/strong><\/p>\n<p>Solixi concentrator\u00a0<a href=\"http:\/\/patent.prh.fi\/patdocs\/certificate.jsp?app=20110383\">patent no 123879 PRH Finland<\/a>.<\/p>\n<p><a href=\"https:\/\/worldwide.espacenet.com\/publicationDetails\/originalDocument?FT=D&amp;date=20180912&amp;DB=&amp;locale=en_EP&amp;CC=EP&amp;NR=2773911B1&amp;KC=B1&amp;ND=4\">Solixi solar concentrator patent\u00a0EP2773911 (B1)<\/a>\u00a0\u00a0and\u00a0Solixi Energy Storage ja water boiler patent &#8221;<a href=\"http:\/\/www.solixi.com\/wp-content\/uploads\/2020\/12\/31112EP-wp_Allowance-Allowed-application.pdf\">Renewable Energy Storing<\/a>&#8221;\u00a0\u00a0on hyv\u00e4ksytty joulukuussa 2020.<\/p>\n<p>US Patent Number 9,739,506 \u00a0Solixi Solar Concentrator<\/p>\n<h2>Tavaramerkki \/ logo<\/h2>\n<p><img loading=\"lazy\" decoding=\"async\" class=\"alignnone size-full wp-image-189\" src=\"http:\/\/77.240.19.26\/~solixi\/wp-content\/uploads\/2017\/06\/201512solixicomlogo.jpg\" alt=\"\" width=\"150\" height=\"79\" \/><\/p>\n<p>Patentti- ja rekisterihallitus on rekister\u00f6inyt \u00ae\u00a0<strong>Solixi tavaramerkin<\/strong> 15.2.2012 (Rek.nro 254530).<br \/>\nTavaramerkin rekister\u00f6inti\u00e4 on laajennettu kev\u00e4\u00e4ll\u00e4 2012 (EU) ja 2016-2018 (USA, Kiina, Japani, Etel\u00e4-Korea jne.) \/\u00a0<a href=\"http:\/\/bocoip.com\/\">BocoIP<\/a>[\/vc_column_text][\/vc_column][vc_column width=&#8221;1\/3&#8243;][vc_column_text]<\/p>\n<h2>V\u00e4rik\u00e4st\u00e4 ja menestyksek\u00e4st\u00e4 patentointia<\/h2>\n<p><strong>Ensimm\u00e4inen patenttihakemus on j\u00e4tetty Patentti- ja rekisterihallitukseen 3.6.2011 (FI20110186)<\/strong>. Haettiin patenttia menetelm\u00e4lle, j\u00e4rjestelm\u00e4lle ja laitteistolle (teline jolla ker\u00e4in suunnataan etel\u00e4\u00e4n optimaalisessa kulmassa katon muodosta riippumatta). Solixi ei vastannut v\u00e4lip\u00e4\u00e4t\u00f6kseen ja hakemus j\u00e4i sillens\u00e4.<\/p>\n<p><strong>Toinen patenttihakemus on j\u00e4tetty 4.11.2011<\/strong> (FI20110383). Ensimm\u00e4inen Englanninkielinen hakemus joka j\u00e4tettiin PRH:lle. Oleellinen ero ensimm\u00e4iseen hakemukseen verrattuna oli heliostaattien eli peilien lis\u00e4\u00e4minen. Hakemus johti patenttiin.<\/p>\n<p>2012 j\u00e4tettiin\u00a0kansainv\u00e4linen patenttihakemus (PCT). Haettiin rahoitusta Keksint\u00f6s\u00e4\u00e4ti\u00f6lt\u00e4, joka ilmoitti rahoittavansa mutta perui hakemusten m\u00e4\u00e4r\u00e4aikojen jo umpeuduttua. Tekes ilmoitti ettei voi rahoittaa patentointia, tuotekehityst\u00e4 tai prototyyppi\u00e4. Yll\u00e4tt\u00e4v\u00e4t esteet ja niiden ajoitus l\u00e4hes tappoi Solixin.<\/p>\n<p>9.1.2013 PRH ei hyv\u00e4ksynyt Solixin keksinn\u00f6llisyytt\u00e4 (PCT).<br \/>\nPCT-hakemus on julkaistu 10.5.2013 julkaisunumerolla WO 2013\/064744<\/p>\n<p>13.8.2013\u00a0Toisessa PRH v\u00e4lip\u00e4\u00e4t\u00f6ksess\u00e4 keksinn\u00f6llisyys oli samoilla perusteilla edelleen &#8221;No&#8221;.<\/p>\n<p>9.4.2013 Kokous PRH:ssa; Jorma Lehtonen, Susanna Rajakoski ja Pekka Launis sek\u00e4 Solixilta Jyri Jaakkola ja patenttiasiamies Samu Lamberg. Pari tuntia argumentointia keksinn\u00f6llisyyden puolesta ja sit\u00e4 vastaan. PRH:n kokouksesta tekem\u00e4 muistio oli erilainen kuin nauhoite, tehtiin valituksia.<\/p>\n<p>2.10.2013 PRH on antanut hyv\u00e4ksyv\u00e4n v\u00e4lip\u00e4\u00e4t\u00f6ksen FI20110383 aurinkokeskittimelle.[\/vc_column_text][\/vc_column][vc_column width=&#8221;1\/3&#8243;][vc_column_text 0=&#8221;&#8221;]<strong>15.11.2013\u00a0on j\u00e4tetty PRH:lle vesivaraajan patenttihakemus &#8221;Renewable energy storing.&#8221;<\/strong><\/p>\n<p><strong>29.11.2013 Aurinkokeskittimelle on my\u00f6nnetty\u00a0patentti no 123879<\/strong><\/p>\n<p>28.2.2014 PRH antoi yll\u00e4tt\u00e4en ja m\u00e4\u00e4r\u00e4aikoja rikkoen negatiivisen lausunnon patentoitavuuskriteereist\u00e4. Silti patententteja on saatu sek\u00e4 Suomessa ett\u00e4 kansainv\u00e4lisesti.<\/p>\n<p>5.3.2014 j\u00e4tetty Solixin patenttihakemus USPTO.<\/p>\n<p>24.5.2017 USPTO tutkija on hyv\u00e4ksynyt Solar energy harvester hakemuksen. USA patent on tulossa.<\/p>\n<p>22.9.2017 EPO tutkija on todennut\u00a0Solar energy harvester hakemuksen olevan patentoitavissa. Patentti mm. Saksa, Ranska ja Englanti on tulossa.<\/p>\n<p>Syksyll\u00e4 2017 Solixi vesivaraajan patenttihakemukset ovat tutkinnan alla sek\u00e4 USAssa ett\u00e4 Euroopan patenttitoimistossa EPOssa. V\u00e4lip\u00e4\u00e4t\u00f6sten perusteella n\u00e4ytt\u00e4\u00e4 vahvasti silt\u00e4 ett\u00e4 my\u00f6s Solixi vesivaraaja on keksinn\u00f6llinen ja uusi.<\/p>\n<p><strong>Yhteenvetona voi todeta, ett\u00e4 Solixi energiaj\u00e4rjestelm\u00e4ll\u00e4 on joka tapauksessa jo nyt vahva IP-suoja maailmanlaajuisesti.<\/strong><\/p>\n<p>[\/vc_column_text][\/vc_column][\/vc_row][vc_row][vc_column][\/vc_column][\/vc_row]<\/p>\n<\/div>","protected":false},"excerpt":{"rendered":"<p>[vc_row][vc_column][vc_column_text] European Patent Office hyv\u00e4ksyi 8.12.2020 RENEWABLE ENERGY STORING. Kaksi patenttiperhett\u00e4: Iso ja edullinen energiavarasto &amp; vesivaraaja sek\u00e4 tehokas\u00a0Aurinkokeskitin, molemmissa AI ja IoT Innovatiivinen puhtaan energian patenttisalkku on nyt valmis. Edut on testattu\u00a0prototyypeill\u00e4. &nbsp; Huom! Englannin kielinen sivu on ajantasaisempi, kielenvaihto menusta! [\/vc_column_text][vc_column_text][\/vc_column_text][\/vc_column][\/vc_row][vc_row][vc_column width=&#8221;1\/3&#8243;][vc_column_text] Patentit nyt Solixi IPR:\u00a0Espatent (patents) &amp; BocoIP (trademark) Solixi concentrator\u00a0patent no &#8230; <a title=\"Patentit, IPR\" class=\"read-more\" href=\"http:\/\/www.solixi.com\/fi\/patents\/\" aria-label=\"Lue lis\u00e4\u00e4 aiheesta Patentit, IPR\">Lue lis\u00e4\u00e4<\/a><\/p>\n","protected":false},"author":2,"featured_media":2433,"parent":0,"menu_order":0,"comment_status":"closed","ping_status":"closed","template":"","meta":{"footnotes":""},"class_list":["post-1044","page","type-page","status-publish","has-post-thumbnail"],"_links":{"self":[{"href":"http:\/\/www.solixi.com\/fi\/wp-json\/wp\/v2\/pages\/1044","targetHints":{"allow":["GET"]}}],"collection":[{"href":"http:\/\/www.solixi.com\/fi\/wp-json\/wp\/v2\/pages"}],"about":[{"href":"http:\/\/www.solixi.com\/fi\/wp-json\/wp\/v2\/types\/page"}],"author":[{"embeddable":true,"href":"http:\/\/www.solixi.com\/fi\/wp-json\/wp\/v2\/users\/2"}],"replies":[{"embeddable":true,"href":"http:\/\/www.solixi.com\/fi\/wp-json\/wp\/v2\/comments?post=1044"}],"version-history":[{"count":66,"href":"http:\/\/www.solixi.com\/fi\/wp-json\/wp\/v2\/pages\/1044\/revisions"}],"predecessor-version":[{"id":13649,"href":"http:\/\/www.solixi.com\/fi\/wp-json\/wp\/v2\/pages\/1044\/revisions\/13649"}],"wp:featuredmedia":[{"embeddable":true,"href":"http:\/\/www.solixi.com\/fi\/wp-json\/wp\/v2\/media\/2433"}],"wp:attachment":[{"href":"http:\/\/www.solixi.com\/fi\/wp-json\/wp\/v2\/media?parent=1044"}],"curies":[{"name":"wp","href":"https:\/\/api.w.org\/{rel}","templated":true}]}}