{"id":11487,"date":"2019-11-27T11:21:46","date_gmt":"2019-11-27T11:21:46","guid":{"rendered":"http:\/\/www.solixi.com\/?page_id=11487"},"modified":"2020-10-09T07:28:54","modified_gmt":"2020-10-09T07:28:54","slug":"index","status":"publish","type":"page","link":"http:\/\/www.solixi.com\/fi\/index\/","title":{"rendered":"SIS\u00c4LLYSLUETTELO"},"content":{"rendered":"<div class=\"wpb-content-wrapper\"><p>[vc_row][vc_column][vc_column_text]<img loading=\"lazy\" decoding=\"async\" class=\"size-full wp-image-21 aligncenter\" src=\"http:\/\/www.solixi.com\/wp-content\/uploads\/2017\/04\/Solixi-logo.jpg\" alt=\"\" width=\"150\" height=\"79\" \/>[\/vc_column_text][\/vc_column][\/vc_row][vc_row][vc_column width=&#8221;1\/3&#8243;][vc_column_text]<\/p>\n<h4 style=\"text-align: center;\"><strong>LUONNOLLISESTI SOLIXI<\/strong><\/h4>\n<p><strong>Solixi on patentoitu \u00e4lykk\u00e4\u00e4n energian ratkaisu jossa yhdistyv\u00e4t aurinkokeskittimet ja solar trackerit isoon ja monipuoliseen energiavarastoon. Laitteita ohjaa \u00e4lyk\u00e4s ohjausyksikk\u00f6, kontrolleri.<\/strong><\/p>\n<p>Solixin teknologia sopii kaikenlaisiin rakennuksiin, pieniin ja isoihin. Puhtaan kaupungin energiaratkaisu on Solixi. Aurinkoa kohti suunnatut ker\u00e4imet ja tarkka l\u00e4mp\u00f6tilojen ja ajoituksen hallinta tuo merkitt\u00e4vi\u00e4 s\u00e4\u00e4st\u00f6j\u00e4 ja p\u00e4\u00e4st\u00f6v\u00e4hennyksi\u00e4. Solixi nostaa jo asennetun laitekannan hy\u00f6tysuhdetta ja parantaa energiaturvallisuutta.[\/vc_column_text][\/vc_column][vc_column width=&#8221;1\/3&#8243;][vc_column_text]<img loading=\"lazy\" decoding=\"async\" class=\"size-thumbnail wp-image-934 aligncenter\" src=\"http:\/\/www.solixi.com\/wp-content\/uploads\/2017\/04\/Solixisystem-300x300.png\" alt=\"\" width=\"300\" height=\"300\" srcset=\"http:\/\/www.solixi.com\/wp-content\/uploads\/2017\/04\/Solixisystem-300x300.png 300w, http:\/\/www.solixi.com\/wp-content\/uploads\/2017\/04\/Solixisystem-768x768.png 768w, http:\/\/www.solixi.com\/wp-content\/uploads\/2017\/04\/Solixisystem.png 792w\" sizes=\"auto, (max-width: 300px) 100vw, 300px\" \/>[\/vc_column_text][\/vc_column][vc_column width=&#8221;1\/3&#8243;][vc_column_text 0=&#8221;&#8221;]<\/p>\n<h4 style=\"text-align: center;\"><strong>KANNATTAVUUTTA EDULLISESTI<\/strong><\/h4>\n<p><strong>Solixi tuotteet ovat plug &amp; play yhteensopivia ja skaalautuvia, ne voidaan liitt\u00e4\u00e4 helposti olemassa olevaan l\u00e4mmitysj\u00e4rjestelm\u00e4\u00e4n. Solixi on kannattava niin yksitt\u00e4isen\u00e4 tuotteena kuin kokonaisj\u00e4rjestelm\u00e4n\u00e4kin.<\/strong><\/p>\n<p>\u00c4lykk\u00e4\u00e4sti energiaa tuottavat, hy\u00f6dynt\u00e4v\u00e4t ja siirt\u00e4v\u00e4t tuotteet ovat turvallisia ja tehokkaita. L\u00e4mm\u00f6n ja kylm\u00e4n varastoinnin suuri kapasiteetti ja teho ovat k\u00e4ytett\u00e4viss\u00e4 aina tarvittaessa. Solixi mahdollistaa jopa viikkojen verkkoenergiasta riippumattoman omavaraisuuden. Solixi on pilvess\u00e4, katolla ja rakennuksen vieress\u00e4. Solixi v\u00e4hent\u00e4\u00e4 l\u00e4mp\u00f6h\u00e4vi\u00f6it\u00e4, ostoenergian tarvetta sek\u00e4 siirto- ja tehomaksuja.[\/vc_column_text][\/vc_column][\/vc_row][vc_row][vc_column width=&#8221;1\/3&#8243;][vc_column_text]<\/p>\n<h4><b><img loading=\"lazy\" decoding=\"async\" class=\"size-full wp-image-309 aligncenter\" src=\"http:\/\/www.solixi.com\/wp-content\/uploads\/2017\/06\/Sy1_SolixiBoiler.png\" alt=\"\" width=\"100\" height=\"100\" \/><\/b><b><\/b><\/h4>\n<h4 style=\"text-align: center;\"><b>MULLISTAVAN ISO ENERGIAVARASTO<\/b><\/h4>\n<p>Solixi vesivaraajat ja tankit varastoivat samanaikaisesti kuumaa ja kylm\u00e4\u00e4 vett\u00e4 tuoden jopa 300-kertaisen parannuksen kiinteist\u00f6n vesivaraajien kapasiteettiin. L\u00e4mmitys, l\u00e4mmin vesi, viilennys, joustavuus, energiatehokkuus sek\u00e4 kannattavuus nousevat aivan uudelle tasolle.\u00a0T\u00e4ss\u00e4 on se energiavarasto jonka tuuli- ja aurinkovoimalat vaativat!<br \/>\n<a href=\"http:\/\/www.solixi.com\/water-boilers\/\"><b><img loading=\"lazy\" decoding=\"async\" class=\"aligncenter wp-image-6522\" src=\"http:\/\/www.solixi.com\/wp-content\/uploads\/2017\/07\/Symbol_Click.png\" alt=\"\" width=\"50\" height=\"25\" \/><\/b><\/a>[\/vc_column_text][\/vc_column][vc_column width=&#8221;1\/3&#8243;][vc_column_text]<\/p>\n<h4><b><img loading=\"lazy\" decoding=\"async\" class=\"size-full wp-image-307 aligncenter\" src=\"http:\/\/www.solixi.com\/wp-content\/uploads\/2017\/06\/Sy1_Concentrator.png\" alt=\"\" width=\"100\" height=\"100\" \/><\/b><\/h4>\n<h4 style=\"text-align: center;\"><b>AURINGOSTA KUUMAA AAMUSTA ILTAAN<\/b><\/h4>\n<p>Solixi aurinkokeskitin tuottaa kuumaa vett\u00e4, se suuntaa ker\u00e4imet ja s\u00e4teily\u00e4 keskitt\u00e4v\u00e4t peilit kohti aurinkoa ja parantaa tuottoa jopa 760%. Kevyt ja tukeva kehikko mahdollistaa laajatkin kattoasennukset. Energiaa joka p\u00e4iv\u00e4 kun auringon voi n\u00e4hd\u00e4, vuoden ymp\u00e4ri.<a href=\"http:\/\/www.solixi.com\/solar-energy\/\"><span class=\"Apple-converted-space\"><b><img loading=\"lazy\" decoding=\"async\" class=\"aligncenter wp-image-6522\" src=\"http:\/\/www.solixi.com\/wp-content\/uploads\/2017\/07\/Symbol_Click.png\" alt=\"\" width=\"50\" height=\"25\" \/><\/b><\/span><\/a><\/p>\n<p>[\/vc_column_text][\/vc_column][vc_column width=&#8221;1\/3&#8243;][vc_column_text 0=&#8221;&#8221;]<\/p>\n<h4><b><img loading=\"lazy\" decoding=\"async\" class=\"size-full wp-image-6524 aligncenter\" src=\"http:\/\/www.solixi.com\/wp-content\/uploads\/2017\/07\/Symbol1_IoT.png\" alt=\"\" width=\"100\" height=\"100\" \/><\/b><\/h4>\n<h4 style=\"text-align: center;\"><b>SOLIXILLA ON ENERGIA HALLINNASSA<\/b><\/h4>\n<p>Solixi aurinkokeskitin, solar tracker ja iso vesivaraaja toimivat IoT&amp;AI kontrollerin ohjaamina.\u00a0Se suuntaa peilit ja optimoi valtavan vesivaraajaan lataus- ja purkuajat. Ohjausyksikk\u00f6 toimii itsen\u00e4isesti, se osaa ajastuksen ja s\u00e4\u00e4d\u00f6t eri vuodenajoille, mutta \u00e4ly ja s\u00e4\u00e4d\u00f6t ovat Solixi Care pilvipalvelussa.<br \/>\n<a href=\"http:\/\/www.solixi.com\/iot-controller-timing-temperatures\/\"><span class=\"Apple-converted-space\"><b><img loading=\"lazy\" decoding=\"async\" class=\"aligncenter wp-image-6522\" src=\"http:\/\/www.solixi.com\/wp-content\/uploads\/2017\/07\/Symbol_Click.png\" alt=\"\" width=\"50\" height=\"25\" \/><\/b><\/span><\/a>[\/vc_column_text][\/vc_column][\/vc_row][vc_row][vc_column width=&#8221;1\/3&#8243;][vc_column_text]<\/p>\n<h4><b><img loading=\"lazy\" decoding=\"async\" class=\"size-full wp-image-6521 aligncenter\" src=\"http:\/\/www.solixi.com\/wp-content\/uploads\/2017\/07\/Sy1_PV.png\" alt=\"\" width=\"100\" height=\"100\" \/><\/b><b><\/b><\/h4>\n<h4 style=\"text-align: center;\"><strong>AURINKOA SEURAAVA PV PANEELI KEHIKKO<\/strong><\/h4>\n<p>Solixi PV solar tracker kehikossa aurinkopaneelit tuottavat s\u00e4hk\u00f6\u00e4 aamusta iltaa t\u00e4ydell\u00e4 teholla. Se on kevyt ja tukeva ja siihen sopivat yleisimm\u00e4t aurinkopaneelit. Nosta paneelit yl\u00f6s katon lappeelta ja suuntaa ne kohti aurinkoa!\u00a0<a href=\"http:\/\/www.solixi.com\/solixic4pv-solar-tracker\/\"><b><img loading=\"lazy\" decoding=\"async\" class=\"aligncenter wp-image-6522\" src=\"http:\/\/www.solixi.com\/wp-content\/uploads\/2017\/07\/Symbol_Click.png\" alt=\"\" width=\"50\" height=\"25\" \/><\/b><\/a><\/p>\n<h4><b>\u00a0<\/b><\/h4>\n<p>[\/vc_column_text][\/vc_column][vc_column width=&#8221;1\/3&#8243;][vc_column_text]<\/p>\n<h4><b><img loading=\"lazy\" decoding=\"async\" class=\"size-full wp-image-296 aligncenter\" src=\"http:\/\/www.solixi.com\/wp-content\/uploads\/2017\/04\/Sy1_heatpump-1.png\" alt=\"\" width=\"100\" height=\"100\" \/><\/b><\/h4>\n<h4 style=\"text-align: center;\"><strong>L\u00c4MP\u00d6PUMPPUJEN ENERGIATEHOKKUUS PARANEE<\/strong><\/h4>\n<p>Liit\u00e4 Solixi vesikiertoiseen l\u00e4mp\u00f6pumppuun niin Solixi parantaa sen hy\u00f6tysuhdetta (COP). L\u00e4mp\u00f6pumppu toimii paremmin hy\u00f6dynt\u00e4ess\u00e4\u00e4n vesivaraajan isoa vesitilavuutta, optimoituja l\u00e4mp\u00f6tiloja ja pitki\u00e4 tasaisia k\u00e4yntiaikoja. Solixi huomioi s\u00e4\u00e4n ja s\u00e4hk\u00f6n hinnan, se optimoi kausivarastojen ja maal\u00e4mm\u00f6n latauksen ja purkamisen.<\/p>\n<p><a href=\"http:\/\/www.solixi.com\/heat_pumps\/\"><b><img loading=\"lazy\" decoding=\"async\" class=\"aligncenter wp-image-6522\" src=\"http:\/\/www.solixi.com\/wp-content\/uploads\/2017\/07\/Symbol_Click.png\" alt=\"\" width=\"50\" height=\"25\" \/><\/b><\/a>[\/vc_column_text][\/vc_column][vc_column width=&#8221;1\/3&#8243;][vc_column_text 0=&#8221;&#8221;]<\/p>\n<h4><b><img loading=\"lazy\" decoding=\"async\" class=\"alignnone size-full wp-image-284 aligncenter\" src=\"http:\/\/www.solixi.com\/wp-content\/uploads\/2017\/04\/Sy1_burner.png\" alt=\"\" width=\"100\" height=\"100\" \/><\/b><\/h4>\n<h4 style=\"text-align: center;\"><strong>POLTA V\u00c4HEMM\u00c4N, TAI LOPETA KOKONAAN<\/strong><\/h4>\n<p>\u00d6ljy, hiili, kaasu, kaukol\u00e4mp\u00f6 ja biopolttoaineet ovat kalliita ja ne saastuttavat. Minimoi poltto Solixilla. Kun muuta energiaa ei ole saatavilla Solixi kontrolleri laittaa polttimen p\u00e4\u00e4ll\u00e4 ja lataa osaa isosta vesivaraajasta tarpeen mukaan ja sopivaan l\u00e4mp\u00f6tilaan.[\/vc_column_text][\/vc_column][\/vc_row][vc_row][vc_column width=&#8221;1\/3&#8243;][vc_column_text]<\/p>\n<h4><b><img loading=\"lazy\" decoding=\"async\" class=\"alignnone size-full wp-image-308 aligncenter\" src=\"http:\/\/www.solixi.com\/wp-content\/uploads\/2017\/06\/Sy1_Cooling.png\" alt=\"\" width=\"100\" height=\"100\" \/><\/b><\/h4>\n<h4 style=\"text-align: center;\"><b>J\u00c4\u00c4HDYTYS ON SOLIXILLA L\u00c4HES ILMAISTA<\/b><\/h4>\n<p>Solixin isoon vesivaraajaan voidaan varastoida valtavat m\u00e4\u00e4r\u00e4t kylm\u00e4\u00e4 vett\u00e4 joka tuotetaan hyv\u00e4ll\u00e4 hy\u00f6tysuhteella oikeaan aikaan, vaikkapa viile\u00e4n\u00e4 y\u00f6n\u00e4. Erinomainen hy\u00f6tysuhde ja edullista ilmastointia keskip\u00e4iv\u00e4n kuumille tunneille.<br \/>\n<a href=\"http:\/\/www.solixi.com\/heat_pumps\/cooling-and-heat-recovery\/\"><b><img loading=\"lazy\" decoding=\"async\" class=\"aligncenter wp-image-6522\" src=\"http:\/\/www.solixi.com\/wp-content\/uploads\/2017\/07\/Symbol_Click.png\" alt=\"\" width=\"50\" height=\"25\" \/><\/b><\/a><\/p>\n<p>[\/vc_column_text][\/vc_column][vc_column width=&#8221;1\/3&#8243;][vc_column_text]<\/p>\n<h4><strong><img loading=\"lazy\" decoding=\"async\" class=\"alignnone size-full wp-image-286 aligncenter\" src=\"http:\/\/www.solixi.com\/wp-content\/uploads\/2017\/04\/Sy1_ElectFluct.png\" alt=\"\" width=\"100\" height=\"100\" \/><\/strong><\/h4>\n<h4 style=\"text-align: center;\"><strong>OSTA VAIN HALVALLA<\/strong><\/h4>\n<p>Toisinaan tuuli- ja aurinkos\u00e4hk\u00f6\u00e4 tuotetaan liikaa. S\u00e4hk\u00f6n hinta romahtaa. S\u00e4hk\u00f6vastuksilla voidaan t\u00e4ll\u00f6in l\u00e4mmitt\u00e4\u00e4 isot vesimassat jopa 120\u00b0C kuumaksi hyvin edullisesti. Varastoitu kuuma k\u00e4ytet\u00e4\u00e4n tyynell\u00e4 kun aurinko ei paista, kun on kylm\u00e4\u00e4 ja s\u00e4hk\u00f6 kallista.<a href=\"https:\/\/www.nordpoolgroup.com\"><b><img loading=\"lazy\" decoding=\"async\" class=\"aligncenter wp-image-6522\" src=\"http:\/\/www.solixi.com\/wp-content\/uploads\/2017\/07\/Symbol_Click.png\" alt=\"\" width=\"50\" height=\"25\" \/><\/b><\/a>[\/vc_column_text][\/vc_column][vc_column width=&#8221;1\/3&#8243;][vc_column_text 0=&#8221;&#8221;]<\/p>\n<h4><strong><img loading=\"lazy\" decoding=\"async\" class=\"alignnone size-full wp-image-657 aligncenter\" src=\"http:\/\/www.solixi.com\/wp-content\/uploads\/2017\/06\/Sy1_HeatRecovery.png\" alt=\"\" width=\"100\" height=\"100\" \/><\/strong><\/h4>\n<h4 style=\"text-align: center;\">L\u00c4MM\u00d6N TALTEENOTTO EDULLISESTI<\/h4>\n<p>Vesivaraajan isot tankit varastoivat samanaikaisesti sek\u00e4 kylm\u00e4\u00e4 ett\u00e4 kuumaa mik\u00e4 mahdollistaa tehokkaan l\u00e4mp\u00f6jen kierr\u00e4tyksen. L\u00e4mm\u00f6n talteenotto v\u00e4hent\u00e4\u00e4 huomattavasti ostoenergian tarvetta ja \u00a0kustannuksia, energiaa kierr\u00e4tet\u00e4\u00e4n sen ostamisen sijaan.<\/p>\n<p><a href=\"http:\/\/www.solixi.com\/heat_pumps\/cooling-and-heat-recovery\/\"><img loading=\"lazy\" decoding=\"async\" class=\"wp-image-6522 aligncenter\" src=\"http:\/\/www.solixi.com\/wp-content\/uploads\/2017\/07\/Symbol_Click.png\" alt=\"\" width=\"50\" height=\"25\" \/><\/a><\/p>\n<p><b><\/b>[\/vc_column_text][\/vc_column][\/vc_row][vc_row][vc_column width=&#8221;1\/3&#8243;][vc_column_text]<\/p>\n<h4><b><img loading=\"lazy\" decoding=\"async\" class=\"alignnone wp-image-2189 aligncenter\" src=\"http:\/\/www.solixi.com\/wp-content\/uploads\/2017\/07\/NoEmissions-300x300.png\" alt=\"\" width=\"100\" height=\"100\" srcset=\"http:\/\/www.solixi.com\/wp-content\/uploads\/2017\/07\/NoEmissions-300x300.png 300w, http:\/\/www.solixi.com\/wp-content\/uploads\/2017\/07\/NoEmissions.png 424w\" sizes=\"auto, (max-width: 100px) 100vw, 100px\" \/><\/b><\/h4>\n<h4 style=\"text-align: center;\"><b>SOLIXI PUHDISTAA VAIKKA KOKO KAUPUNGIN<\/b><\/h4>\n<p>Solixi yhdess\u00e4 puhtaan verkkos\u00e4hk\u00f6n kanssa mahdollistaa p\u00e4\u00e4st\u00f6jen rajun v\u00e4hent\u00e4misen, kannattavasti. Samalla parannetaan asumismukavuutta ja turvataan energian saanti. Pois vanhat rumat energialaitokset, lis\u00e4\u00e4 viihtyisyytt\u00e4. Katso milt\u00e4 kaupunki ja numerot n\u00e4ytt\u00e4v\u00e4t Solixin kanssa ja ilman:<br \/>\n<a href=\"https:\/\/youtu.be\/BfN3zZXz7U4\"><b><img loading=\"lazy\" decoding=\"async\" class=\"wp-image-6522 aligncenter\" src=\"http:\/\/www.solixi.com\/wp-content\/uploads\/2017\/07\/Symbol_Click.png\" alt=\"\" width=\"50\" height=\"25\" \/><\/b><\/a>[\/vc_column_text][\/vc_column][vc_column width=&#8221;1\/3&#8243;][vc_column_text]<\/p>\n<h4><strong><img loading=\"lazy\" decoding=\"async\" class=\"alignnone size-full wp-image-653 aligncenter\" src=\"http:\/\/www.solixi.com\/wp-content\/uploads\/2017\/06\/Sy1_SolixiCoolingSavings.png\" alt=\"\" width=\"100\" height=\"100\" \/><\/strong><\/h4>\n<h4 style=\"text-align: center;\"><strong>ENERGIA PALVELUNA<\/strong><\/h4>\n<p>Energia palveluna ja Solixi on win-win; taatut s\u00e4\u00e4st\u00f6t ja voitto. Maksa s\u00e4\u00e4stetyll\u00e4 rahalla. Solixi perustuu tunnettuun ja testattuun tekniikkaan, Solixi on s\u00e4ili\u00f6kontteja, vesipumppuja, l\u00e4mm\u00f6nvaihtimia, aurinkopeilej\u00e4 ja -paneeleja. Prototyyppej\u00e4 jo vuodesta 2013. Leasing tunnetulta Solixi partnerilta ja voit unohtaa energiahuolet.<b><a href=\"http:\/\/www.solixi.com\/ecosystem\/\"><img loading=\"lazy\" decoding=\"async\" class=\"wp-image-6522 aligncenter\" src=\"http:\/\/www.solixi.com\/wp-content\/uploads\/2017\/07\/Symbol_Click.png\" alt=\"\" width=\"50\" height=\"25\" \/><\/a><br \/>\n<\/b>[\/vc_column_text][\/vc_column][vc_column width=&#8221;1\/3&#8243;][vc_column_text 0=&#8221;&#8221;]<\/p>\n<h4><strong><img loading=\"lazy\" decoding=\"async\" class=\"alignnone size-full wp-image-6568 aligncenter\" src=\"http:\/\/www.solixi.com\/wp-content\/uploads\/2017\/07\/Symbol-IPR.png\" alt=\"\" width=\"100\" height=\"100\" \/><\/strong><\/h4>\n<h4 style=\"text-align: center;\"><strong>PATENTOITUA TEKNOLOGIAA<\/strong><\/h4>\n<p>Patenttisalkku (EPO, USPTO) sis\u00e4lt\u00e4\u00e4 patenttiperheen joka suojaa tehokasta aurinkoenergian ker\u00e4\u00e4mist\u00e4 sek\u00e4 toisen patenttiperheen jolla suojataan kuntannustehokasta energian varastointia ja siirtoa k\u00e4yt\u00e4nn\u00f6ss\u00e4 kaikkiin rakennuksiin.<br \/>\nSolixi \u00ae on rekister\u00f6ity tavaramerkki (EU, US, China, Japan, S-Korea)<\/p>\n<p><a href=\"http:\/\/www.solixi.com\/patents\/\"><b><img loading=\"lazy\" decoding=\"async\" class=\"aligncenter wp-image-6522\" src=\"http:\/\/www.solixi.com\/wp-content\/uploads\/2017\/07\/Symbol_Click.png\" alt=\"\" width=\"50\" height=\"25\" \/><\/b><\/a>[\/vc_column_text][\/vc_column][\/vc_row][vc_row][vc_column width=&#8221;1\/3&#8243;][vc_column_text]<\/p>\n<h4><b><img loading=\"lazy\" decoding=\"async\" class=\"alignnone size-full wp-image-6571 aligncenter\" src=\"http:\/\/www.solixi.com\/wp-content\/uploads\/2017\/07\/Symbol_calcu.png\" alt=\"\" width=\"100\" height=\"100\" \/><\/b><\/h4>\n<h4 style=\"text-align: center;\"><b>NETTILASKURI<\/b><\/h4>\n<p>on Solixin j\u00e4lleenmyyjien ja suunnittelijoiden ty\u00f6kalu. Sill\u00e4 selvitt\u00e4\u00e4 nopeasti parhaan yhdistelm\u00e4n energiaremontin pohjaksi, optimit mitoitukselle ja tehoille. \u00c4lykk\u00e4\u00e4t algoritmit laskevat rakennuksen kulutusk\u00e4yr\u00e4t ja ostot energialaskun ja sijainnin tietojen perusteella online.<br \/>\n<a href=\"http:\/\/www.solixi.com\/calculator-users-guide\/\"><b><img loading=\"lazy\" decoding=\"async\" class=\"wp-image-6522 aligncenter\" src=\"http:\/\/www.solixi.com\/wp-content\/uploads\/2017\/07\/Symbol_Click.png\" alt=\"\" width=\"50\" height=\"25\" \/><\/b><\/a>[\/vc_column_text][\/vc_column][vc_column width=&#8221;1\/3&#8243;][vc_column_text]<\/p>\n<h4><strong><img loading=\"lazy\" decoding=\"async\" class=\"alignnone size-full wp-image-6573 aligncenter\" src=\"http:\/\/www.solixi.com\/wp-content\/uploads\/2017\/07\/Symbol_right.png\" alt=\"\" width=\"100\" height=\"100\" \/><\/strong><\/h4>\n<h4 style=\"text-align: center;\"><strong>VISIO JA ARVOT<\/strong><\/h4>\n<p>Pariisin ilmastosopimuksen noudattaminen edellytt\u00e4\u00e4 hiilidioksidip\u00e4\u00e4st\u00f6jen lopettamista l\u00e4hes kokonaan muutamassa vuosikymmeness\u00e4. Polttoon investointi on riski, samoin mik\u00e4 tahansa k\u00e4yt\u00f6ss\u00e4 oleva poltin jolla tehd\u00e4\u00e4n energiaa.<br \/>\n30%, 50% tai edes 80% p\u00e4\u00e4st\u00f6v\u00e4hennykset eiv\u00e4t riit\u00e4 kun asumisen p\u00e4\u00e4st\u00f6t on lopetettava 100%. Kun energiaremontti tehd\u00e4\u00e4n vuosikymmeniksi,\u00a0Solixi on oikea valinta.<\/p>\n<p><a href=\"http:\/\/www.solixi.com\/emission-free-energy\/\"><b><img loading=\"lazy\" decoding=\"async\" class=\"aligncenter wp-image-6522\" src=\"http:\/\/www.solixi.com\/wp-content\/uploads\/2017\/07\/Symbol_Click.png\" alt=\"\" width=\"50\" height=\"25\" \/><\/b><\/a>[\/vc_column_text][\/vc_column][vc_column width=&#8221;1\/3&#8243;][vc_column_text 0=&#8221;&#8221;]<\/p>\n<h4><strong><img loading=\"lazy\" decoding=\"async\" class=\"alignnone size-full wp-image-6574 aligncenter\" src=\"http:\/\/www.solixi.com\/wp-content\/uploads\/2017\/07\/Symbol_rocket.png\" alt=\"\" width=\"100\" height=\"100\" \/><\/strong><\/h4>\n<h4 style=\"text-align: center;\"><strong>PIAN SAATAVILLA<\/strong><\/h4>\n<p>Solixi viimeistelee tuotekehityst\u00e4 ja logistiikkaa. Pian olemme valmiita lanseeraamaan tuotteita markkinoille. Solixin tuotteet tulevat alihankkijoilta ja ne myyd\u00e4\u00e4n j\u00e4lleenmyyjien toimesta.<br \/>\nKannustamme yrityksi\u00e4, organisaatioita ja kaupunkeja liittym\u00e4\u00e4n ekosysteemiin ja tilaamaan ennakkoon Solixin tuotteita.<br \/>\nSolixi hakee nyt rahoitusta kiihdytt\u00e4m\u00e4\u00e4n markkinoille tuloa, my\u00f6s lisenssej\u00e4 on myynniss\u00e4:<b><a href=\"http:\/\/www.solixi.com\/ecosystem\/\"><img loading=\"lazy\" decoding=\"async\" class=\"wp-image-6522 aligncenter\" src=\"http:\/\/www.solixi.com\/wp-content\/uploads\/2017\/07\/Symbol_Click.png\" alt=\"\" width=\"50\" height=\"25\" \/><\/a><br \/>\n<\/b>[\/vc_column_text][\/vc_column][\/vc_row][vc_row][vc_column width=&#8221;1\/3&#8243;][vc_column_text]<\/p>\n<h4 style=\"text-align: center;\"><span style=\"color: #ff0000;\">NEWS\u00a0<\/span><br \/>\nROOFTOP CONTROLLER TEST<\/h4>\n<p><img loading=\"lazy\" decoding=\"async\" class=\"aligncenter wp-image-6727 size-thumbnail\" src=\"http:\/\/www.solixi.com\/wp-content\/uploads\/2017\/07\/Control112018-300x300.jpg\" alt=\"\" width=\"300\" height=\"300\" \/>Winter test to proof actuator functions, mirror and PV panel orientation on the rooftop.<br \/>\n<a href=\"http:\/\/www.solixi.com\/test-environment\/\"><b><img loading=\"lazy\" decoding=\"async\" class=\"aligncenter wp-image-6522\" src=\"http:\/\/www.solixi.com\/wp-content\/uploads\/2017\/07\/Symbol_Click.png\" alt=\"\" width=\"50\" height=\"25\" \/><\/b><\/a>[\/vc_column_text][\/vc_column][vc_column width=&#8221;1\/3&#8243;][vc_column_text]<\/p>\n<h4 style=\"text-align: center;\"><span style=\"color: #ff0000;\">NEWS<\/span><\/h4>\n<h4 style=\"text-align: center;\">HEATING SYSTEM TEST<\/h4>\n<p><a href=\"http:\/\/www.solixi.com\/solar-energy\/\"><span class=\"Apple-converted-space\"><b><img loading=\"lazy\" decoding=\"async\" class=\"wp-image-6592 size-medium aligncenter\" src=\"http:\/\/www.solixi.com\/wp-content\/uploads\/2018\/02\/haukira112018-300x180.jpg\" alt=\"\" width=\"300\" height=\"180\" srcset=\"http:\/\/www.solixi.com\/wp-content\/uploads\/2018\/02\/haukira112018-300x180.jpg 300w, http:\/\/www.solixi.com\/wp-content\/uploads\/2018\/02\/haukira112018-768x460.jpg 768w, http:\/\/www.solixi.com\/wp-content\/uploads\/2018\/02\/haukira112018.jpg 900w\" sizes=\"auto, (max-width: 300px) 100vw, 300px\" \/><\/b><\/span><\/a>Solixi controller, nine pumps, four heat exchangers, 16 temperature sensors and three powerful heat pumps.<span class=\"Apple-converted-space\"><a href=\"http:\/\/www.solixi.com\/haukirattari\/\"><img loading=\"lazy\" decoding=\"async\" class=\"wp-image-6522 aligncenter\" src=\"http:\/\/www.solixi.com\/wp-content\/uploads\/2017\/07\/Symbol_Click.png\" alt=\"\" width=\"50\" height=\"25\" \/><\/a><\/span>[\/vc_column_text][\/vc_column][vc_column width=&#8221;1\/3&#8243;][vc_column_text 0=&#8221;&#8221;]<\/p>\n<h4 style=\"text-align: center;\"><span style=\"color: #ff0000;\">NEWS<\/span><br \/>\nSOLIXI IN CHINA<\/h4>\n<p><img loading=\"lazy\" decoding=\"async\" class=\"wp-image-4777 size-medium aligncenter\" src=\"http:\/\/www.solixi.com\/wp-content\/uploads\/2017\/04\/JyriCH2Pitch-300x139.jpg\" alt=\"\" width=\"300\" height=\"139\" srcset=\"http:\/\/www.solixi.com\/wp-content\/uploads\/2017\/04\/JyriCH2Pitch-300x139.jpg 300w, http:\/\/www.solixi.com\/wp-content\/uploads\/2017\/04\/JyriCH2Pitch.jpg 500w\" sizes=\"auto, (max-width: 300px) 100vw, 300px\" \/> <img loading=\"lazy\" decoding=\"async\" class=\"alignnone size-thumbnail wp-image-4650 aligncenter\" src=\"http:\/\/www.solixi.com\/wp-content\/uploads\/2018\/08\/IMG_7965-300x224.jpg\" alt=\"\" width=\"300\" height=\"224\" \/> <a href=\"http:\/\/www.solixi.com\/tipark2018\/\"><span class=\"Apple-converted-space\"><b><img loading=\"lazy\" decoding=\"async\" class=\"wp-image-6522 aligncenter\" src=\"http:\/\/www.solixi.com\/wp-content\/uploads\/2017\/07\/Symbol_Click.png\" alt=\"\" width=\"50\" height=\"25\" \/><\/b><\/span><\/a><b><\/b>[\/vc_column_text][\/vc_column][\/vc_row]<\/p>\n<\/div>","protected":false},"excerpt":{"rendered":"<p>[vc_row][vc_column][vc_column_text][\/vc_column_text][\/vc_column][\/vc_row][vc_row][vc_column width=&#8221;1\/3&#8243;][vc_column_text] LUONNOLLISESTI SOLIXI Solixi on patentoitu \u00e4lykk\u00e4\u00e4n energian ratkaisu jossa yhdistyv\u00e4t aurinkokeskittimet ja solar trackerit isoon ja monipuoliseen energiavarastoon. Laitteita ohjaa \u00e4lyk\u00e4s ohjausyksikk\u00f6, kontrolleri. Solixin teknologia sopii kaikenlaisiin rakennuksiin, pieniin ja isoihin. Puhtaan kaupungin energiaratkaisu on Solixi. Aurinkoa kohti suunnatut ker\u00e4imet ja tarkka l\u00e4mp\u00f6tilojen ja ajoituksen hallinta tuo merkitt\u00e4vi\u00e4 s\u00e4\u00e4st\u00f6j\u00e4 ja p\u00e4\u00e4st\u00f6v\u00e4hennyksi\u00e4. Solixi nostaa &#8230; <a title=\"SIS\u00c4LLYSLUETTELO\" class=\"read-more\" href=\"http:\/\/www.solixi.com\/fi\/index\/\" aria-label=\"Lue lis\u00e4\u00e4 aiheesta SIS\u00c4LLYSLUETTELO\">Lue lis\u00e4\u00e4<\/a><\/p>\n","protected":false},"author":2,"featured_media":2435,"parent":0,"menu_order":0,"comment_status":"closed","ping_status":"closed","template":"","meta":{"footnotes":""},"class_list":["post-11487","page","type-page","status-publish","has-post-thumbnail"],"_links":{"self":[{"href":"http:\/\/www.solixi.com\/fi\/wp-json\/wp\/v2\/pages\/11487","targetHints":{"allow":["GET"]}}],"collection":[{"href":"http:\/\/www.solixi.com\/fi\/wp-json\/wp\/v2\/pages"}],"about":[{"href":"http:\/\/www.solixi.com\/fi\/wp-json\/wp\/v2\/types\/page"}],"author":[{"embeddable":true,"href":"http:\/\/www.solixi.com\/fi\/wp-json\/wp\/v2\/users\/2"}],"replies":[{"embeddable":true,"href":"http:\/\/www.solixi.com\/fi\/wp-json\/wp\/v2\/comments?post=11487"}],"version-history":[{"count":5,"href":"http:\/\/www.solixi.com\/fi\/wp-json\/wp\/v2\/pages\/11487\/revisions"}],"predecessor-version":[{"id":13537,"href":"http:\/\/www.solixi.com\/fi\/wp-json\/wp\/v2\/pages\/11487\/revisions\/13537"}],"wp:featuredmedia":[{"embeddable":true,"href":"http:\/\/www.solixi.com\/fi\/wp-json\/wp\/v2\/media\/2435"}],"wp:attachment":[{"href":"http:\/\/www.solixi.com\/fi\/wp-json\/wp\/v2\/media?parent=11487"}],"curies":[{"name":"wp","href":"https:\/\/api.w.org\/{rel}","templated":true}]}}