{"id":2614,"date":"2017-08-17T11:44:35","date_gmt":"2017-08-17T11:44:35","guid":{"rendered":"http:\/\/77.240.19.26\/~solixi\/?page_id=2614"},"modified":"2021-11-16T15:43:43","modified_gmt":"2021-11-16T15:43:43","slug":"6mwh-water-boiler","status":"publish","type":"page","link":"http:\/\/www.solixi.com\/fi\/6mwh-water-boiler\/","title":{"rendered":"Solixi 6 MWh ja 15 MWh vesivaraaja"},"content":{"rendered":"<div class=\"wpb-content-wrapper\"><p>[vc_row 0=&#8221;&#8221;][vc_column width=&#8221;1\/3&#8243;][vc_column_text 0=&#8221;&#8221;]<\/p>\n<h2><strong><img loading=\"lazy\" decoding=\"async\" class=\"alignnone size-medium wp-image-2275\" src=\"http:\/\/www.solixi.com\/wp-content\/uploads\/2017\/08\/6MWh-298x300.png\" alt=\"\" width=\"298\" height=\"300\" srcset=\"http:\/\/www.solixi.com\/wp-content\/uploads\/2017\/08\/6MWh-298x300.png 298w, http:\/\/www.solixi.com\/wp-content\/uploads\/2017\/08\/6MWh.png 506w\" sizes=\"auto, (max-width: 298px) 100vw, 298px\" \/><br \/>\n<\/strong><strong>Solixi 6 MWh vesivaraaja<\/strong><\/h2>\n<ul>\n<li>60 m\u00b3\u00a0vesitilavuus<\/li>\n<li>60-180 asuntoa, 100-500 asukasta<\/li>\n<\/ul>\n<p><strong>Sis\u00e4lt\u00e4\u00e4<\/strong><\/p>\n<ul>\n<li>24 liit\u00e4nt\u00e4putkea Solixi jakotukeille<\/li>\n<li>Asennuslevyn Solixi-osille<\/li>\n<li>Kehikko; seisoo tukevasti, helppo kiinnitt\u00e4\u00e4 sein\u00e4t ja katto<\/li>\n<li>3 s\u00e4ili\u00f6konttia:\u00a0leveys 2,5m, pituus 6,1m, korkeus 7,8m<\/li>\n<li>3 bar paineenkesto, maksimil\u00e4mp\u00f6tila 125\u00b0C.<\/li>\n<\/ul>\n<h4>Suositushinta 43500 \u20ac, VAT 0%<\/h4>\n<p>43500\u20ac \/ 6000 kWh = <strong>7 \u20ac\/kWh<br \/>\n<\/strong><a href=\"http:\/\/www.solixi.com\/payback-time\/\">Perinteinen varaaja varastoi noin hinnalla 100 \u20ac\/kWh.<\/a><\/p>\n<p>&nbsp;<\/p>\n<p><img loading=\"lazy\" decoding=\"async\" class=\"circleimage alignnone wp-image-2275 size-thumbnail\" src=\"http:\/\/77.240.19.26\/~solixi\/wp-content\/uploads\/2017\/08\/6MWh-300x300.png\" alt=\"\" width=\"300\" height=\"300\" \/><\/p>\n<p>Laajennettavissa helposti, 7 x 15MWh (21 tankkia)<br \/>\n= <strong>105 MWh kapasiteetti<\/strong><\/p>\n<p><a href=\"http:\/\/77.240.19.26\/~solixi\/four-water-boilers\/\">\u00a0<\/a>[\/vc_column_text][\/vc_column][vc_column width=&#8221;1\/3&#8243;][vc_column_text 0=&#8221;&#8221;]<\/p>\n<h2><strong><img loading=\"lazy\" decoding=\"async\" class=\"alignnone size-medium wp-image-2278\" src=\"http:\/\/www.solixi.com\/wp-content\/uploads\/2017\/08\/15MWh-300x300.png\" alt=\"\" width=\"300\" height=\"300\" srcset=\"http:\/\/www.solixi.com\/wp-content\/uploads\/2017\/08\/15MWh-300x300.png 300w, http:\/\/www.solixi.com\/wp-content\/uploads\/2017\/08\/15MWh.png 499w\" sizes=\"auto, (max-width: 300px) 100vw, 300px\" \/><br \/>\n<\/strong><strong>Solixi 15 MWh vesivaraaja<\/strong><\/h2>\n<ul>\n<li>150 m\u00b3\u00a0vesitilavuus<\/li>\n<li>150-500 asuntoa, 500-1500 asukasta<\/li>\n<\/ul>\n<p><strong>Sis\u00e4lt\u00e4\u00e4<\/strong><\/p>\n<ul>\n<li>24 liit\u00e4nt\u00e4putkea Solixi jakotukeille<\/li>\n<li>Asennuslevyn Solixi-osille<\/li>\n<li>Kehikko; seisoo tukevasti, helppo kiinnitt\u00e4\u00e4 sein\u00e4t ja katto<\/li>\n<li>3 s\u00e4ili\u00f6konttia:\u00a0leveys 2,5m, pituus 12,1m, korkeus 7,8m<\/li>\n<li>3 bar paineenkesto, maksimil\u00e4mp\u00f6tila 125\u00b0C.<\/li>\n<\/ul>\n<h4>Suositushinta 76500\u20ac, alv 0%<\/h4>\n<p>76500\u20ac \/ 15000 kWh = <strong>5 \u20ac\/kWh<br \/>\n<\/strong><a href=\"http:\/\/www.solixi.com\/payback-time\/\">Perinteinen varaaja varastoi noin hinnalla 100 \u20ac\/kWh.<\/a><\/p>\n<p><img loading=\"lazy\" decoding=\"async\" class=\"circleimage alignnone wp-image-2278 size-thumbnail\" src=\"http:\/\/77.240.19.26\/~solixi\/wp-content\/uploads\/2017\/08\/15MWh-300x300.png\" alt=\"\" width=\"300\" height=\"300\" srcset=\"http:\/\/www.solixi.com\/wp-content\/uploads\/2017\/08\/15MWh-300x300.png 300w, http:\/\/www.solixi.com\/wp-content\/uploads\/2017\/08\/15MWh.png 499w\" sizes=\"auto, (max-width: 300px) 100vw, 300px\" \/><\/p>\n<p>[\/vc_column_text][\/vc_column][vc_column width=&#8221;1\/3&#8243;][vc_column_text 0=&#8221;&#8221;]<\/p>\n<p>&nbsp;<\/p>\n<h4>Saatavana vain paikalliselta <a href=\"http:\/\/www.solixi.com\/sales\/\">Solixi j\u00e4lleenmyyj\u00e4lt\u00e4<\/a>.<\/h4>\n<p>Hinta voi vaihdella, siihen vaikuttaa:<\/p>\n<ul>\n<li>J\u00e4lleenmyyj\u00e4n hinnoittelu, ostoer\u00e4t.<\/li>\n<li>Valuuttakurssit, raaka-aineiden hinta yms.<\/li>\n<\/ul>\n<p>Lue my\u00f6s; <a href=\"http:\/\/www.solixi.com\/products\/\">tuotelinjat<\/a>, <a href=\"http:\/\/www.solixi.com\/energy-system\/\">energiaj\u00e4rjestelm\u00e4<\/a>.<\/p>\n<div id=\"pg-10-3\" class=\"panel-grid panel-no-style\" data-style=\"{&quot;background_display&quot;:&quot;tile&quot;,&quot;cell_alignment&quot;:&quot;flex-start&quot;}\">\n<h4>Solixi <a href=\"http:\/\/www.solixi.com\/heat-circuit\/\">osat<\/a>\u00a0tarpeen mukaan.<\/h4>\n<\/div>\n<div data-style=\"{&quot;background_display&quot;:&quot;tile&quot;,&quot;cell_alignment&quot;:&quot;flex-start&quot;}\"><img loading=\"lazy\" decoding=\"async\" class=\"alignnone wp-image-4777\" src=\"http:\/\/www.solixi.com\/wp-content\/uploads\/2017\/04\/JyriCH2Pitch.jpg\" alt=\"\" width=\"400\" height=\"185\" srcset=\"http:\/\/www.solixi.com\/wp-content\/uploads\/2017\/04\/JyriCH2Pitch.jpg 500w, http:\/\/www.solixi.com\/wp-content\/uploads\/2017\/04\/JyriCH2Pitch-300x139.jpg 300w\" sizes=\"auto, (max-width: 400px) 100vw, 400px\" \/><\/div>\n<div data-style=\"{&quot;background_display&quot;:&quot;tile&quot;,&quot;cell_alignment&quot;:&quot;flex-start&quot;}\">\u00a0.<\/div>\n<div data-style=\"{&quot;background_display&quot;:&quot;tile&quot;,&quot;cell_alignment&quot;:&quot;flex-start&quot;}\"><\/div>\n<div data-style=\"{&quot;background_display&quot;:&quot;tile&quot;,&quot;cell_alignment&quot;:&quot;flex-start&quot;}\"><img loading=\"lazy\" decoding=\"async\" class=\"alignnone wp-image-4773\" src=\"http:\/\/www.solixi.com\/wp-content\/uploads\/2017\/04\/JyriCHPitch.jpg\" alt=\"\" width=\"400\" height=\"170\" srcset=\"http:\/\/www.solixi.com\/wp-content\/uploads\/2017\/04\/JyriCHPitch.jpg 500w, http:\/\/www.solixi.com\/wp-content\/uploads\/2017\/04\/JyriCHPitch-300x127.jpg 300w\" sizes=\"auto, (max-width: 400px) 100vw, 400px\" \/><\/div>\n<div data-style=\"{&quot;background_display&quot;:&quot;tile&quot;,&quot;cell_alignment&quot;:&quot;flex-start&quot;}\">.<\/div>\n<p><img loading=\"lazy\" decoding=\"async\" class=\"alignnone wp-image-4606\" src=\"http:\/\/www.solixi.com\/wp-content\/uploads\/2018\/08\/IMG_7868.jpg\" alt=\"\" width=\"400\" height=\"300\" srcset=\"http:\/\/www.solixi.com\/wp-content\/uploads\/2018\/08\/IMG_7868.jpg 512w, http:\/\/www.solixi.com\/wp-content\/uploads\/2018\/08\/IMG_7868-300x225.jpg 300w\" sizes=\"auto, (max-width: 400px) 100vw, 400px\" \/><\/p>\n<p>[\/vc_column_text][\/vc_column][\/vc_row][vc_row][vc_column][vc_column_text]<\/p>\n<h2 style=\"text-align: center;\">Energian varastoinnin hopealuoti<\/h2>\n<h3 style=\"text-align: center;\"><img loading=\"lazy\" decoding=\"async\" class=\"aligncenter wp-image-4932 size-full\" src=\"http:\/\/www.solixi.com\/wp-content\/uploads\/2017\/07\/12investorpitch.jpg\" alt=\"\" width=\"950\" height=\"534\" srcset=\"http:\/\/www.solixi.com\/wp-content\/uploads\/2017\/07\/12investorpitch.jpg 950w, http:\/\/www.solixi.com\/wp-content\/uploads\/2017\/07\/12investorpitch-300x169.jpg 300w, http:\/\/www.solixi.com\/wp-content\/uploads\/2017\/07\/12investorpitch-768x432.jpg 768w\" sizes=\"auto, (max-width: 950px) 100vw, 950px\" \/><\/h3>\n<h3 style=\"text-align: center;\">Megawattituntien kapasiteetti tarkoittaa gigawattitunteja<br \/>\npaikallista, turvallista ja puhdasta energiaa,<br \/>\nsek\u00e4 valtavia s\u00e4\u00e4st\u00f6j\u00e4<\/h3>\n<p style=\"text-align: center;\">Kun kapasiteettia on 15 MWh ja siit\u00e4 voidaan hy\u00f6dynt\u00e4\u00e4 p\u00e4ivitt\u00e4in kohtuulliset 6 MWh,<br \/>\nsaadaan kaksi gigawattituntia vuotuista energiansiirtoa (6 MWh x 365 = 2,2 GWh).<\/p>\n<p style=\"text-align: center;\">Energian varastointi on eritt\u00e4in kannattavaa kun p\u00e4ivitt\u00e4inen<br \/>\nenergian hinnan, ulkol\u00e4mp\u00f6tilan tai kulutuksen vaihtelu on suurta.<\/p>\n<p style=\"text-align: center;\">1 GWh maksaa noin 100.000\u20ac\u00a0josta voidaan s\u00e4\u00e4st\u00e4\u00e4 pelk\u00e4ll\u00e4<br \/>\n<a href=\"http:\/\/www.solixi.com\/iot-controller-timing-temperatures\/\">\u00e4lykk\u00e4\u00e4ll\u00e4 energian varastoinnilla<\/a> tyypillisesti noin 50%.<\/p>\n<p style=\"text-align: center;\">Liitettyjen laitteiden <a href=\"http:\/\/www.solixi.com\/heat-pump-efficiency\/\">energiatehokkuus paranee<\/a>\u00a0ison vesivaraajan my\u00f6t\u00e4 ja ne voidaan mitoittaa pienemmiksi. Tasainen k\u00e4ynti ja automatisointi nostaa s\u00e4\u00e4st\u00f6j\u00e4 entisest\u00e4\u00e4n.<\/p>\n<p style=\"text-align: center;\"><a href=\"http:\/\/www.solixi.com\/emission-free-energy\/\">P\u00e4\u00e4st\u00f6t l\u00e4hes loppuvat, Solixi on puhdas.<\/a><\/p>\n<p>[\/vc_column_text][\/vc_column][\/vc_row]<\/p>\n<p>&nbsp;<\/p>\n<p>&nbsp;<\/p>\n<\/div>","protected":false},"excerpt":{"rendered":"<p>[vc_row 0=&#8221;&#8221;][vc_column width=&#8221;1\/3&#8243;][vc_column_text 0=&#8221;&#8221;] Solixi 6 MWh vesivaraaja 60 m\u00b3\u00a0vesitilavuus 60-180 asuntoa, 100-500 asukasta Sis\u00e4lt\u00e4\u00e4 24 liit\u00e4nt\u00e4putkea Solixi jakotukeille Asennuslevyn Solixi-osille Kehikko; seisoo tukevasti, helppo kiinnitt\u00e4\u00e4 sein\u00e4t ja katto 3 s\u00e4ili\u00f6konttia:\u00a0leveys 2,5m, pituus 6,1m, korkeus 7,8m 3 bar paineenkesto, maksimil\u00e4mp\u00f6tila 125\u00b0C. Suositushinta 43500 \u20ac, VAT 0% 43500\u20ac \/ 6000 kWh = 7 \u20ac\/kWh Perinteinen varaaja &#8230; <a title=\"Solixi 6 MWh ja 15 MWh vesivaraaja\" class=\"read-more\" href=\"http:\/\/www.solixi.com\/fi\/6mwh-water-boiler\/\" aria-label=\"Lue lis\u00e4\u00e4 aiheesta Solixi 6 MWh ja 15 MWh vesivaraaja\">Lue lis\u00e4\u00e4<\/a><\/p>\n","protected":false},"author":2,"featured_media":2354,"parent":0,"menu_order":0,"comment_status":"closed","ping_status":"closed","template":"","meta":{"footnotes":""},"class_list":["post-2614","page","type-page","status-publish","has-post-thumbnail"],"_links":{"self":[{"href":"http:\/\/www.solixi.com\/fi\/wp-json\/wp\/v2\/pages\/2614","targetHints":{"allow":["GET"]}}],"collection":[{"href":"http:\/\/www.solixi.com\/fi\/wp-json\/wp\/v2\/pages"}],"about":[{"href":"http:\/\/www.solixi.com\/fi\/wp-json\/wp\/v2\/types\/page"}],"author":[{"embeddable":true,"href":"http:\/\/www.solixi.com\/fi\/wp-json\/wp\/v2\/users\/2"}],"replies":[{"embeddable":true,"href":"http:\/\/www.solixi.com\/fi\/wp-json\/wp\/v2\/comments?post=2614"}],"version-history":[{"count":71,"href":"http:\/\/www.solixi.com\/fi\/wp-json\/wp\/v2\/pages\/2614\/revisions"}],"predecessor-version":[{"id":13683,"href":"http:\/\/www.solixi.com\/fi\/wp-json\/wp\/v2\/pages\/2614\/revisions\/13683"}],"wp:featuredmedia":[{"embeddable":true,"href":"http:\/\/www.solixi.com\/fi\/wp-json\/wp\/v2\/media\/2354"}],"wp:attachment":[{"href":"http:\/\/www.solixi.com\/fi\/wp-json\/wp\/v2\/media?parent=2614"}],"curies":[{"name":"wp","href":"https:\/\/api.w.org\/{rel}","templated":true}]}}