{"id":3049,"date":"2017-08-28T17:07:17","date_gmt":"2017-08-28T17:07:17","guid":{"rendered":"http:\/\/77.240.19.26\/~solixi\/?page_id=3049"},"modified":"2017-09-02T11:14:44","modified_gmt":"2017-09-02T11:14:44","slug":"water-pump","status":"publish","type":"page","link":"http:\/\/www.solixi.com\/fi\/water-pump\/","title":{"rendered":"Solixi vesipumppu"},"content":{"rendered":"<div class=\"wpb-content-wrapper\"><p>[vc_row 0=&#8221;&#8221;][vc_column width=&#8221;1\/3&#8243;][vc_column_text 0=&#8221;&#8221;]<\/p>\n<h2>Suositushinta 60 \u20ac, alv 0%<\/h2>\n<p><img loading=\"lazy\" decoding=\"async\" class=\"circleimage alignnone wp-image-3099 size-thumbnail\" src=\"http:\/\/77.240.19.26\/~solixi\/wp-content\/uploads\/2017\/08\/Solixipump3-300x300.png\" alt=\"\" width=\"300\" height=\"300\" srcset=\"http:\/\/www.solixi.com\/wp-content\/uploads\/2017\/08\/Solixipump3-300x300.png 300w, http:\/\/www.solixi.com\/wp-content\/uploads\/2017\/08\/Solixipump3.png 699w\" sizes=\"auto, (max-width: 300px) 100vw, 300px\" \/><br \/>\nSaatavana vain paikalliselta Solixi j\u00e4lleenmyyj\u00e4lt\u00e4.<\/p>\n<p>Hinta voi vaihdella, siihen vaikuttaa:<\/p>\n<ul>\n<li>J\u00e4lleenmyyj\u00e4n hinnoittelu, ostoer\u00e4t.<\/li>\n<li>Valuuttakurssit, raaka-aineiden hinta yms.<\/li>\n<\/ul>\n<p><a href=\"http:\/\/77.240.19.26\/~solixi\/four-water-boilers\/\">\u00a0<\/a>[\/vc_column_text][\/vc_column][vc_column width=&#8221;1\/3&#8243;][vc_column_text 0=&#8221;&#8221;]<\/p>\n<h2 id=\"pg-10-3\" class=\"panel-grid panel-no-style\" data-style=\"{&quot;background_display&quot;:&quot;tile&quot;,&quot;cell_alignment&quot;:&quot;flex-start&quot;}\">T\u00e4ydellinen s\u00e4\u00e4t\u00f6 Solixi kontrollerilla<\/h2>\n<ul>\n<li data-style=\"{&quot;background_display&quot;:&quot;tile&quot;,&quot;cell_alignment&quot;:&quot;flex-start&quot;}\">ON\/OFF, portaaton virtauksen s\u00e4\u00e4t\u00f6 0-18ltr\/min.<\/li>\n<li data-style=\"{&quot;background_display&quot;:&quot;tile&quot;,&quot;cell_alignment&quot;:&quot;flex-start&quot;}\">Plug &amp; play asennus, vaihto vie minuutteja<\/li>\n<li data-style=\"{&quot;background_display&quot;:&quot;tile&quot;,&quot;cell_alignment&quot;:&quot;flex-start&quot;}\">10 bar paineenkesto (Solixi varaajassa 3 bar)<\/li>\n<li data-style=\"{&quot;background_display&quot;:&quot;tile&quot;,&quot;cell_alignment&quot;:&quot;flex-start&quot;}\">110\u00b0C max l\u00e4mp\u00f6tila (asennetaan l\u00e4mp\u00f6piirin viile\u00e4\u00e4n p\u00e4\u00e4h\u00e4n, max. 125\u00b0C ulos)<\/li>\n<li data-style=\"{&quot;background_display&quot;:&quot;tile&quot;,&quot;cell_alignment&quot;:&quot;flex-start&quot;}\">30.000h k\u00e4ytt\u00f6ik\u00e4 (Solixissa usein moninkertainen, pumppu usein OFF tai k\u00e4y pienell\u00e4 teholla)<\/li>\n<li data-style=\"{&quot;background_display&quot;:&quot;tile&quot;,&quot;cell_alignment&quot;:&quot;flex-start&quot;}\">Solixi kontrollerin kanssa energian mittaus ja Solixi Care IoT-grafiikka<\/li>\n<li data-style=\"{&quot;background_display&quot;:&quot;tile&quot;,&quot;cell_alignment&quot;:&quot;flex-start&quot;}\">\u00bd&#8221; kierreliit\u00e4nn\u00e4t Solixi liit\u00e4nt\u00e4letkuihin, l\u00e4mm\u00f6nvaihtimiin, jakotukkeihin yms.<\/li>\n<li data-style=\"{&quot;background_display&quot;:&quot;tile&quot;,&quot;cell_alignment&quot;:&quot;flex-start&quot;}\">Voidaan asentaa kaksi rinnan yhteen l\u00e4mp\u00f6piiriin, tupla teho ja varmuus.<\/li>\n<li data-style=\"{&quot;background_display&quot;:&quot;tile&quot;,&quot;cell_alignment&quot;:&quot;flex-start&quot;}\">Sis\u00e4lt\u00e4\u00e4 \u00e4lyk\u00e4st\u00e4 elektroniikkaa.<\/li>\n<\/ul>\n<div data-style=\"{&quot;background_display&quot;:&quot;tile&quot;,&quot;cell_alignment&quot;:&quot;flex-start&quot;}\"><\/div>\n<div data-style=\"{&quot;background_display&quot;:&quot;tile&quot;,&quot;cell_alignment&quot;:&quot;flex-start&quot;}\"><strong>Huom! vain t\u00e4m\u00e4 pumppu on 100% yhteensopiva Solixi j\u00e4rjestelm\u00e4n kanssa.<\/strong><\/div>\n<div data-style=\"{&quot;background_display&quot;:&quot;tile&quot;,&quot;cell_alignment&quot;:&quot;flex-start&quot;}\"><\/div>\n<div class=\"panel-grid panel-no-style\" data-style=\"{&quot;background_display&quot;:&quot;tile&quot;,&quot;cell_alignment&quot;:&quot;flex-start&quot;}\"><\/div>\n<div data-style=\"{&quot;background_display&quot;:&quot;tile&quot;,&quot;cell_alignment&quot;:&quot;flex-start&quot;}\"><\/div>\n<p>[\/vc_column_text][\/vc_column][vc_column width=&#8221;1\/3&#8243;][vc_column_text 0=&#8221;&#8221;]<\/p>\n<h4><strong><img loading=\"lazy\" decoding=\"async\" class=\"size-full wp-image-309 alignleft\" src=\"http:\/\/77.240.19.26\/~solixi\/wp-content\/uploads\/2017\/06\/Sy1_SolixiBoiler.png\" alt=\"\" width=\"100\" height=\"100\" \/><br \/>\n<\/strong><\/h4>\n<h2>Muut pumput<\/h2>\n<p>Solixi kontrolleri voi s\u00e4\u00e4t\u00e4\u00e4 l\u00e4hes mit\u00e4 tahansa pumppua ON\/OFF kontaktorin avulla.<\/p>\n<p>Lue my\u00f6s; <a href=\"http:\/\/77.240.19.26\/~solixi\/products\/\">tuotelinjat<\/a>, <a href=\"http:\/\/77.240.19.26\/~solixi\/energy-system\/\">energiaj\u00e4rjestelm\u00e4<\/a>.<\/p>\n<h1>Solixi osat<\/h1>\n<h1><span style=\"font-size: 17px; font-weight: 400;\"><a href=\"http:\/\/77.240.19.26\/~solixi\/heat-circles\/\">tarpeen mukaan<\/a>.<\/span><\/h1>\n<p>[\/vc_column_text][\/vc_column][\/vc_row][vc_row][vc_column][vc_column_text]<\/p>\n<h3 style=\"text-align: center;\">Lukuisia patentoituja innovaatioita, kokonainen energiaj\u00e4rjestelm\u00e4.<\/h3>\n<p>[\/vc_column_text][\/vc_column][\/vc_row]<\/p>\n<\/div>","protected":false},"excerpt":{"rendered":"<p>[vc_row 0=&#8221;&#8221;][vc_column width=&#8221;1\/3&#8243;][vc_column_text 0=&#8221;&#8221;] Suositushinta 60 \u20ac, alv 0% Saatavana vain paikalliselta Solixi j\u00e4lleenmyyj\u00e4lt\u00e4. Hinta voi vaihdella, siihen vaikuttaa: J\u00e4lleenmyyj\u00e4n hinnoittelu, ostoer\u00e4t. Valuuttakurssit, raaka-aineiden hinta yms. \u00a0[\/vc_column_text][\/vc_column][vc_column width=&#8221;1\/3&#8243;][vc_column_text 0=&#8221;&#8221;] T\u00e4ydellinen s\u00e4\u00e4t\u00f6 Solixi kontrollerilla ON\/OFF, portaaton virtauksen s\u00e4\u00e4t\u00f6 0-18ltr\/min. Plug &amp; play asennus, vaihto vie minuutteja 10 bar paineenkesto (Solixi varaajassa 3 bar) 110\u00b0C max l\u00e4mp\u00f6tila &#8230; <a title=\"Solixi vesipumppu\" class=\"read-more\" href=\"http:\/\/www.solixi.com\/fi\/water-pump\/\" aria-label=\"Lue lis\u00e4\u00e4 aiheesta Solixi vesipumppu\">Lue lis\u00e4\u00e4<\/a><\/p>\n","protected":false},"author":2,"featured_media":2431,"parent":0,"menu_order":0,"comment_status":"closed","ping_status":"closed","template":"","meta":{"footnotes":""},"class_list":["post-3049","page","type-page","status-publish","has-post-thumbnail"],"_links":{"self":[{"href":"http:\/\/www.solixi.com\/fi\/wp-json\/wp\/v2\/pages\/3049","targetHints":{"allow":["GET"]}}],"collection":[{"href":"http:\/\/www.solixi.com\/fi\/wp-json\/wp\/v2\/pages"}],"about":[{"href":"http:\/\/www.solixi.com\/fi\/wp-json\/wp\/v2\/types\/page"}],"author":[{"embeddable":true,"href":"http:\/\/www.solixi.com\/fi\/wp-json\/wp\/v2\/users\/2"}],"replies":[{"embeddable":true,"href":"http:\/\/www.solixi.com\/fi\/wp-json\/wp\/v2\/comments?post=3049"}],"version-history":[{"count":10,"href":"http:\/\/www.solixi.com\/fi\/wp-json\/wp\/v2\/pages\/3049\/revisions"}],"predecessor-version":[{"id":3118,"href":"http:\/\/www.solixi.com\/fi\/wp-json\/wp\/v2\/pages\/3049\/revisions\/3118"}],"wp:featuredmedia":[{"embeddable":true,"href":"http:\/\/www.solixi.com\/fi\/wp-json\/wp\/v2\/media\/2431"}],"wp:attachment":[{"href":"http:\/\/www.solixi.com\/fi\/wp-json\/wp\/v2\/media?parent=3049"}],"curies":[{"name":"wp","href":"https:\/\/api.w.org\/{rel}","templated":true}]}}