{"id":3084,"date":"2017-09-01T16:55:49","date_gmt":"2017-09-01T16:55:49","guid":{"rendered":"http:\/\/77.240.19.26\/~solixi\/?page_id=3084"},"modified":"2017-09-08T12:10:10","modified_gmt":"2017-09-08T12:10:10","slug":"alanod-mirror","status":"publish","type":"page","link":"http:\/\/www.solixi.com\/fi\/alanod-mirror\/","title":{"rendered":"Solixi peililevy"},"content":{"rendered":"<div class=\"wpb-content-wrapper\"><p>[vc_row 0=&#8221;&#8221;][vc_column width=&#8221;1\/3&#8243;][vc_column_text 0=&#8221;&#8221;]<\/p>\n<div id=\"pg-10-2\" class=\"panel-grid panel-no-style\" data-style=\"{&quot;background_display&quot;:&quot;tile&quot;,&quot;cell_alignment&quot;:&quot;flex-start&quot;}\">\n<div id=\"pgc-10-2-2\" class=\"panel-grid-cell\" data-weight=\"0.333333333333\">\n<div id=\"panel-10-2-2-0\" class=\"so-panel widget widget_sow-editor panel-first-child panel-last-child\" data-index=\"4\" data-style=\"{&quot;background_display&quot;:&quot;tile&quot;}\" data-label=\"Smart IoT-controller\">\n<div class=\"so-widget-sow-editor so-widget-sow-editor-base\">\n<div class=\"siteorigin-widget-tinymce textwidget\">\n<h2>Suositushinta\u00a059 \u20ac, alv 0%<\/h2>\n<p><img loading=\"lazy\" decoding=\"async\" class=\"circleimage alignnone wp-image-3090 size-thumbnail\" src=\"http:\/\/77.240.19.26\/~solixi\/wp-content\/uploads\/2017\/09\/mirror5-300x300.jpg\" alt=\"\" width=\"300\" height=\"300\" \/><br \/>\nKaikkiin Solixi aurinkokeskittimiin<\/p>\n<p>Saatavana vain paikalliselta Solixi j\u00e4lleenmyyj\u00e4lt\u00e4.<\/p>\n<p>Hinta voi vaihdella, siihen vaikuttaa:<\/p>\n<ul>\n<li>J\u00e4lleenmyyj\u00e4n hinnoittelu, ostoer\u00e4t.<\/li>\n<li>Valuuttakurssit, raaka-aineiden hinta yms.<\/li>\n<\/ul>\n<\/div>\n<\/div>\n<\/div>\n<\/div>\n<\/div>\n<div id=\"pg-10-3\" class=\"panel-grid panel-no-style\" data-style=\"{&quot;background_display&quot;:&quot;tile&quot;,&quot;cell_alignment&quot;:&quot;flex-start&quot;}\"><\/div>\n<p>[\/vc_column_text][\/vc_column][vc_column width=&#8221;1\/3&#8243;][vc_column_text 0=&#8221;&#8221;]<\/p>\n<h2>Alanod Miro Sun<\/h2>\n<p><strong>Koko:\u00a00,5x1000x1250<\/strong><\/p>\n<ul>\n<li>MiroSun\u00ae s\u00e4\u00e4nkest\u00e4v\u00e4\u00e4 heijastusta<\/li>\n<li>Heijastavuus 90%<\/li>\n<li>10-vuoden materiaalitakuu<\/li>\n<li>S\u00e4\u00e4nkest\u00e4v\u00e4 nanokomposiitti pinta<\/li>\n<li>Maksimaalinen aurinkol\u00e4mm\u00f6n heijastavuus<\/li>\n<li>UV ja l\u00e4mm\u00f6n kest\u00e4v\u00e4<\/li>\n<li>Helppo pit\u00e4\u00e4 puhtaana<\/li>\n<li>Joustava<\/li>\n<li>Naarmusuojattu<\/li>\n<li>Alanod \u2013yli 40 vuoden kokemus pinnoitettujen alumiinien valmistuksesta<\/li>\n<\/ul>\n<p>&nbsp;<\/p>\n<p><a href=\"http:\/\/alanod.com\">Alanod Ltd.<\/a><\/p>\n<p>[\/vc_column_text][\/vc_column][vc_column width=&#8221;1\/3&#8243;][vc_column_text 0=&#8221;&#8221;]<br \/>\n<img loading=\"lazy\" decoding=\"async\" class=\"size-full wp-image-307 aligncenter\" src=\"http:\/\/77.240.19.26\/~solixi\/wp-content\/uploads\/2017\/06\/Sy1_Concentrator.png\" alt=\"\" width=\"100\" height=\"100\" \/><br \/>\n[\/vc_column_text][\/vc_column][\/vc_row][vc_row][vc_column][vc_column_text]<\/p>\n<h3><img loading=\"lazy\" decoding=\"async\" class=\"aligncenter wp-image-3085\" src=\"http:\/\/77.240.19.26\/~solixi\/wp-content\/uploads\/2017\/09\/MIRO_SUN_Layer_system_E-300x155.jpg\" alt=\"\" width=\"600\" height=\"310\" srcset=\"http:\/\/www.solixi.com\/wp-content\/uploads\/2017\/09\/MIRO_SUN_Layer_system_E-300x155.jpg 300w, http:\/\/www.solixi.com\/wp-content\/uploads\/2017\/09\/MIRO_SUN_Layer_system_E-768x397.jpg 768w, http:\/\/www.solixi.com\/wp-content\/uploads\/2017\/09\/MIRO_SUN_Layer_system_E-1024x529.jpg 1024w, http:\/\/www.solixi.com\/wp-content\/uploads\/2017\/09\/MIRO_SUN_Layer_system_E.jpg 1278w\" sizes=\"auto, (max-width: 600px) 100vw, 600px\" \/><\/h3>\n<p>[\/vc_column_text][\/vc_column][\/vc_row]<\/p>\n<\/div>","protected":false},"excerpt":{"rendered":"<p>[vc_row 0=&#8221;&#8221;][vc_column width=&#8221;1\/3&#8243;][vc_column_text 0=&#8221;&#8221;] Suositushinta\u00a059 \u20ac, alv 0% Kaikkiin Solixi aurinkokeskittimiin Saatavana vain paikalliselta Solixi j\u00e4lleenmyyj\u00e4lt\u00e4. Hinta voi vaihdella, siihen vaikuttaa: J\u00e4lleenmyyj\u00e4n hinnoittelu, ostoer\u00e4t. Valuuttakurssit, raaka-aineiden hinta yms. [\/vc_column_text][\/vc_column][vc_column width=&#8221;1\/3&#8243;][vc_column_text 0=&#8221;&#8221;] Alanod Miro Sun Koko:\u00a00,5x1000x1250 MiroSun\u00ae s\u00e4\u00e4nkest\u00e4v\u00e4\u00e4 heijastusta Heijastavuus 90% 10-vuoden materiaalitakuu S\u00e4\u00e4nkest\u00e4v\u00e4 nanokomposiitti pinta Maksimaalinen aurinkol\u00e4mm\u00f6n heijastavuus UV ja l\u00e4mm\u00f6n kest\u00e4v\u00e4 Helppo pit\u00e4\u00e4 puhtaana &#8230; <a title=\"Solixi peililevy\" class=\"read-more\" href=\"http:\/\/www.solixi.com\/fi\/alanod-mirror\/\" aria-label=\"Lue lis\u00e4\u00e4 aiheesta Solixi peililevy\">Lue lis\u00e4\u00e4<\/a><\/p>\n","protected":false},"author":2,"featured_media":496,"parent":0,"menu_order":0,"comment_status":"closed","ping_status":"closed","template":"","meta":{"footnotes":""},"class_list":["post-3084","page","type-page","status-publish","has-post-thumbnail"],"_links":{"self":[{"href":"http:\/\/www.solixi.com\/fi\/wp-json\/wp\/v2\/pages\/3084","targetHints":{"allow":["GET"]}}],"collection":[{"href":"http:\/\/www.solixi.com\/fi\/wp-json\/wp\/v2\/pages"}],"about":[{"href":"http:\/\/www.solixi.com\/fi\/wp-json\/wp\/v2\/types\/page"}],"author":[{"embeddable":true,"href":"http:\/\/www.solixi.com\/fi\/wp-json\/wp\/v2\/users\/2"}],"replies":[{"embeddable":true,"href":"http:\/\/www.solixi.com\/fi\/wp-json\/wp\/v2\/comments?post=3084"}],"version-history":[{"count":12,"href":"http:\/\/www.solixi.com\/fi\/wp-json\/wp\/v2\/pages\/3084\/revisions"}],"predecessor-version":[{"id":3166,"href":"http:\/\/www.solixi.com\/fi\/wp-json\/wp\/v2\/pages\/3084\/revisions\/3166"}],"wp:featuredmedia":[{"embeddable":true,"href":"http:\/\/www.solixi.com\/fi\/wp-json\/wp\/v2\/media\/496"}],"wp:attachment":[{"href":"http:\/\/www.solixi.com\/fi\/wp-json\/wp\/v2\/media?parent=3084"}],"curies":[{"name":"wp","href":"https:\/\/api.w.org\/{rel}","templated":true}]}}