{"id":675,"date":"2017-07-01T10:54:07","date_gmt":"2017-07-01T10:54:07","guid":{"rendered":"http:\/\/77.240.19.26\/~solixi\/?page_id=675"},"modified":"2021-11-17T07:51:55","modified_gmt":"2021-11-17T07:51:55","slug":"emission-free-energy","status":"publish","type":"page","link":"http:\/\/www.solixi.com\/fi\/emission-free-energy\/","title":{"rendered":"100% p\u00e4\u00e4st\u00f6v\u00e4hennykset"},"content":{"rendered":"<div class=\"wpb-content-wrapper\"><p>[vc_row][vc_column][vc_column_text]<img loading=\"lazy\" decoding=\"async\" class=\"alignnone size-full wp-image-699 aligncenter\" src=\"http:\/\/77.240.19.26\/~solixi\/wp-content\/uploads\/2017\/07\/100SmokingProhi.jpg\" alt=\"\" width=\"570\" height=\"205\" srcset=\"http:\/\/www.solixi.com\/wp-content\/uploads\/2017\/07\/100SmokingProhi.jpg 570w, http:\/\/www.solixi.com\/wp-content\/uploads\/2017\/07\/100SmokingProhi-300x108.jpg 300w\" sizes=\"auto, (max-width: 570px) 100vw, 570px\" \/>[\/vc_column_text][\/vc_column][\/vc_row][vc_row][vc_column width=&#8221;1\/3&#8243;][vc_column_text]<\/p>\n<h2>Tavoitteet uudella tasolla<\/h2>\n<p>Pariisin ilmastosopimuksen noudattaminen edellytt\u00e4\u00e4 hiilidioksidip\u00e4\u00e4st\u00f6jen lopettamista l\u00e4hes kokonaan muutamassa vuosikymmeness\u00e4. Jos lentoliikenteelle ja parille muulle sektorille sallitaan p\u00e4\u00e4st\u00f6j\u00e4, rakennusten on oltava p\u00e4\u00e4st\u00f6tt\u00f6mi\u00e4.<\/p>\n<p>P\u00e4\u00e4st\u00f6t on lopetettava my\u00f6s polton nousevien kustannusten; fossiilisten hintojen, verojen, velkaantumisen ja kauppataseen sek\u00e4 saasteiden terveyskulujen takia. S\u00e4\u00e4n \u00e4\u00e4ri-ilmi\u00f6t, meren happamoituminen ja pinnannousu sek\u00e4 ilmastopakolaiset ja -kriisit tulevat kalliiksi nekin.<br \/>\nTalous ei kest\u00e4 polttoa, ei ainakaan pitk\u00e4\u00e4n. Siihen investoiminen on jo nyt riski.<\/p>\n<h4>30%, 50% tai edes 80% ei riit\u00e4, asumisen p\u00e4\u00e4st\u00f6t on lopetettava\u00a0<strong>100%.<\/strong><\/h4>\n<p>Jatkuva remontointi on kallista ja mahdotonta.<br \/>\nKun energiaremontti tehd\u00e4\u00e4n vuosikymmeniksi,\u00a0Solixi on oikea valinta.<strong><br \/>\n<\/strong>[\/vc_column_text][\/vc_column][vc_column width=&#8221;1\/3&#8243;][vc_column_text]<\/p>\n<h2>Vain muutama puhdas<\/h2>\n<p>Vesi-, aurinko-, tuuli- ja ydins\u00e4hk\u00f6n hiilidioksidip\u00e4\u00e4st\u00f6t ovat pienimm\u00e4t. Niit\u00e4 lis\u00e4t\u00e4\u00e4n poliittisten, fyysisten ja taloudellisten rajojen puitteissa.\u00a0S\u00e4hk\u00f6 puhdistuu.<\/p>\n<p>S\u00e4hk\u00f6verkko ja s\u00e4hk\u00f6 ei silti riit\u00e4 l\u00e4mmitykseen, ei ainakaan talvipakkasilla, jolloin valtaosa asumisen energiasta on polttamalla tuotettua l\u00e4mp\u00f6\u00e4.<\/p>\n<p>Rakennuksen l\u00e4mmityst\u00e4 voidaan puhdistaa paikallisesti ja ilman verkkoenergiaa vain auringolla, koska katot ovat liian matalia ja tiiviisti rakennettuja tuulen hy\u00f6dynt\u00e4miseen eik\u00e4 joka kodin ydinvoimaloita tai koskia ole.<\/p>\n<p>Puhtaan verkkos\u00e4hk\u00f6n lis\u00e4ksi aurinkol\u00e4mm\u00f6n tuotto, varastointi ja kierr\u00e4tys sek\u00e4 energiatehokkuus on nostettava uudelle tasolle. Sen Solixi tekee.[\/vc_column_text][\/vc_column][vc_column width=&#8221;1\/3&#8243;][vc_column_text 0=&#8221;&#8221;]<\/p>\n<h2>Mukavaa asumista<\/h2>\n<p>Solixi ja puhdas verkkos\u00e4hk\u00f6 mahdollistavat yhdess\u00e4, oikein\u00a0mitoitettuna, polton ja p\u00e4\u00e4st\u00f6jen lopettamisen.<br \/>\nRakennuksen arvo nousee kun poltto v\u00e4henee. Asunnossa on silti aina sopivan l\u00e4mmint\u00e4 tai viile\u00e4\u00e4. Solixi alentaa yhti\u00f6vastikkeita ja vuokria. Energiakulut tiedet\u00e4\u00e4n pitk\u00e4lle tulevaisuuteen.<br \/>\nSolixi on taloudellinen ja ekologinen valinta kaupungeille, yrityksille ja taloyhti\u00f6ille.<\/p>\n<h2>Lopeta<\/h2>\n<ul>\n<li>Poltatko rahaa?<\/li>\n<li>Suunnitteletko polttamisen lopettamista?<\/li>\n<li>Oletko huolissasi polttamisen seurauksista?<\/li>\n<li>Luuletko ettei ole <a href=\"http:\/\/77.240.19.26\/~solixi\/energy-system\/\">vaihtoehtoja<\/a>?<\/li>\n<li>Haiseeko?<\/li>\n<li>Poltatko vihreit\u00e4 menthol kevytsavukkeita, oletko biopolttaja?<\/li>\n<\/ul>\n<p>Solixi auttaa v\u00e4hent\u00e4m\u00e4\u00e4n ja lopulta lopettamaan.[\/vc_column_text][\/vc_column][\/vc_row]<\/p>\n<\/div>","protected":false},"excerpt":{"rendered":"<p>[vc_row][vc_column][vc_column_text][\/vc_column_text][\/vc_column][\/vc_row][vc_row][vc_column width=&#8221;1\/3&#8243;][vc_column_text] Tavoitteet uudella tasolla Pariisin ilmastosopimuksen noudattaminen edellytt\u00e4\u00e4 hiilidioksidip\u00e4\u00e4st\u00f6jen lopettamista l\u00e4hes kokonaan muutamassa vuosikymmeness\u00e4. Jos lentoliikenteelle ja parille muulle sektorille sallitaan p\u00e4\u00e4st\u00f6j\u00e4, rakennusten on oltava p\u00e4\u00e4st\u00f6tt\u00f6mi\u00e4. P\u00e4\u00e4st\u00f6t on lopetettava my\u00f6s polton nousevien kustannusten; fossiilisten hintojen, verojen, velkaantumisen ja kauppataseen sek\u00e4 saasteiden terveyskulujen takia. S\u00e4\u00e4n \u00e4\u00e4ri-ilmi\u00f6t, meren happamoituminen ja pinnannousu sek\u00e4 ilmastopakolaiset ja -kriisit tulevat &#8230; <a title=\"100% p\u00e4\u00e4st\u00f6v\u00e4hennykset\" class=\"read-more\" href=\"http:\/\/www.solixi.com\/fi\/emission-free-energy\/\" aria-label=\"Lue lis\u00e4\u00e4 aiheesta 100% p\u00e4\u00e4st\u00f6v\u00e4hennykset\">Lue lis\u00e4\u00e4<\/a><\/p>\n","protected":false},"author":2,"featured_media":498,"parent":0,"menu_order":0,"comment_status":"closed","ping_status":"closed","template":"","meta":{"footnotes":""},"class_list":["post-675","page","type-page","status-publish","has-post-thumbnail"],"_links":{"self":[{"href":"http:\/\/www.solixi.com\/fi\/wp-json\/wp\/v2\/pages\/675","targetHints":{"allow":["GET"]}}],"collection":[{"href":"http:\/\/www.solixi.com\/fi\/wp-json\/wp\/v2\/pages"}],"about":[{"href":"http:\/\/www.solixi.com\/fi\/wp-json\/wp\/v2\/types\/page"}],"author":[{"embeddable":true,"href":"http:\/\/www.solixi.com\/fi\/wp-json\/wp\/v2\/users\/2"}],"replies":[{"embeddable":true,"href":"http:\/\/www.solixi.com\/fi\/wp-json\/wp\/v2\/comments?post=675"}],"version-history":[{"count":36,"href":"http:\/\/www.solixi.com\/fi\/wp-json\/wp\/v2\/pages\/675\/revisions"}],"predecessor-version":[{"id":13685,"href":"http:\/\/www.solixi.com\/fi\/wp-json\/wp\/v2\/pages\/675\/revisions\/13685"}],"wp:featuredmedia":[{"embeddable":true,"href":"http:\/\/www.solixi.com\/fi\/wp-json\/wp\/v2\/media\/498"}],"wp:attachment":[{"href":"http:\/\/www.solixi.com\/fi\/wp-json\/wp\/v2\/media?parent=675"}],"curies":[{"name":"wp","href":"https:\/\/api.w.org\/{rel}","templated":true}]}}