{"id":678,"date":"2017-07-01T11:37:38","date_gmt":"2017-07-01T11:37:38","guid":{"rendered":"http:\/\/77.240.19.26\/~solixi\/?page_id=678"},"modified":"2022-10-30T10:32:20","modified_gmt":"2022-10-30T10:32:20","slug":"savings-calculator","status":"publish","type":"page","link":"http:\/\/www.solixi.com\/fi\/savings-calculator\/","title":{"rendered":"Miten ja mit\u00e4 se laskee?"},"content":{"rendered":"<div class=\"wpb-content-wrapper\"><p>[vc_row][vc_column width=&#8221;1\/3&#8243;][vc_column_text]<\/p>\n<h2>BIM made the quick way<\/h2>\n<p><em>BIM, Building Information Modelling, especially for energy, has never been so easy, quick and affordable.<\/em><br \/>\n<em> Use the unique Solixi calculator, see how energy expenses and savings vary when you use on\/off switches, set new power or price to any device.<\/em><br \/>\n<em> Smart algorithms will take into account other devices, the local weather calculated by &#8221;closest station&#8221; for the map location as well as the latitude to calculate sun&#8217;s orbit.<\/em><br \/>\n<em> Immediate response; annual &amp; monthly MWh:s and savings \/device.<\/em><br \/>\n<em> Find the most profitable way to make energy renovation and to cut emissions.<\/em><\/p>\n<h4><strong>Please note<\/strong><\/h4>\n<ul>\n<li>Calculator is a <strong>tool for experts<\/strong>. Anyone can make a calculation, but profession is needed to get useful results &#8211; not too big or small savings.<\/li>\n<li>The calculator will give realistic results only when <strong>using realistic values in every field<\/strong>.<\/li>\n<li>The calculator is a great tool to <strong>see relations<\/strong> between endless amount of options and to <strong>optimise<\/strong> the whole system for an individual building.<\/li>\n<li>The calculator is made to for<strong> thermal energy<\/strong>, it calculates burners (oil, coal, gas, wood), any kind of heat pumps, electric resistors, hot water yield, radiators, floor heating, cooling, heat recovery, solar thermal energy and savings in heating and cooling. Solixi smart controller and large hot and cold water storage can be part of the system.<\/li>\n<li>All settings, values and ON\/OFF switches are <strong>integrated<\/strong>, when you change one number or map location or anything the smart <strong>algorithms<\/strong> will change graphs and results.<\/li>\n<li>This calculator is a <strong>directive tool<\/strong> to estimate savings, savings and sizing roughly, please ask Solixi dealer to check the calculation. It might lead to an offer and real energy renovation.<\/li>\n<li>Calculation is visible and public <strong>one month<\/strong>. To keep the calculation visible please press &#8221;Save&#8221; at least once a month. Do the same to activate an old invisible calculation, use your bookmark.<\/li>\n<li>Instead of euros you can use <strong>any currency<\/strong>.<\/li>\n<li>You can change values also by <strong>typing &amp; enter<\/strong>, slider values and be exceeded.<\/li>\n<li>Solixi <strong>calibrate<\/strong> the calculator in cooperation with Solixi dealers and other experts. Old calculations can change when backend parameters are adjusted.<\/li>\n<li>Our task is offer as <strong>accurate results<\/strong> as possible for professional users.<\/li>\n<li><strong>Verification<\/strong> will be made by comparing the results, after installation, to real energy bills and data got from the Solixi IoT controller IoT.<\/li>\n<\/ul>\n<h4>Location \u00a0<img loading=\"lazy\" decoding=\"async\" class=\"alignnone wp-image-4037\" src=\"http:\/\/www.solixi.com\/wp-content\/uploads\/2017\/07\/GreenCalc.jpg\" alt=\"\" width=\"70\" height=\"70\" \/>\u00a0is information<\/h4>\n<ul>\n<li>weather, cloudiness, day and night temperatures monthly<\/li>\n<li>latitude, sun&#8217;s orbit<\/li>\n<li>heating and cooling days monthly<\/li>\n<\/ul>\n<h4>Click question mark\u00a0and you will get hints and rules for every field and set up<\/h4>\n<ul>\n<li>Read the hints first\u00a0<img loading=\"lazy\" decoding=\"async\" class=\"alignnone wp-image-1124\" style=\"font-size: 29px; font-weight: bold;\" src=\"http:\/\/77.240.19.26\/~solixi\/wp-content\/uploads\/2017\/07\/Hint.png\" alt=\"\" width=\"41\" height=\"40\" \/><\/li>\n<li>Use the unit given in the hints (i.e. MWh, kW, \u20ac, %)<\/li>\n<li><img loading=\"lazy\" decoding=\"async\" class=\"alignnone wp-image-1109\" src=\"http:\/\/77.240.19.26\/~solixi\/wp-content\/uploads\/2017\/07\/on.png\" alt=\"\" width=\"58\" height=\"40\" \/>device ON and included in the calculations.<\/li>\n<li><img loading=\"lazy\" decoding=\"async\" class=\"alignnone wp-image-1110\" src=\"http:\/\/77.240.19.26\/~solixi\/wp-content\/uploads\/2017\/07\/off.png\" alt=\"\" width=\"51\" height=\"35\" \/>device OFF and not included in the calculations.<\/li>\n<li>Look at your energy bill, how much energy is consumed\u00a0<img loading=\"lazy\" decoding=\"async\" class=\"alignnone wp-image-652\" src=\"http:\/\/77.240.19.26\/~solixi\/wp-content\/uploads\/2017\/06\/Sy1_TotalMWh.png\" alt=\"\" width=\"30\" height=\"30\" \/>.<\/li>\n<li>Input fuel\u00a0<img loading=\"lazy\" decoding=\"async\" class=\"alignnone wp-image-284\" src=\"http:\/\/77.240.19.26\/~solixi\/wp-content\/uploads\/2017\/04\/Sy1_burner.png\" alt=\"\" width=\"30\" height=\"30\" \/>\u00a0price and consumption.<\/li>\n<li>How much electricity is consumed\u00a0<img loading=\"lazy\" decoding=\"async\" class=\"alignnone wp-image-269\" src=\"http:\/\/77.240.19.26\/~solixi\/wp-content\/uploads\/2017\/04\/Sy1_Elect.png\" alt=\"\" width=\"30\" height=\"30\" \/>\u00a0for heating?<\/li>\n<li>Does the price of electricity vary\u00a0<img loading=\"lazy\" decoding=\"async\" class=\"alignnone wp-image-286\" src=\"http:\/\/77.240.19.26\/~solixi\/wp-content\/uploads\/2017\/04\/Sy1_ElectFluct.png\" alt=\"\" width=\"30\" height=\"30\" \/>?<\/li>\n<li>How many inhabitants, how much hot water\u00a0<img loading=\"lazy\" decoding=\"async\" class=\"alignnone wp-image-298\" src=\"http:\/\/77.240.19.26\/~solixi\/wp-content\/uploads\/2017\/04\/Sy1_WarmWater-1.png\" alt=\"\" width=\"30\" height=\"30\" \/>\u00a0is consumed?<\/li>\n<li>Are there heat pumps\u00a0<img loading=\"lazy\" decoding=\"async\" class=\"alignnone wp-image-296\" src=\"http:\/\/77.240.19.26\/~solixi\/wp-content\/uploads\/2017\/04\/Sy1_heatpump-1.png\" alt=\"\" width=\"30\" height=\"30\" \/>, is hot needed\u00a0<img loading=\"lazy\" decoding=\"async\" class=\"alignnone wp-image-300\" src=\"http:\/\/77.240.19.26\/~solixi\/wp-content\/uploads\/2017\/04\/Sy1_HeatingTemp-1.png\" alt=\"\" width=\"30\" height=\"30\" \/>\u00a0?<\/li>\n<li>Test easily sizing and power<img loading=\"lazy\" decoding=\"async\" class=\"alignnone wp-image-1122\" src=\"http:\/\/77.240.19.26\/~solixi\/wp-content\/uploads\/2017\/07\/Slider.png\" alt=\"\" width=\"79\" height=\"35\" \/><\/li>\n<li>Clear colors, i.e. black for total energy \u00a0<img loading=\"lazy\" decoding=\"async\" class=\"alignnone wp-image-652\" src=\"http:\/\/77.240.19.26\/~solixi\/wp-content\/uploads\/2017\/06\/Sy1_TotalMWh.png\" alt=\"\" width=\"30\" height=\"30\" \/>\u00a0and total expenses.<\/li>\n<\/ul>\n<h4>Choose and size Solixis<\/h4>\n<ul>\n<li>Water boiler\u00a0<img loading=\"lazy\" decoding=\"async\" class=\"alignnone wp-image-309\" src=\"http:\/\/77.240.19.26\/~solixi\/wp-content\/uploads\/2017\/06\/Sy1_SolixiBoiler.png\" alt=\"\" width=\"30\" height=\"30\" \/>\u00a0on\/off and sizing.<\/li>\n<li>Solar concentrator\u00a0<img loading=\"lazy\" decoding=\"async\" class=\"alignnone wp-image-307\" src=\"http:\/\/77.240.19.26\/~solixi\/wp-content\/uploads\/2017\/06\/Sy1_Concentrator.png\" alt=\"\" width=\"30\" height=\"30\" \/>\u00a0on\/off, sizing, quantities, collector efficiency, shadows on the roof.<\/li>\n<li>Do you need air conditioning or cold\u00a0<img loading=\"lazy\" decoding=\"async\" class=\"alignnone wp-image-308\" src=\"http:\/\/77.240.19.26\/~solixi\/wp-content\/uploads\/2017\/06\/Sy1_Cooling.png\" alt=\"\" width=\"30\" height=\"30\" \/>\u00a0?<\/li>\n<li>Add heat recovery\u00a0<img loading=\"lazy\" decoding=\"async\" class=\"alignnone wp-image-657\" src=\"http:\/\/77.240.19.26\/~solixi\/wp-content\/uploads\/2017\/06\/Sy1_HeatRecovery.png\" alt=\"\" width=\"30\" height=\"30\" \/><\/li>\n<li>Size everything up and down\u00a0<img loading=\"lazy\" decoding=\"async\" class=\"alignnone wp-image-1122\" src=\"http:\/\/77.240.19.26\/~solixi\/wp-content\/uploads\/2017\/07\/Slider.png\" alt=\"\" width=\"79\" height=\"35\" \/>, you can also type the value.<\/li>\n<\/ul>\n<h4>Check<\/h4>\n<ul>\n<li>The efficiencies of heat pumps\u00a0<img loading=\"lazy\" decoding=\"async\" class=\"alignnone wp-image-305\" src=\"http:\/\/77.240.19.26\/~solixi\/wp-content\/uploads\/2017\/06\/Sy1_SCOP.png\" alt=\"\" width=\"30\" height=\"30\" \/>\u00a0at times when they are used the most<\/li>\n<li>That energy consumption\u00a0<img loading=\"lazy\" decoding=\"async\" class=\"alignnone wp-image-652\" src=\"http:\/\/77.240.19.26\/~solixi\/wp-content\/uploads\/2017\/06\/Sy1_TotalMWh.png\" alt=\"\" width=\"30\" height=\"30\" \/>\u00a0is on a yearly and monthly level same as in the energy bill<\/li>\n<li>Graphics, does it look right.<\/li>\n<\/ul>\n<p>[\/vc_column_text][\/vc_column][vc_column width=&#8221;1\/3&#8243;][vc_column_text]<\/p>\n<h2>Unique algorithm calculator<\/h2>\n<ul>\n<li>Complex energy modelling of a building in a moment.<\/li>\n<li>You can get along with basic information.<\/li>\n<li>Test alternatives in seconds.<\/li>\n<li>You only need the energy bill and the information of present devices.<\/li>\n<\/ul>\n<h4>The entity determines<\/h4>\n<p>Intelligent algorithms, formulas and functions take the weather, chosen devices, power, prices, energy consumption and yield as well as time from hour level to year level into account as one integrated entity.<br \/>\nIn this way the savings are under 100 % and realistic, although there would be several devices that &#8221;save&#8221; over 50 %.<br \/>\nCalculator favours the cheapest energy the same way as the intelligent Solixi controller. The calculator calculates also the savings brought by the energy storage (boiler) taking into account the changes in weather and electricity price as well as the running time and power of the devices.<br \/>\nPreviously there has not been a corresponding calculator.<\/p>\n<p>Power and sizing is easy to adjust up and down:<\/p>\n<ul>\n<li><img loading=\"lazy\" decoding=\"async\" class=\"alignnone wp-image-1122\" src=\"http:\/\/77.240.19.26\/~solixi\/wp-content\/uploads\/2017\/07\/Slider.png\" alt=\"\" width=\"67\" height=\"30\" \/>set\u00a0optimal in different situations.<\/li>\n<li>Is there enough power <img loading=\"lazy\" decoding=\"async\" class=\"alignnone wp-image-656\" src=\"http:\/\/77.240.19.26\/~solixi\/wp-content\/uploads\/2017\/06\/Sy1_LackMWh.png\" alt=\"\" width=\"30\" height=\"30\" \/>\u00a0?<\/li>\n<li>Is there heating power reserve in January\u00a0<img loading=\"lazy\" decoding=\"async\" class=\"alignnone wp-image-655\" src=\"http:\/\/77.240.19.26\/~solixi\/wp-content\/uploads\/2017\/06\/Sy1_JanuaryMWh.png\" alt=\"\" width=\"30\" height=\"30\" \/>?<\/li>\n<li>What kind of electricity contract pays off\u00a0<img loading=\"lazy\" decoding=\"async\" class=\"alignnone wp-image-286\" src=\"http:\/\/77.240.19.26\/~solixi\/wp-content\/uploads\/2017\/04\/Sy1_ElectFluct.png\" alt=\"\" width=\"30\" height=\"30\" \/>?<\/li>\n<li>Does it pay off to invest in low temperature heating (floor heating) \u00a0<img loading=\"lazy\" decoding=\"async\" class=\"alignnone wp-image-300\" src=\"http:\/\/77.240.19.26\/~solixi\/wp-content\/uploads\/2017\/04\/Sy1_HeatingTemp-1.png\" alt=\"\" width=\"30\" height=\"30\" \/>?<\/li>\n<\/ul>\n<h4>Offer and savings calculator\u00a0<img loading=\"lazy\" decoding=\"async\" class=\"alignnone wp-image-654\" src=\"http:\/\/77.240.19.26\/~solixi\/wp-content\/uploads\/2017\/06\/Sy1_SolixiHeatSavings.png\" alt=\"\" width=\"30\" height=\"30\" \/><\/h4>\n<ul>\n<li>Solixi-offer is a saved building-specific calculation provided by the calculator<\/li>\n<li>Savings heating\u00a0<img loading=\"lazy\" decoding=\"async\" class=\"alignnone wp-image-654\" src=\"http:\/\/77.240.19.26\/~solixi\/wp-content\/uploads\/2017\/06\/Sy1_SolixiHeatSavings.png\" alt=\"\" width=\"30\" height=\"30\" \/>\u00a0and air conditioning\/cold\u00a0<img loading=\"lazy\" decoding=\"async\" class=\"alignnone wp-image-653\" src=\"http:\/\/77.240.19.26\/~solixi\/wp-content\/uploads\/2017\/06\/Sy1_SolixiCoolingSavings.png\" alt=\"\" width=\"30\" height=\"30\" \/>.<\/li>\n<li>The dealer checks the calculation and can make corrections or suggestions.<\/li>\n<\/ul>\n<h4>Prices from the dealer<\/h4>\n<p>The offer contain also possible other devices and supplies as well as the installation with time tables.<\/p>\n<h4><strong>Please make your calculation and ask for an offer<\/strong><\/h4>\n<p>Solixi calculation is is a good start for any energy renovation. You do not need to add Solixi at all (right column). In any case Solixi calculator gives the basic information in smart format for any energy renovation.<\/p>\n<p>The calculator makes it easier to understand the whole building as one unit. When you need to take into account plenty of energy devices and sources, Solixi will show how they effect to each other in a hybrid smart and clean energy system.<\/p>\n<h2><\/h2>\n<p>[\/vc_column_text][\/vc_column][vc_column width=&#8221;1\/3&#8243;][vc_column_text]<\/p>\n<h2>Verification<\/h2>\n<p>Although Solixi is new and innovative energy system from which there is no experience and although every house and location is different, the calculation is, when it is done according to instructions, a good basis for continued planning.<\/p>\n<p><strong>Beforehand<\/strong><\/p>\n<ul>\n<li>Other calculators and modelings of buildings, comparisons.<\/li>\n<li>Solixi experts and partners.<\/li>\n<li>Feed back and correction suggestions are taken into account.<\/li>\n<li>The data of the 2013 Solixi prototype.<\/li>\n<\/ul>\n<p><strong>Afterwards<\/strong><\/p>\n<ul>\n<li>Solixi controllers <img loading=\"lazy\" decoding=\"async\" class=\"alignnone wp-image-306\" src=\"http:\/\/77.240.19.26\/~solixi\/wp-content\/uploads\/2017\/06\/Sy1_IoTController.png\" alt=\"\" width=\"30\" height=\"30\" \/> data that is compared to the data of the calculator.<\/li>\n<li>Controller data and materialized energy statistics are usually public on these pages, as well as the calculator is.<\/li>\n<\/ul>\n<p><b>Accuracy gets better<\/b><\/p>\n<ul>\n<li>Even old calculations get more accurate while Solixi calibrate the calculator continuously.<\/li>\n<\/ul>\n<p>&nbsp;<\/p>\n<h4>Joint procurement<\/h4>\n<p>may pay off. For example a common big boiler\u00a0<img loading=\"lazy\" decoding=\"async\" class=\"alignnone wp-image-309\" src=\"http:\/\/77.240.19.26\/~solixi\/wp-content\/uploads\/2017\/06\/Sy1_SolixiBoiler.png\" alt=\"\" width=\"30\" height=\"30\" \/>, a common solar concentrator on a sunny roof \u00a0<img loading=\"lazy\" decoding=\"async\" class=\"alignnone wp-image-307\" src=\"http:\/\/77.240.19.26\/~solixi\/wp-content\/uploads\/2017\/06\/Sy1_Concentrator.png\" alt=\"\" width=\"30\" height=\"30\" \/>, own Solixi controllers and adjustments for everybody <img loading=\"lazy\" decoding=\"async\" class=\"alignnone wp-image-306\" src=\"http:\/\/77.240.19.26\/~solixi\/wp-content\/uploads\/2017\/06\/Sy1_IoTController.png\" alt=\"\" width=\"30\" height=\"30\" \/>; temperatures\u00a0<img loading=\"lazy\" decoding=\"async\" class=\"alignnone wp-image-300\" src=\"http:\/\/77.240.19.26\/~solixi\/wp-content\/uploads\/2017\/04\/Sy1_HeatingTemp-1.png\" alt=\"\" width=\"30\" height=\"30\" \/>, consumption\u00a0<img loading=\"lazy\" decoding=\"async\" class=\"alignnone wp-image-652\" src=\"http:\/\/77.240.19.26\/~solixi\/wp-content\/uploads\/2017\/06\/Sy1_TotalMWh.png\" alt=\"\" width=\"30\" height=\"30\" \/>\u00a0and savings\u00a0<img loading=\"lazy\" decoding=\"async\" class=\"alignnone wp-image-654\" src=\"http:\/\/77.240.19.26\/~solixi\/wp-content\/uploads\/2017\/06\/Sy1_SolixiHeatSavings.png\" alt=\"\" width=\"30\" height=\"30\" \/>.<\/p>\n<h4>Solixi Oy is not responsible for calculations<\/h4>\n<p>but calculator and the data produced by controllers is a basis for design to the ones who do Solixi calculations and to the ones who consider acquisition of Solixi: housing companies, companies, municipalities and industry.<\/p>\n<h4><strong>Investment<\/strong><\/h4>\n<p>in another calculation. Solixi prices can be found from the <a href=\"http:\/\/www.solixi.com\/products\/\">products menu<\/a>.<br \/>\nTo get local building specific expenses please contact Solixi dealer.<\/p>\n<h4>Solixi dealer checks always the devices, building, energy need etc. and makes a separate offer.<\/h4>\n<p>[\/vc_column_text][\/vc_column][\/vc_row][vc_row][vc_column][vc_column_text][\/vc_column_text][\/vc_column][\/vc_row]<\/p>\n<\/div>","protected":false},"excerpt":{"rendered":"<p>[vc_row][vc_column width=&#8221;1\/3&#8243;][vc_column_text] BIM made the quick way BIM, Building Information Modelling, especially for energy, has never been so easy, quick and affordable. Use the unique Solixi calculator, see how energy expenses and savings vary when you use on\/off switches, set new power or price to any device. Smart algorithms will take into account other devices, &#8230; <a title=\"Miten ja mit\u00e4 se laskee?\" class=\"read-more\" href=\"http:\/\/www.solixi.com\/fi\/savings-calculator\/\" aria-label=\"Lue lis\u00e4\u00e4 aiheesta Miten ja mit\u00e4 se laskee?\">Lue lis\u00e4\u00e4<\/a><\/p>\n","protected":false},"author":2,"featured_media":482,"parent":0,"menu_order":0,"comment_status":"closed","ping_status":"closed","template":"","meta":{"footnotes":""},"class_list":["post-678","page","type-page","status-publish","has-post-thumbnail"],"_links":{"self":[{"href":"http:\/\/www.solixi.com\/fi\/wp-json\/wp\/v2\/pages\/678","targetHints":{"allow":["GET"]}}],"collection":[{"href":"http:\/\/www.solixi.com\/fi\/wp-json\/wp\/v2\/pages"}],"about":[{"href":"http:\/\/www.solixi.com\/fi\/wp-json\/wp\/v2\/types\/page"}],"author":[{"embeddable":true,"href":"http:\/\/www.solixi.com\/fi\/wp-json\/wp\/v2\/users\/2"}],"replies":[{"embeddable":true,"href":"http:\/\/www.solixi.com\/fi\/wp-json\/wp\/v2\/comments?post=678"}],"version-history":[{"count":108,"href":"http:\/\/www.solixi.com\/fi\/wp-json\/wp\/v2\/pages\/678\/revisions"}],"predecessor-version":[{"id":13706,"href":"http:\/\/www.solixi.com\/fi\/wp-json\/wp\/v2\/pages\/678\/revisions\/13706"}],"wp:featuredmedia":[{"embeddable":true,"href":"http:\/\/www.solixi.com\/fi\/wp-json\/wp\/v2\/media\/482"}],"wp:attachment":[{"href":"http:\/\/www.solixi.com\/fi\/wp-json\/wp\/v2\/media?parent=678"}],"curies":[{"name":"wp","href":"https:\/\/api.w.org\/{rel}","templated":true}]}}