{"id":716,"date":"2017-07-02T08:01:53","date_gmt":"2017-07-02T08:01:53","guid":{"rendered":"http:\/\/77.240.19.26\/~solixi\/?page_id=716"},"modified":"2022-10-30T10:29:05","modified_gmt":"2022-10-30T10:29:05","slug":"calculator-users-guide","status":"publish","type":"page","link":"http:\/\/www.solixi.com\/fi\/calculator-users-guide\/","title":{"rendered":"Kannattavuuslaskuri k\u00e4ytt\u00f6ohje"},"content":{"rendered":"<div class=\"wpb-content-wrapper\"><p>[vc_row][vc_column][vc_column_text]<\/p>\n<h4>Please note the Solixi web calculator in password protected.<br \/>\nAccess is granted for Solixi ecosystem members like dealers and resellers and their customers.<\/h4>\n<p>[\/vc_column_text][\/vc_column][vc_column][\/vc_column][\/vc_row][vc_row][vc_column width=&#8221;1\/3&#8243;][vc_column_text]<\/p>\n<h2>1. View\u00a0calculations on the <a href=\"http:\/\/www.solixi.com\/calculator\/\">map<\/a><\/h2>\n<h4>Find and click the <strong>GREEN<\/strong> pointers on the calculator map<\/h4>\n<p>check the savings potential (blue\/cooling, red\/heating), click <strong>&#8221;load calculation&#8221;<\/strong> to see the details:<\/p>\n<p><img loading=\"lazy\" decoding=\"async\" class=\"alignnone size-thumbnail wp-image-4051\" src=\"http:\/\/www.solixi.com\/wp-content\/uploads\/2017\/07\/HK15load-300x178.jpg\" alt=\"\" width=\"300\" height=\"178\" \/><\/p>\n<p>&nbsp;<\/p>\n<h4><strong>Duplicate any calculation<\/strong><\/h4>\n<ol>\n<li><strong>&#8221;Enter your email&#8221;<\/strong>.<br \/>\nThe calculation owner is identified only by email. It is shown publicly.<br \/>\n<img loading=\"lazy\" decoding=\"async\" class=\"alignnone wp-image-4056 size-full\" src=\"http:\/\/www.solixi.com\/wp-content\/uploads\/2017\/07\/Buttons.jpg\" alt=\"\" width=\"600\" height=\"130\" srcset=\"http:\/\/www.solixi.com\/wp-content\/uploads\/2017\/07\/Buttons.jpg 600w, http:\/\/www.solixi.com\/wp-content\/uploads\/2017\/07\/Buttons-300x65.jpg 300w\" sizes=\"auto, (max-width: 600px) 100vw, 600px\" \/><\/li>\n<li>Press &#8221;<strong>Duplicate&#8221;<\/strong> button<\/li>\n<li><strong>&#8221;Enter a location&#8221;<\/strong> of the building: type the address<br \/>\n<img loading=\"lazy\" decoding=\"async\" class=\"alignnone wp-image-4055 size-full\" src=\"http:\/\/www.solixi.com\/wp-content\/uploads\/2017\/07\/enterlocation.jpg\" alt=\"\" width=\"600\" height=\"75\" srcset=\"http:\/\/www.solixi.com\/wp-content\/uploads\/2017\/07\/enterlocation.jpg 600w, http:\/\/www.solixi.com\/wp-content\/uploads\/2017\/07\/enterlocation-300x38.jpg 300w\" sizes=\"auto, (max-width: 600px) 100vw, 600px\" \/><\/li>\n<li>Press <strong>&#8221;Save&#8221;<\/strong> button<\/li>\n<li><strong>Check your email<\/strong>, click the second link with right to SAVE, <strong>add the link into your internet browser bookmarks.<\/strong><\/li>\n<li><strong>To modify<\/strong>, use the\u00a0<strong>bookmark<\/strong>.<\/li>\n<li><strong>To share<\/strong>, with no option to change and save, share <strong>the first link in the email<\/strong>.<\/li>\n<\/ol>\n<div class=\"wpb_column vc_column_container vc_col-sm-4\"><\/div>\n<p>[\/vc_column_text][\/vc_column][vc_column width=&#8221;1\/3&#8243;][vc_column_text]<\/p>\n<h2>2. Set current energy values of the building<\/h2>\n<p>Please check your energy bill and the manuals of the devices. Copy the numbers.<br \/>\nTo open guidance, click\u00a0<img loading=\"lazy\" decoding=\"async\" class=\"alignnone size-full wp-image-2966\" src=\"http:\/\/www.solixi.com\/wp-content\/uploads\/2017\/04\/SolixiHing.png\" alt=\"\" width=\"30\" height=\"29\" \/><\/p>\n<h4><strong>Set switch to LEFT &#8221;Current (left column)&#8221;<\/strong><br \/>\n<img loading=\"lazy\" decoding=\"async\" class=\"alignnone wp-image-4042 size-full\" src=\"http:\/\/www.solixi.com\/wp-content\/uploads\/2017\/07\/CurBurn.jpg\" alt=\"\" width=\"600\" height=\"383\" srcset=\"http:\/\/www.solixi.com\/wp-content\/uploads\/2017\/07\/CurBurn.jpg 600w, http:\/\/www.solixi.com\/wp-content\/uploads\/2017\/07\/CurBurn-300x192.jpg 300w\" sizes=\"auto, (max-width: 600px) 100vw, 600px\" \/><\/h4>\n<h4><strong>Example, load it here<\/strong><\/h4>\n<p>Burner (in this case district heating) annual expenses are 52.000\u20ac, price is 70.3 \u20ac\/MWh, the burner power is 200kW.<\/p>\n<p>The annual usage for hot water is 100 MWh, 1 MWh \/ person yearly.<\/p>\n<p><img loading=\"lazy\" decoding=\"async\" class=\"alignnone wp-image-4043 size-full\" src=\"http:\/\/www.solixi.com\/wp-content\/uploads\/2017\/07\/WaterHK15.jpg\" alt=\"\" width=\"600\" height=\"505\" srcset=\"http:\/\/www.solixi.com\/wp-content\/uploads\/2017\/07\/WaterHK15.jpg 600w, http:\/\/www.solixi.com\/wp-content\/uploads\/2017\/07\/WaterHK15-300x253.jpg 300w\" sizes=\"auto, (max-width: 600px) 100vw, 600px\" \/><br \/>\nIn this <strong>example<\/strong> annual need for energy 740MWh, 100MWh used for hot water, Burner is the only heater 740 MWh.<br \/>\nIn case there are other heaters or heat pumps, please switch them on and set values.<br \/>\n<strong>Monthly distribution<\/strong> is calculated by the location&#8217;s weather data (closest station mentioned above the map); heating or cooling days per month, cloudiness etc.<br \/>\n<strong>To save press green &#8221;Save&#8221; \u00a0button.<br \/>\n<\/strong>[\/vc_column_text][\/vc_column][vc_column width=&#8221;1\/3&#8243;][vc_column_text]<\/p>\n<h2>3. Make Your digital energy renovation<\/h2>\n<h4><strong>Set switch to RIGHT &#8221;Solixi (all settings)&#8221;:<\/strong><\/h4>\n<h4><strong><img loading=\"lazy\" decoding=\"async\" class=\"alignnone wp-image-4090 size-full\" src=\"http:\/\/www.solixi.com\/wp-content\/uploads\/2017\/07\/HK15all.jpg\" alt=\"\" width=\"600\" height=\"771\" srcset=\"http:\/\/www.solixi.com\/wp-content\/uploads\/2017\/07\/HK15all.jpg 600w, http:\/\/www.solixi.com\/wp-content\/uploads\/2017\/07\/HK15all-233x300.jpg 233w\" sizes=\"auto, (max-width: 600px) 100vw, 600px\" \/><\/strong><\/h4>\n<h4><strong>Example, load it here<\/strong><\/h4>\n<ul>\n<li>Energy yield\/black is the same 740MWh and 100MWh used to hot water\/blue.<\/li>\n<li>Solixi solar concentrators\/orange 74MWh mainly in spring and in summer.<\/li>\n<li>New heat pumps\/red connected to Solixi water boiler 6MWh produce 472MWh, COP is 4 and power 62kWh.<\/li>\n<li>No cooling.<\/li>\n<li>Burner\/grey line is used only in winter, 130 MWh total.<\/li>\n<li>New electric resistors\/lila in Solixi water boiler, power 37 kW.<\/li>\n<li>Heat recovery connected to Solixi water boiler saves 89MWh.<\/li>\n<li>Still lack\/brown in winter time power, in January 3 MWh.<br \/>\nIt can be OK if accepted to low temperatures a bit in coldest winter days.<\/li>\n<li>Energy costs\/current were 52.000\u20ac, after energy renovation 29.000\u20ac and Solixi water boiler, solar concentrators and heat recovery save 12.120\u20ac more (41%).<br \/>\n52.000-23.000-12.120=16.880 energy expenses after the energy renovation,<br \/>\n<strong>34.652\u20ac and 66% annual savings<\/strong>.<\/li>\n<\/ul>\n<p><strong>Video of this example can be seen <a href=\"https:\/\/www.youtube.com\/watch?v=0D_4fHO1gJU\">here<\/a>.<\/strong><\/p>\n<p>&nbsp;<\/p>\n<h4>For more detailed info <a href=\"http:\/\/www.solixi.com\/savings-calculator\/\">please click here.<\/a><\/h4>\n<p>[\/vc_column_text][\/vc_column][\/vc_row][vc_row][vc_column][vc_column_text]<a href=\"http:\/\/www.solixi.com\/calculator\/\"><img loading=\"lazy\" decoding=\"async\" class=\"aligncenter wp-image-120 size-full\" src=\"http:\/\/www.solixi.com\/wp-content\/uploads\/2017\/04\/Solixi_home_WP.jpg\" alt=\"\" width=\"950\" height=\"414\" srcset=\"http:\/\/www.solixi.com\/wp-content\/uploads\/2017\/04\/Solixi_home_WP.jpg 950w, http:\/\/www.solixi.com\/wp-content\/uploads\/2017\/04\/Solixi_home_WP-300x131.jpg 300w, http:\/\/www.solixi.com\/wp-content\/uploads\/2017\/04\/Solixi_home_WP-768x335.jpg 768w\" sizes=\"auto, (max-width: 950px) 100vw, 950px\" \/><\/a>[\/vc_column_text][\/vc_column][\/vc_row]<\/p>\n<\/div>","protected":false},"excerpt":{"rendered":"<p>[vc_row][vc_column][vc_column_text] Please note the Solixi web calculator in password protected. Access is granted for Solixi ecosystem members like dealers and resellers and their customers. [\/vc_column_text][\/vc_column][vc_column][\/vc_column][\/vc_row][vc_row][vc_column width=&#8221;1\/3&#8243;][vc_column_text] 1. View\u00a0calculations on the map Find and click the GREEN pointers on the calculator map check the savings potential (blue\/cooling, red\/heating), click &#8221;load calculation&#8221; to see the details: &nbsp; &#8230; <a title=\"Kannattavuuslaskuri k\u00e4ytt\u00f6ohje\" class=\"read-more\" href=\"http:\/\/www.solixi.com\/fi\/calculator-users-guide\/\" aria-label=\"Lue lis\u00e4\u00e4 aiheesta Kannattavuuslaskuri k\u00e4ytt\u00f6ohje\">Lue lis\u00e4\u00e4<\/a><\/p>\n","protected":false},"author":2,"featured_media":500,"parent":0,"menu_order":0,"comment_status":"closed","ping_status":"closed","template":"","meta":{"footnotes":""},"class_list":["post-716","page","type-page","status-publish","has-post-thumbnail"],"_links":{"self":[{"href":"http:\/\/www.solixi.com\/fi\/wp-json\/wp\/v2\/pages\/716","targetHints":{"allow":["GET"]}}],"collection":[{"href":"http:\/\/www.solixi.com\/fi\/wp-json\/wp\/v2\/pages"}],"about":[{"href":"http:\/\/www.solixi.com\/fi\/wp-json\/wp\/v2\/types\/page"}],"author":[{"embeddable":true,"href":"http:\/\/www.solixi.com\/fi\/wp-json\/wp\/v2\/users\/2"}],"replies":[{"embeddable":true,"href":"http:\/\/www.solixi.com\/fi\/wp-json\/wp\/v2\/comments?post=716"}],"version-history":[{"count":91,"href":"http:\/\/www.solixi.com\/fi\/wp-json\/wp\/v2\/pages\/716\/revisions"}],"predecessor-version":[{"id":13704,"href":"http:\/\/www.solixi.com\/fi\/wp-json\/wp\/v2\/pages\/716\/revisions\/13704"}],"wp:featuredmedia":[{"embeddable":true,"href":"http:\/\/www.solixi.com\/fi\/wp-json\/wp\/v2\/media\/500"}],"wp:attachment":[{"href":"http:\/\/www.solixi.com\/fi\/wp-json\/wp\/v2\/media?parent=716"}],"curies":[{"name":"wp","href":"https:\/\/api.w.org\/{rel}","templated":true}]}}