{"id":730,"date":"2017-07-02T10:34:21","date_gmt":"2017-07-02T10:34:21","guid":{"rendered":"http:\/\/77.240.19.26\/~solixi\/?page_id=730"},"modified":"2017-08-17T05:33:44","modified_gmt":"2017-08-17T05:33:44","slug":"calculator-tips","status":"publish","type":"page","link":"http:\/\/www.solixi.com\/fi\/calculator-tips\/","title":{"rendered":"Vinkkej\u00e4"},"content":{"rendered":"<div class=\"wpb-content-wrapper\"><p>[vc_row 0=&#8221;&#8221;][vc_column 0=&#8221;&#8221;][vc_column_text 0=&#8221;&#8221;]<\/p>\n<h2><span style=\"color: #008000;\">L\u00f6yd\u00e4 parhaat laiteyhdistelm\u00e4t Solixi laskurilla<\/span><\/h2>\n<p>[\/vc_column_text][\/vc_column][\/vc_row][vc_row 0=&#8221;&#8221;][vc_column width=&#8221;1\/3&#8243;][vc_column_text 0=&#8221;&#8221;]<\/p>\n<h2>Hybridij\u00e4rjestelm\u00e4 on monen summa<\/h2>\n<p>Solixi on yhteensopiva k\u00e4yt\u00e4nn\u00f6ss\u00e4 kaikkien markkinoilla olevien laitteiden ja j\u00e4rjestelmien kanssa. Vesivaraajaan voi kytke\u00e4 polttimia (hiili, \u00f6ljy, kaasu, puu), l\u00e4mp\u00f6pumppuja, kaukol\u00e4mp\u00f6\u00e4 ja j\u00e4\u00e4hdytys-, ilmastointi-, ilmanvaihto ja aurinkoj\u00e4rjestelmi\u00e4, s\u00e4hk\u00f6-, lattia- ja patteril\u00e4mmityst\u00e4, mit\u00e4 tahansa talotekniikkaa jne. Solixi on aina yhteensopiva ja parantaa muita laitteita kun suunnittelu on tehty oikein.<\/p>\n<p>Solixi on laaja ja skaalattava j\u00e4rjestelm\u00e4; IoT-kontrollerit, vesivaraajat, aurinkokeskittimet, kaikista monta mallia ja kokoa.<\/p>\n<p>Vinkkien avulla l\u00f6yd\u00e4t parhaat yhdistelm\u00e4t ja sopivan mitoituksen.<\/p>\n<p>[\/vc_column_text][\/vc_column][vc_column width=&#8221;1\/3&#8243;][vc_column_text 0=&#8221;&#8221;]<\/p>\n<h2>L\u00e4mp\u00f6pumput<\/h2>\n<p>Kaikki l\u00e4mp\u00f6pumput (ilma-, maa, vesi-, l\u00e4mm\u00f6n talteenotto, ilmastointi) muuttavat s\u00e4hk\u00f6\u00e4 l\u00e4mm\u00f6ksi ja kylm\u00e4ksi. Toinen k\u00e4ytet\u00e4\u00e4n, toinen lent\u00e4\u00e4 taivaan tuuliin.<\/p>\n<p>&nbsp;<\/p>\n<p>Solixin iso vesivaraaja ja kontrolleri ajoittavat l\u00e4mp\u00f6pumpun k\u00e4yntiajan edulliseksi, sek\u00e4 s\u00e4hk\u00f6n hinnan ett\u00e4 s\u00e4\u00e4n mukaan. Kun l\u00e4mp\u00f6pumppua ei kannata k\u00e4ytt\u00e4\u00e4, l\u00e4mp\u00f6\u00e4 ja\/tai kylm\u00e4\u00e4 saadaan isosta vesivaraajasta.<\/p>\n<p>Jos k\u00e4yt\u00f6ss\u00e4 on Solixi l\u00e4mp\u00f6pumppu, l\u00e4mm\u00f6n talteenotto ja\/tai ilmastointi, saadaan lis\u00e4s\u00e4\u00e4st\u00f6j\u00e4 kun varastoidaan molemmat, l\u00e4mp\u00f6 ja kylm\u00e4. Energiatehokkuus paranee kun kumpikaan ei lenn\u00e4 taivaan tuuliin.[\/vc_column_text][\/vc_column][vc_column width=&#8221;1\/3&#8243;][vc_column_text]<\/p>\n<h2>Aurinkokeskitin kannattaa jos halutaan<\/h2>\n<ul>\n<li>kuumaa my\u00f6s talvella, aamulla ja illalla<\/li>\n<li>l\u00e4mmitys pois p\u00e4\u00e4lt\u00e4 kes\u00e4helteell\u00e4<\/li>\n<li>vesivaraajan koko kapasiteetti k\u00e4ytt\u00f6\u00f6n kuumaa hy\u00f6dynt\u00e4en.<\/li>\n<li>l\u00e4mp\u00f6\u00e4 my\u00f6s pilvisell\u00e4 s\u00e4\u00e4ll\u00e4<\/li>\n<\/ul>\n<h2>Eroon poltosta<\/h2>\n<p>Moni haluaa luopua poltosta ja polttimista (\u00f6ljy, hiili, kaasu, puu, pelletti).<\/p>\n<p>Solixi laskurilla voi laskea miten se onnistuu ja kannattaa.[\/vc_column_text][\/vc_column][\/vc_row][vc_row][vc_column][vc_column_text]<a href=\"http:\/\/77.240.19.26\/~solixi\/calculator\/\"><img loading=\"lazy\" decoding=\"async\" class=\"alignnone size-full wp-image-120 aligncenter\" src=\"http:\/\/77.240.19.26\/~solixi\/wp-content\/uploads\/2017\/04\/Solixi_home_WP.jpg\" alt=\"\" width=\"950\" height=\"414\" srcset=\"http:\/\/www.solixi.com\/wp-content\/uploads\/2017\/04\/Solixi_home_WP.jpg 950w, http:\/\/www.solixi.com\/wp-content\/uploads\/2017\/04\/Solixi_home_WP-300x131.jpg 300w, http:\/\/www.solixi.com\/wp-content\/uploads\/2017\/04\/Solixi_home_WP-768x335.jpg 768w\" sizes=\"auto, (max-width: 950px) 100vw, 950px\" \/><\/a>[\/vc_column_text][\/vc_column][\/vc_row]<\/p>\n<\/div>","protected":false},"excerpt":{"rendered":"<p>[vc_row 0=&#8221;&#8221;][vc_column 0=&#8221;&#8221;][vc_column_text 0=&#8221;&#8221;] L\u00f6yd\u00e4 parhaat laiteyhdistelm\u00e4t Solixi laskurilla [\/vc_column_text][\/vc_column][\/vc_row][vc_row 0=&#8221;&#8221;][vc_column width=&#8221;1\/3&#8243;][vc_column_text 0=&#8221;&#8221;] Hybridij\u00e4rjestelm\u00e4 on monen summa Solixi on yhteensopiva k\u00e4yt\u00e4nn\u00f6ss\u00e4 kaikkien markkinoilla olevien laitteiden ja j\u00e4rjestelmien kanssa. Vesivaraajaan voi kytke\u00e4 polttimia (hiili, \u00f6ljy, kaasu, puu), l\u00e4mp\u00f6pumppuja, kaukol\u00e4mp\u00f6\u00e4 ja j\u00e4\u00e4hdytys-, ilmastointi-, ilmanvaihto ja aurinkoj\u00e4rjestelmi\u00e4, s\u00e4hk\u00f6-, lattia- ja patteril\u00e4mmityst\u00e4, mit\u00e4 tahansa talotekniikkaa jne. Solixi on aina &#8230; <a title=\"Vinkkej\u00e4\" class=\"read-more\" href=\"http:\/\/www.solixi.com\/fi\/calculator-tips\/\" aria-label=\"Lue lis\u00e4\u00e4 aiheesta Vinkkej\u00e4\">Lue lis\u00e4\u00e4<\/a><\/p>\n","protected":false},"author":2,"featured_media":500,"parent":0,"menu_order":0,"comment_status":"closed","ping_status":"closed","template":"","meta":{"footnotes":""},"class_list":["post-730","page","type-page","status-publish","has-post-thumbnail"],"_links":{"self":[{"href":"http:\/\/www.solixi.com\/fi\/wp-json\/wp\/v2\/pages\/730","targetHints":{"allow":["GET"]}}],"collection":[{"href":"http:\/\/www.solixi.com\/fi\/wp-json\/wp\/v2\/pages"}],"about":[{"href":"http:\/\/www.solixi.com\/fi\/wp-json\/wp\/v2\/types\/page"}],"author":[{"embeddable":true,"href":"http:\/\/www.solixi.com\/fi\/wp-json\/wp\/v2\/users\/2"}],"replies":[{"embeddable":true,"href":"http:\/\/www.solixi.com\/fi\/wp-json\/wp\/v2\/comments?post=730"}],"version-history":[{"count":13,"href":"http:\/\/www.solixi.com\/fi\/wp-json\/wp\/v2\/pages\/730\/revisions"}],"predecessor-version":[{"id":2179,"href":"http:\/\/www.solixi.com\/fi\/wp-json\/wp\/v2\/pages\/730\/revisions\/2179"}],"wp:featuredmedia":[{"embeddable":true,"href":"http:\/\/www.solixi.com\/fi\/wp-json\/wp\/v2\/media\/500"}],"wp:attachment":[{"href":"http:\/\/www.solixi.com\/fi\/wp-json\/wp\/v2\/media?parent=730"}],"curies":[{"name":"wp","href":"https:\/\/api.w.org\/{rel}","templated":true}]}}