{"id":755,"date":"2017-07-05T06:42:51","date_gmt":"2017-07-05T06:42:51","guid":{"rendered":"http:\/\/77.240.19.26\/~solixi\/?page_id=755"},"modified":"2017-10-14T14:04:19","modified_gmt":"2017-10-14T14:04:19","slug":"heat_pumps","status":"publish","type":"page","link":"http:\/\/www.solixi.com\/fi\/heat_pumps\/","title":{"rendered":"L\u00e4mp\u00f6pumput ja lis\u00e4ksi kuumaa"},"content":{"rendered":"<div class=\"wpb-content-wrapper\"><p>[vc_row 0=&#8221;&#8221;][vc_column width=&#8221;1\/3&#8243;][vc_column_text 0=&#8221;&#8221;]<\/p>\n<h2>L\u00e4mp\u00f6pumput Solixiin<\/h2>\n<p><strong><img loading=\"lazy\" decoding=\"async\" class=\"alignnone wp-image-296\" src=\"http:\/\/77.240.19.26\/~solixi\/wp-content\/uploads\/2017\/04\/Sy1_heatpump-1.png\" alt=\"\" width=\"50\" height=\"50\" \/><img loading=\"lazy\" decoding=\"async\" class=\"alignnone wp-image-309\" src=\"http:\/\/77.240.19.26\/~solixi\/wp-content\/uploads\/2017\/06\/Sy1_SolixiBoiler.png\" alt=\"\" width=\"50\" height=\"50\" \/><img loading=\"lazy\" decoding=\"async\" class=\"alignnone wp-image-306\" src=\"http:\/\/77.240.19.26\/~solixi\/wp-content\/uploads\/2017\/06\/Sy1_IoTController.png\" alt=\"\" width=\"50\" height=\"50\" \/><br \/>\nL\u00e4mp\u00f6pumpun<\/strong> tuottaman l\u00e4mm\u00f6n hinta romahtaa, kun l\u00e4mp\u00f6 tehd\u00e4\u00e4n Solixi vesivaraajaan edullisella s\u00e4hk\u00f6ll\u00e4 ennen kylm\u00e4\u00e4 viikkoa Solixi IoT-kontrollerin ohjaamana..<br \/>\nKes\u00e4helteell\u00e4 pumpataan kylm\u00e4\u00e4 viile\u00e4st\u00e4 y\u00f6ilmasta edullisella s\u00e4hk\u00f6ll\u00e4 ja pienell\u00e4 s\u00e4hk\u00f6nkulutuksella.<br \/>\nSolixi Care seuraa s\u00e4hk\u00f6n hinta- ja s\u00e4\u00e4ennusteita\u00a0ja optimoi k\u00e4yntiajat.<\/p>\n<p>L\u00e4hes mik\u00e4 tahansa l\u00e4mp\u00f6pumppu voidaan liitt\u00e4\u00e4 Solixiin.<\/p>\n<p><strong>Maal\u00e4mp\u00f6pumpun<\/strong> hy\u00f6tysuhde paranee ja k\u00e4ytt\u00f6ik\u00e4 pitenee kun sit\u00e4 k\u00e4ytet\u00e4\u00e4n vain kylmimpin\u00e4 ja pimeinpin\u00e4 kuukausina. Maassa olevaa l\u00e4mp\u00f6\u00e4 ei kannata tuhlata jo alkusyksyst\u00e4, kev\u00e4\u00e4ll\u00e4 aurinko l\u00e4mmitt\u00e4\u00e4 edullisemmin. S\u00e4hk\u00f6\u00e4 ja euroja s\u00e4\u00e4styy ja pienempikin maal\u00e4mp\u00f6j\u00e4rjestelm\u00e4 riitt\u00e4\u00e4.<\/p>\n<p>Solixiin voi kytke\u00e4 useita erilaisia l\u00e4mp\u00f6pumppuja, joiden rinnakkainen ja \u00e4lyk\u00e4s k\u00e4ytt\u00f6 s\u00e4\u00e4st\u00e4\u00e4 viel\u00e4 lis\u00e4\u00e4.<\/p>\n<h4>Kaikki l\u00e4mp\u00f6pumput laskuriin<\/h4>\n<p><img loading=\"lazy\" decoding=\"async\" class=\"alignnone wp-image-296\" src=\"http:\/\/77.240.19.26\/~solixi\/wp-content\/uploads\/2017\/04\/Sy1_heatpump-1.png\" alt=\"\" width=\"50\" height=\"50\" \/><\/p>\n<ul>\n<li>vesi\/vesi, vesi\/ilma, ilma\/ilma<\/li>\n<li>L\u00e4mmittimet; l\u00e4mp\u00f6\u00e4 pumpataan sis\u00e4\u00e4n, kylm\u00e4\u00e4 ulos<\/li>\n<li>Ilmastointi; kylm\u00e4\u00e4 pumpataan sis\u00e4\u00e4n, l\u00e4mp\u00f6\u00e4 ulos<\/li>\n<li>L\u00e4mm\u00f6n talteenotto poistoilma\/vesi.<\/li>\n<li>L\u00e4mm\u00f6n talteenotto j\u00e4tevedest\u00e4\/vesi.<\/li>\n<\/ul>\n<h4>Hy\u00f6tysuhde<\/h4>\n<h2><img loading=\"lazy\" decoding=\"async\" class=\"alignnone wp-image-269\" src=\"http:\/\/77.240.19.26\/~solixi\/wp-content\/uploads\/2017\/04\/Sy1_Elect.png\" alt=\"\" width=\"50\" height=\"50\" \/><img loading=\"lazy\" decoding=\"async\" class=\"alignnone wp-image-305\" src=\"http:\/\/77.240.19.26\/~solixi\/wp-content\/uploads\/2017\/06\/Sy1_SCOP.png\" alt=\"\" width=\"50\" height=\"50\" \/><\/h2>\n<p>L\u00e4mp\u00f6pumppu on s\u00e4hk\u00f6laite.\u00a0Energian hinta riippuu suoraan s\u00e4hk\u00f6n hinnasta.<\/p>\n<p>Jos yksi kWh s\u00e4hk\u00f6\u00e4 tuottaa nelj\u00e4 kWh l\u00e4mp\u00f6\u00e4 COP = 4.<br \/>\nLaskurin grafiikasta n\u00e4kee koska l\u00e4mp\u00f6pumppua eniten tarvitaan. Lasku on tarkempi kun k\u00e4yt\u00e4t ko. vuodenajan SCOP kerrointa. Jos l\u00e4mp\u00f6pumppua k\u00e4ytet\u00e4\u00e4n eniten talvella l\u00e4mmitt\u00e4miseen, SCOP on tyypillisesti noin 2,5. SCOP heikkenee kun l\u00e4mp\u00f6tilaero kasvaa.<\/p>\n<p>Kovilla pakkasilla ei siis kannata l\u00e4mmitt\u00e4\u00e4 eik\u00e4 helteell\u00e4 viilent\u00e4\u00e4.<br \/>\nPoikkeus on\u00a0<a href=\"http:\/\/77.240.19.26\/~solixi\/heat_pumps\/orig1\/\">Solixi l\u00e4mp\u00f6pumppu<\/a>, johon ulkol\u00e4mp\u00f6tila ei vaikuta.<\/p>\n<p>S\u00e4hk\u00f6n hinta sek\u00e4 SCOP m\u00e4\u00e4r\u00e4\u00e4v\u00e4t l\u00e4mp\u00f6pumpun tuottaman l\u00e4mm\u00f6n tai kylm\u00e4n hinnan.<\/p>\n<p><strong>Huom!<\/strong><br \/>\n<img loading=\"lazy\" decoding=\"async\" class=\"alignleft wp-image-652\" src=\"http:\/\/77.240.19.26\/~solixi\/wp-content\/uploads\/2017\/06\/Sy1_TotalMWh.png\" alt=\"\" width=\"50\" height=\"50\" \/>Laskuri nostaa k\u00e4ytetyn energian m\u00e4\u00e4r\u00e4\u00e4 (MWh) kun SCOP paranee (ei s\u00e4hk\u00f6n kulutusta). Tarkista MWh kun s\u00e4\u00e4d\u00e4t SCOP.<\/p>\n<p>[\/vc_column_text][\/vc_column][vc_column width=&#8221;1\/3&#8243;][vc_column_text 0=&#8221;&#8221;]<\/p>\n<h2>L\u00e4mp\u00f6pumppu sopii Solixiin<\/h2>\n<p>Iso vesivaraaja ja kapasiteetti (MWh), sopivat l\u00e4mp\u00f6tilat aina jossain kolmeosaisessa varaajassa sek\u00e4 paksu yhten\u00e4inen eristys ovat l\u00e4mp\u00f6pumpun paratiisi.<br \/>\nSolixi kontrolleri optimoi k\u00e4yntiajat ja l\u00e4mp\u00f6tilat.<br \/>\nSCOP paranee ja edullisen s\u00e4hk\u00f6n ajat voidaan hy\u00f6dynt\u00e4\u00e4.<\/p>\n<h4>Teho kW<\/h4>\n<p>Jos l\u00e4mp\u00f6pumpun s\u00e4hk\u00f6teho on 10kW ja SCOP 2 l\u00e4mp\u00f6pumppu tuottaa 20kWh l\u00e4mp\u00f6\u00e4 tunnissa. Jos teho on liian pieni tarvitaan my\u00f6s muita l\u00e4mmittimi\u00e4 eik\u00e4 k\u00e4yntiaikoja voida lyhent\u00e4\u00e4 eli edullista s\u00e4hk\u00f6\u00e4 t\u00e4ysin hy\u00f6dynt\u00e4\u00e4. L\u00e4mp\u00f6pumppuja kannattaa ehk\u00e4 lis\u00e4t\u00e4, teho kasvaa ja k\u00e4yntiajat voidaan optimoida.<\/p>\n<h4>Matalia l\u00e4mp\u00f6tiloja<\/h4>\n<p>L\u00e4mp\u00f6pumppu voi tuottaa enint\u00e4\u00e4n noin 60\u00b0C l\u00e4mp\u00f6tiloja. Tehokkaimmillaan (COP) l\u00e4mp\u00f6pumppu on yleens\u00e4 0-50\u00b0C l\u00e4mp\u00f6tiloissa.<\/p>\n<h4>Eniten s\u00e4\u00e4st\u00e4\u00e4 kun;<\/h4>\n<p><img loading=\"lazy\" decoding=\"async\" class=\"wp-image-296 alignnone\" src=\"http:\/\/77.240.19.26\/~solixi\/wp-content\/uploads\/2017\/04\/Sy1_heatpump-1.png\" alt=\"\" width=\"50\" height=\"50\" \/><br \/>\nl\u00e4mp\u00f6pumput ovat tehokkaita (kW)<\/p>\n<p><img loading=\"lazy\" decoding=\"async\" class=\"wp-image-309 alignnone\" src=\"http:\/\/77.240.19.26\/~solixi\/wp-content\/uploads\/2017\/06\/Sy1_SolixiBoiler.png\" alt=\"\" width=\"50\" height=\"50\" \/><br \/>\nvesivaraajan kapasiteetti riitt\u00e4\u00e4 (MWh).<\/p>\n<p><img loading=\"lazy\" decoding=\"async\" class=\"wp-image-286 alignnone\" src=\"http:\/\/77.240.19.26\/~solixi\/wp-content\/uploads\/2017\/04\/Sy1_ElectFluct.png\" alt=\"\" width=\"50\" height=\"50\" \/><br \/>\ns\u00e4hk\u00f6\u00e4 saadaan ajoittain edullisesti.<\/p>\n<p><img loading=\"lazy\" decoding=\"async\" class=\"wp-image-300 alignnone\" src=\"http:\/\/77.240.19.26\/~solixi\/wp-content\/uploads\/2017\/04\/Sy1_HeatingTemp-1.png\" alt=\"\" width=\"50\" height=\"50\" \/><br \/>\ntalossa on matalia l\u00e4mp\u00f6j\u00e4 hy\u00f6dynt\u00e4v\u00e4 l\u00e4mmitys.<\/p>\n<p><img loading=\"lazy\" decoding=\"async\" class=\"size-full wp-image-654 aligncenter\" src=\"http:\/\/77.240.19.26\/~solixi\/wp-content\/uploads\/2017\/06\/Sy1_SolixiHeatSavings.png\" alt=\"\" width=\"100\" height=\"100\" \/>Etsi laskurilla sopiva mitoitus, se huomioi kannattavuuteen liittyv\u00e4t muuttujat.<br \/>\n<strong>Nykyiset l\u00e4mp\u00f6pumput toimivat paljon edullisemmin Solixin kanssa.<\/strong><\/p>\n<p>&nbsp;<\/p>\n<p>[\/vc_column_text][\/vc_column][vc_column width=&#8221;1\/3&#8243;][vc_column_text]<\/p>\n<h2>Lis\u00e4ksi kuumaa<\/h2>\n<p>L\u00e4mp\u00f6pumppu ei tuota kuumaa (70-125\u00b0C). Kuumaa varastoimalla energiaa olisi varastossa enemm\u00e4n.\u00a0Yleens\u00e4 kannattaa lis\u00e4t\u00e4 ainakin yksi kuumaa tuottava l\u00e4mmitin:<\/p>\n<p><img loading=\"lazy\" decoding=\"async\" class=\"wp-image-307 alignnone\" src=\"http:\/\/77.240.19.26\/~solixi\/wp-content\/uploads\/2017\/06\/Sy1_Concentrator.png\" alt=\"\" width=\"50\" height=\"50\" \/><br \/>\nEdullisimmin kuumaa syntyy aurinkokeskittimill\u00e4.<\/p>\n<p><img loading=\"lazy\" decoding=\"async\" class=\"wp-image-461 alignnone\" src=\"http:\/\/77.240.19.26\/~solixi\/wp-content\/uploads\/2017\/06\/Sy1_ElectHeater.png\" alt=\"\" width=\"50\" height=\"50\" \/><br \/>\nS\u00e4hk\u00f6vastukset ovat nopeita ja edullisia asentaa.<\/p>\n<p><img loading=\"lazy\" decoding=\"async\" class=\"wp-image-284 alignnone\" src=\"http:\/\/77.240.19.26\/~solixi\/wp-content\/uploads\/2017\/04\/Sy1_burner.png\" alt=\"\" width=\"50\" height=\"50\" \/><br \/>\nPolttimista saadaan suuri teho.<\/p>\n<h4>Solixi s\u00e4hk\u00f6vastukset<\/h4>\n<p><img loading=\"lazy\" decoding=\"async\" class=\"alignnone wp-image-286\" src=\"http:\/\/77.240.19.26\/~solixi\/wp-content\/uploads\/2017\/04\/Sy1_ElectFluct.png\" alt=\"\" width=\"50\" height=\"50\" \/><img loading=\"lazy\" decoding=\"async\" class=\"alignnone wp-image-309\" src=\"http:\/\/77.240.19.26\/~solixi\/wp-content\/uploads\/2017\/06\/Sy1_SolixiBoiler.png\" alt=\"\" width=\"50\" height=\"50\" \/><img loading=\"lazy\" decoding=\"async\" class=\"alignnone wp-image-306\" src=\"http:\/\/77.240.19.26\/~solixi\/wp-content\/uploads\/2017\/06\/Sy1_IoTController.png\" alt=\"\" width=\"50\" height=\"50\" \/><br \/>\ntuottavat tarkasti ajoitettuna s\u00e4\u00e4detty\u00e4 kuumaa (jopa 125\u00b0C) kun kun s\u00e4hk\u00f6 on edullisimmillaan. Edullista kuumaa mahtuu paljon isoon Solixi vesivaraajaan.<\/p>\n<h4>L\u00e4mp\u00f6pumppu toimii paremmin<\/h4>\n<p><img loading=\"lazy\" decoding=\"async\" class=\"alignnone wp-image-654\" src=\"http:\/\/77.240.19.26\/~solixi\/wp-content\/uploads\/2017\/06\/Sy1_SolixiHeatSavings.png\" alt=\"\" width=\"50\" height=\"50\" \/><img loading=\"lazy\" decoding=\"async\" class=\"alignnone wp-image-296\" src=\"http:\/\/77.240.19.26\/~solixi\/wp-content\/uploads\/2017\/04\/Sy1_heatpump-1.png\" alt=\"\" width=\"50\" height=\"50\" \/><img loading=\"lazy\" decoding=\"async\" class=\"alignnone wp-image-305\" src=\"http:\/\/77.240.19.26\/~solixi\/wp-content\/uploads\/2017\/06\/Sy1_SCOP.png\" alt=\"\" width=\"50\" height=\"50\" \/><\/p>\n<ul>\n<li>Iso vesivaraaja v\u00e4hent\u00e4\u00e4 k\u00e4ynnistyksi\u00e4 ja kulumista, k\u00e4ytt\u00f6ik\u00e4 pitenee.<\/li>\n<li>Aurinkokeskitin voi antaa l\u00e4mp\u00f6pumpulle jopa puolen vuoden loman, se v\u00e4hent\u00e4\u00e4 k\u00e4ytt\u00f6\u00e4 my\u00f6s talvella.<\/li>\n<li>Pienempikin l\u00e4mp\u00f6pumppu riitt\u00e4\u00e4 koska vesivaraaja tasaa kulutushuiput.<\/li>\n<li>Maal\u00e4mp\u00f6pumppu saa l\u00e4mp\u00f6\u00e4 hyv\u00e4ll\u00e4 hy\u00f6tysuhteella maasta talvella, kun sit\u00e4 ei ole k\u00e4ytetty jo kes\u00e4ll\u00e4 ja syksyll\u00e4.<\/li>\n<li>Solixin \u00e4lyk\u00e4s kolmeosainen vesivaraaja osaa optimoida l\u00e4mp\u00f6pumpun k\u00e4ytt\u00f6l\u00e4mp\u00f6tilat, jolla nostetaan hy\u00f6tysuhdetta (SCOP). V\u00e4hemm\u00e4ll\u00e4 s\u00e4hk\u00f6ll\u00e4 enemm\u00e4n l\u00e4mp\u00f6\u00e4.<\/li>\n<li>Varmuus paranee. Vesivaraaja antaa huollolle aikaa toimia. Kontrollerista n\u00e4kee miss\u00e4 vika on. Kontrolleri s\u00e4\u00e4t\u00e4\u00e4 automaattisesti muut l\u00e4mmittimet korvaamaan l\u00e4mp\u00f6pumppua.<\/li>\n<\/ul>\n<p><img loading=\"lazy\" decoding=\"async\" class=\"alignnone wp-image-296\" src=\"http:\/\/77.240.19.26\/~solixi\/wp-content\/uploads\/2017\/04\/Sy1_heatpump-1.png\" alt=\"\" width=\"50\" height=\"50\" \/><img loading=\"lazy\" decoding=\"async\" class=\"alignnone wp-image-306\" src=\"http:\/\/77.240.19.26\/~solixi\/wp-content\/uploads\/2017\/06\/Sy1_IoTController.png\" alt=\"\" width=\"50\" height=\"50\" \/><img loading=\"lazy\" decoding=\"async\" class=\"alignnone wp-image-309\" src=\"http:\/\/77.240.19.26\/~solixi\/wp-content\/uploads\/2017\/06\/Sy1_SolixiBoiler.png\" alt=\"\" width=\"50\" height=\"50\" \/><\/p>\n<p>Solixi k\u00e4ytt\u00e4\u00e4 ja k\u00e4ynnist\u00e4\u00e4 l\u00e4mp\u00f6pumppuja optimaalisesti, oikeaan aikaan oikeilla l\u00e4mp\u00f6tiloilla.<\/p>\n<p>Solixi s\u00e4\u00e4st\u00e4\u00e4 l\u00e4mp\u00f6pumpun investointi- ja k\u00e4ytt\u00f6kuluissa sek\u00e4 pident\u00e4\u00e4 k\u00e4ytt\u00f6ik\u00e4\u00e4.<\/p>\n<h4><strong>Huom! <a href=\"http:\/\/www.solixi.com\/heat_pumps\/cooling-and-heat-recovery\/\">Solixi l\u00e4mm\u00f6n talteenotto ja viilennys omilla sivuillaan<\/a>.<\/strong><\/h4>\n<h4><strong>Solixi l\u00e4mp\u00f6pumpun <a href=\"http:\/\/www.solixi.com\/heat-pump-efficiency\/\">toimintaperiaatteesta lis\u00e4\u00e4 t\u00e4\u00e4ll\u00e4.<\/a><\/strong><\/h4>\n<p>[\/vc_column_text][\/vc_column][\/vc_row]<\/p>\n<\/div>","protected":false},"excerpt":{"rendered":"<p>[vc_row 0=&#8221;&#8221;][vc_column width=&#8221;1\/3&#8243;][vc_column_text 0=&#8221;&#8221;] L\u00e4mp\u00f6pumput Solixiin L\u00e4mp\u00f6pumpun tuottaman l\u00e4mm\u00f6n hinta romahtaa, kun l\u00e4mp\u00f6 tehd\u00e4\u00e4n Solixi vesivaraajaan edullisella s\u00e4hk\u00f6ll\u00e4 ennen kylm\u00e4\u00e4 viikkoa Solixi IoT-kontrollerin ohjaamana.. Kes\u00e4helteell\u00e4 pumpataan kylm\u00e4\u00e4 viile\u00e4st\u00e4 y\u00f6ilmasta edullisella s\u00e4hk\u00f6ll\u00e4 ja pienell\u00e4 s\u00e4hk\u00f6nkulutuksella. Solixi Care seuraa s\u00e4hk\u00f6n hinta- ja s\u00e4\u00e4ennusteita\u00a0ja optimoi k\u00e4yntiajat. L\u00e4hes mik\u00e4 tahansa l\u00e4mp\u00f6pumppu voidaan liitt\u00e4\u00e4 Solixiin. Maal\u00e4mp\u00f6pumpun hy\u00f6tysuhde paranee ja k\u00e4ytt\u00f6ik\u00e4 &#8230; <a title=\"L\u00e4mp\u00f6pumput ja lis\u00e4ksi kuumaa\" class=\"read-more\" href=\"http:\/\/www.solixi.com\/fi\/heat_pumps\/\" aria-label=\"Lue lis\u00e4\u00e4 aiheesta L\u00e4mp\u00f6pumput ja lis\u00e4ksi kuumaa\">Lue lis\u00e4\u00e4<\/a><\/p>\n","protected":false},"author":2,"featured_media":485,"parent":0,"menu_order":0,"comment_status":"closed","ping_status":"closed","template":"","meta":{"footnotes":""},"class_list":["post-755","page","type-page","status-publish","has-post-thumbnail"],"_links":{"self":[{"href":"http:\/\/www.solixi.com\/fi\/wp-json\/wp\/v2\/pages\/755","targetHints":{"allow":["GET"]}}],"collection":[{"href":"http:\/\/www.solixi.com\/fi\/wp-json\/wp\/v2\/pages"}],"about":[{"href":"http:\/\/www.solixi.com\/fi\/wp-json\/wp\/v2\/types\/page"}],"author":[{"embeddable":true,"href":"http:\/\/www.solixi.com\/fi\/wp-json\/wp\/v2\/users\/2"}],"replies":[{"embeddable":true,"href":"http:\/\/www.solixi.com\/fi\/wp-json\/wp\/v2\/comments?post=755"}],"version-history":[{"count":58,"href":"http:\/\/www.solixi.com\/fi\/wp-json\/wp\/v2\/pages\/755\/revisions"}],"predecessor-version":[{"id":3297,"href":"http:\/\/www.solixi.com\/fi\/wp-json\/wp\/v2\/pages\/755\/revisions\/3297"}],"wp:featuredmedia":[{"embeddable":true,"href":"http:\/\/www.solixi.com\/fi\/wp-json\/wp\/v2\/media\/485"}],"wp:attachment":[{"href":"http:\/\/www.solixi.com\/fi\/wp-json\/wp\/v2\/media?parent=755"}],"curies":[{"name":"wp","href":"https:\/\/api.w.org\/{rel}","templated":true}]}}