{"id":1188,"date":"2017-07-29T05:59:31","date_gmt":"2017-07-29T05:59:31","guid":{"rendered":"http:\/\/77.240.19.26\/~solixi\/?page_id=1188"},"modified":"2017-08-26T11:07:22","modified_gmt":"2017-08-26T11:07:22","slug":"any-water-tank","status":"publish","type":"page","link":"https:\/\/www.solixi.com\/fi\/any-water-tank\/","title":{"rendered":"Tavallinen vesis\u00e4ili\u00f6 Solixiin"},"content":{"rendered":"<div class=\"wpb-content-wrapper\"><p>[vc_row][vc_column width=&#8221;1\/3&#8243;][vc_column_text 0=&#8221;&#8221;]<\/p>\n<h2>Vesis\u00e4ili\u00f6n<\/h2>\n<p>tai mink\u00e4 tahansa vesivaraajan voi kytke\u00e4 <a href=\"http:\/\/77.240.19.26\/~solixi\/economic_viability_energy_calculator\/\">kannattavasti<\/a> Solixi-j\u00e4rjestelm\u00e4\u00e4n kun;<\/p>\n<ul>\n<li>Se on iso, tilavuus vastaa vastaavaa Solixi vesivaraajaa.\u00a0Esimerkiksi perinteisen 500 litran vesivaraajan kapasiteetti on noin 0,02MWh (noin 20 kWh) kun pienimm\u00e4n Solixi varaajan kapasiteetti on 0,5MWh (500 kWh). Jos kapasiteetti on liian pieni l\u00e4mp\u00f6piirit eiv\u00e4t toimi kannattavasti.<\/li>\n<li>Siin\u00e4 on hyv\u00e4 eristys.<\/li>\n<li>Mielell\u00e4\u00e4n ainakin yksi v\u00e4lilevy s\u00e4ili\u00f6ss\u00e4 parantamassa veden kerrostumista, tai kaksi p\u00e4\u00e4llekk\u00e4ist\u00e4 tai erillist\u00e4 mutta toisiinsa liitetty\u00e4 s\u00e4ili\u00f6t\u00e4.<\/li>\n<li>Kapasiteetti paranee kun se kest\u00e4\u00e4 kuumaa, mielell\u00e4\u00e4n v\u00e4hint\u00e4\u00e4n 90\u00b0C.<\/li>\n<\/ul>\n<p>Tilaa eristyksen sis\u00e4ll\u00e4 Solixi osille, joita ei ole eristetty:<\/p>\n<ul>\n<li>Jakotukkeja v\u00e4hint\u00e4\u00e4n 4 kpl.<\/li>\n<li>jakotukkeihin kiinni Solixin pumput, l\u00e4mm\u00f6nvaihtimet, s\u00e4hk\u00f6vastukset jne.<\/li>\n<li>paikka Solixi kontrollerille noin metrin et\u00e4isyydell\u00e4 pumpuista.<\/li>\n<\/ul>\n<p>Asennus on usein nopea ja edullinen kun varaajaa jo on. Solixi tehostaa toimintaa parhaimmillaan merkitt\u00e4v\u00e4sti.<\/p>\n<p>[\/vc_column_text][\/vc_column][vc_column width=&#8221;1\/3&#8243;][vc_column_text]<\/p>\n<h2>Vastuut, riskit<\/h2>\n<ul>\n<li>Tavallisen vesivaraajan toimintaa voidaan laskea ja arvioida <a href=\"http:\/\/77.240.19.26\/~solixi\/calculator\/\">laskurilla<\/a>.<\/li>\n<li>Ominaisuuksista on tingitt\u00e4v\u00e4; l\u00e4mp\u00f6tilojen hallinta ja kapasiteetti ei yleens\u00e4 vastaa Solixi vesivaraajan ominaisuuksia. L\u00e4mp\u00f6tilat ehk\u00e4 tasaantuvat ja energiah\u00e4vi\u00f6t kasvavat.<\/li>\n<li>Tilastoja ei voida verrata suoraan Solixi-j\u00e4rjestelm\u00e4\u00e4n.<\/li>\n<li>Yll\u00e4pitoa ja kontrollerin et\u00e4s\u00e4\u00e4t\u00f6j\u00e4 (IoT) ei voida taata ja ne on ehk\u00e4 teht\u00e4v\u00e4 itse.<\/li>\n<li>Vaatii asiakkaalta hyv\u00e4\u00e4 suunnittelua ja ammattitaitoa.<\/li>\n<\/ul>\n<p>[\/vc_column_text][\/vc_column][vc_column width=&#8221;1\/3&#8243;][vc_column_text]<\/p>\n<h2>Kustannukset<\/h2>\n<ul>\n<li>vanhan s\u00e4ili\u00f6n muuttaminen Solixi vesivaraajaksi on edullista, asennusty\u00f6 on usein nopea ja helppo.<\/li>\n<li>s\u00e4\u00e4st\u00f6t voivat tuottaa pettymyksen; eristykset, veden kerrostuminen ja virtaukset, kontrollerin s\u00e4\u00e4d\u00f6t yms. voivat aiheuttaa energiah\u00e4vi\u00f6it\u00e4 ja s\u00e4\u00e4st\u00f6jen menetyksi\u00e4.<\/li>\n<li>vanha s\u00e4ili\u00f6 voidaan liitt\u00e4\u00e4 j\u00e4lkeenp\u00e4in osaksi Solixi vesivaraajaa <a href=\"http:\/\/77.240.19.26\/~solixi\/heat-circles\/\">l\u00e4mp\u00f6piireill\u00e4<\/a>.<\/li>\n<li>vanha s\u00e4ili\u00f6 voidaan korvata tarpeen mukaan Solixi vesivaraajalla.<\/li>\n<\/ul>\n<p>[\/vc_column_text][\/vc_column][\/vc_row]<\/p>\n<\/div>","protected":false},"excerpt":{"rendered":"<p>[vc_row][vc_column width=&#8221;1\/3&#8243;][vc_column_text 0=&#8221;&#8221;] Vesis\u00e4ili\u00f6n tai mink\u00e4 tahansa vesivaraajan voi kytke\u00e4 kannattavasti Solixi-j\u00e4rjestelm\u00e4\u00e4n kun; Se on iso, tilavuus vastaa vastaavaa Solixi vesivaraajaa.\u00a0Esimerkiksi perinteisen 500 litran vesivaraajan kapasiteetti on noin 0,02MWh (noin 20 kWh) kun pienimm\u00e4n Solixi varaajan kapasiteetti on 0,5MWh (500 kWh). Jos kapasiteetti on liian pieni l\u00e4mp\u00f6piirit eiv\u00e4t toimi kannattavasti. Siin\u00e4 on hyv\u00e4 eristys. Mielell\u00e4\u00e4n &#8230; <a title=\"Tavallinen vesis\u00e4ili\u00f6 Solixiin\" class=\"read-more\" href=\"https:\/\/www.solixi.com\/fi\/any-water-tank\/\" aria-label=\"Lue lis\u00e4\u00e4 aiheesta Tavallinen vesis\u00e4ili\u00f6 Solixiin\">Lue lis\u00e4\u00e4<\/a><\/p>\n","protected":false},"author":2,"featured_media":2367,"parent":0,"menu_order":0,"comment_status":"closed","ping_status":"closed","template":"","meta":{"footnotes":""},"class_list":["post-1188","page","type-page","status-publish","has-post-thumbnail"],"_links":{"self":[{"href":"https:\/\/www.solixi.com\/fi\/wp-json\/wp\/v2\/pages\/1188","targetHints":{"allow":["GET"]}}],"collection":[{"href":"https:\/\/www.solixi.com\/fi\/wp-json\/wp\/v2\/pages"}],"about":[{"href":"https:\/\/www.solixi.com\/fi\/wp-json\/wp\/v2\/types\/page"}],"author":[{"embeddable":true,"href":"https:\/\/www.solixi.com\/fi\/wp-json\/wp\/v2\/users\/2"}],"replies":[{"embeddable":true,"href":"https:\/\/www.solixi.com\/fi\/wp-json\/wp\/v2\/comments?post=1188"}],"version-history":[{"count":13,"href":"https:\/\/www.solixi.com\/fi\/wp-json\/wp\/v2\/pages\/1188\/revisions"}],"predecessor-version":[{"id":2965,"href":"https:\/\/www.solixi.com\/fi\/wp-json\/wp\/v2\/pages\/1188\/revisions\/2965"}],"wp:featuredmedia":[{"embeddable":true,"href":"https:\/\/www.solixi.com\/fi\/wp-json\/wp\/v2\/media\/2367"}],"wp:attachment":[{"href":"https:\/\/www.solixi.com\/fi\/wp-json\/wp\/v2\/media?parent=1188"}],"curies":[{"name":"wp","href":"https:\/\/api.w.org\/{rel}","templated":true}]}}