{"id":1293,"date":"2017-07-31T10:15:08","date_gmt":"2017-07-31T10:15:08","guid":{"rendered":"http:\/\/77.240.19.26\/~solixi\/?page_id=1293"},"modified":"2019-08-16T09:13:08","modified_gmt":"2019-08-16T09:13:08","slug":"tietotili","status":"publish","type":"page","link":"https:\/\/www.solixi.com\/fi\/tietotili\/","title":{"rendered":"Tietotili"},"content":{"rendered":"<div class=\"wpb-content-wrapper\"><p>[vc_row][vc_column][\/vc_column][\/vc_row][vc_row][vc_column width=&#8221;1\/3&#8243;][vc_column_text]<\/p>\n<h2>Solixi sai vahvan kumppanin kansainv\u00e4listymiseen ja patenttien lisensointiin<\/h2>\n<p>Paikallistuntemus, tieto yritysten taustoista sek\u00e4 luotettava maksuliikenteen valvonta maailmanlaajuisesti ovat Solixin liiketoimintastrategian kulmakivi\u00e4. Auditointi edellytt\u00e4\u00e4 s\u00e4hk\u00f6ist\u00e4 taloushallintoa ja ajantasaista raportointia.<\/p>\n<h2><\/h2>\n<p>[\/vc_column_text][\/vc_column][vc_column width=&#8221;1\/3&#8243;][vc_column_text]<\/p>\n<h2>Tietotili tuntee kansainv\u00e4listymisen<\/h2>\n<p>&nbsp;<\/p>\n<p>Tietotili Consulting\u00a0kuuluu kansainv\u00e4liseen\u00a0HLB-ketjuun, jolla on edustus yli 130:ss\u00e4 maassa.<br \/>\nTietotili Audit\u00a0on erikoistunut tilintarkastuksiin.<br \/>\nTietotili tuntee kansainv\u00e4listen yritysten toimintatapaa sek\u00e4 paikallista lains\u00e4\u00e4d\u00e4nt\u00f6\u00e4, verosopimukset ja kansainv\u00e4liset s\u00e4\u00e4nn\u00f6kset ja raportoinnin kuten IFRS ja USGaap.<\/p>\n<p>[\/vc_column_text][\/vc_column][vc_column width=&#8221;1\/3&#8243;][vc_column_text 0=&#8221;&#8221;]<\/p>\n<h2>Tietotili vastaa talousrutiineista<\/h2>\n<p>Tietotilin asiantuntijat vastaavat Solixin talousrutiineista. Taloushallinto on kustannustehokasta ja mahdollistaa volyymien suuret kasvut helposti.\u00a0TietotiliOnline-raportointi, konsultointi sek\u00e4 pitk\u00e4 kokemus kasvuyritysten taloushallinnon toteuttajana antavat Solixin kansainv\u00e4listymiselle tukevan perustan.<\/p>\n<h2>Lupaavat kasvun\u00e4kym\u00e4t<\/h2>\n<p>Tietotilin\u00a0Veikko Virkki\u00a0on tyytyv\u00e4inen nyt allekirjoitettuun sopimukseen. Vuonna 1992 alkanut luottamuksellinen yhteisty\u00f6 Jaakkolan innovatiivisten yritysten kanssa saa jatkoa. Solixi tarjoaa ratkaisuja aikamme keskeisiin haasteisiin kilpailukykyisill\u00e4 tuotteilla, kasvun\u00e4kym\u00e4t ovat eritt\u00e4in lupaavia.<\/p>\n<p>Helsinki 4.3.2016<\/p>\n<p>Veikko Virkki, partner, KHT\/CPA<br \/>\nwww.tietotili.fi<\/p>\n<p>&nbsp;<\/p>\n<p>&nbsp;<\/p>\n<p>[\/vc_column_text][\/vc_column][\/vc_row]<\/p>\n<\/div>","protected":false},"excerpt":{"rendered":"<p>[vc_row][vc_column][\/vc_column][\/vc_row][vc_row][vc_column width=&#8221;1\/3&#8243;][vc_column_text] Solixi sai vahvan kumppanin kansainv\u00e4listymiseen ja patenttien lisensointiin Paikallistuntemus, tieto yritysten taustoista sek\u00e4 luotettava maksuliikenteen valvonta maailmanlaajuisesti ovat Solixin liiketoimintastrategian kulmakivi\u00e4. Auditointi edellytt\u00e4\u00e4 s\u00e4hk\u00f6ist\u00e4 taloushallintoa ja ajantasaista raportointia. [\/vc_column_text][\/vc_column][vc_column width=&#8221;1\/3&#8243;][vc_column_text] Tietotili tuntee kansainv\u00e4listymisen &nbsp; Tietotili Consulting\u00a0kuuluu kansainv\u00e4liseen\u00a0HLB-ketjuun, jolla on edustus yli 130:ss\u00e4 maassa. Tietotili Audit\u00a0on erikoistunut tilintarkastuksiin. Tietotili tuntee kansainv\u00e4listen yritysten toimintatapaa sek\u00e4 &#8230; <a title=\"Tietotili\" class=\"read-more\" href=\"https:\/\/www.solixi.com\/fi\/tietotili\/\" aria-label=\"Lue lis\u00e4\u00e4 aiheesta Tietotili\">Lue lis\u00e4\u00e4<\/a><\/p>\n","protected":false},"author":2,"featured_media":497,"parent":0,"menu_order":0,"comment_status":"closed","ping_status":"closed","template":"","meta":{"footnotes":""},"class_list":["post-1293","page","type-page","status-publish","has-post-thumbnail"],"_links":{"self":[{"href":"https:\/\/www.solixi.com\/fi\/wp-json\/wp\/v2\/pages\/1293","targetHints":{"allow":["GET"]}}],"collection":[{"href":"https:\/\/www.solixi.com\/fi\/wp-json\/wp\/v2\/pages"}],"about":[{"href":"https:\/\/www.solixi.com\/fi\/wp-json\/wp\/v2\/types\/page"}],"author":[{"embeddable":true,"href":"https:\/\/www.solixi.com\/fi\/wp-json\/wp\/v2\/users\/2"}],"replies":[{"embeddable":true,"href":"https:\/\/www.solixi.com\/fi\/wp-json\/wp\/v2\/comments?post=1293"}],"version-history":[{"count":5,"href":"https:\/\/www.solixi.com\/fi\/wp-json\/wp\/v2\/pages\/1293\/revisions"}],"predecessor-version":[{"id":11095,"href":"https:\/\/www.solixi.com\/fi\/wp-json\/wp\/v2\/pages\/1293\/revisions\/11095"}],"wp:featuredmedia":[{"embeddable":true,"href":"https:\/\/www.solixi.com\/fi\/wp-json\/wp\/v2\/media\/497"}],"wp:attachment":[{"href":"https:\/\/www.solixi.com\/fi\/wp-json\/wp\/v2\/media?parent=1293"}],"curies":[{"name":"wp","href":"https:\/\/api.w.org\/{rel}","templated":true}]}}