{"id":1294,"date":"2017-07-31T10:00:10","date_gmt":"2017-07-31T10:00:10","guid":{"rendered":"http:\/\/77.240.19.26\/~solixi\/?page_id=1294"},"modified":"2020-10-01T08:17:05","modified_gmt":"2020-10-01T08:17:05","slug":"microteam","status":"publish","type":"page","link":"https:\/\/www.solixi.com\/fi\/microteam\/","title":{"rendered":"Comatec"},"content":{"rendered":"<div class=\"wpb-content-wrapper\"><p>[vc_row][vc_column][\/vc_column][\/vc_row][vc_row][vc_column width=&#8221;1\/3&#8243;][vc_column_text]<\/p>\n<h2>Comatec toimittaa Solixin \u00e4lyn<\/h2>\n<p>Solixin tehokas aurinkokeskitin ja iso boiler toimivat IoT kontrollerin ohjaamina.\u00a0Se suuntaa peilit ja optimoi lataus- ja purkuajat.<\/p>\n<p>Comatec valmistaa Solixin ainutlaatuisen kontrollerin. Ohjelma sek\u00e4 I\/O jossa prosessori, muisti ja GSM on suunniteltu prototyypeist\u00e4 saatujen kokemusten pohjalta. J\u00e4rjestelm\u00e4 laajenee joustavasti lis\u00e4m\u00e4ll\u00e4 kontrollereita Solixi-verkkoon.<\/p>\n<h2>Pilvipalvelu, silti luotettava<\/h2>\n<p><img loading=\"lazy\" decoding=\"async\" class=\"size-full wp-image-306 alignleft\" src=\"http:\/\/77.240.19.26\/~solixi\/wp-content\/uploads\/2017\/06\/Sy1_IoTController.png\" alt=\"\" width=\"100\" height=\"100\" \/><br \/>\nKontrolleri toimii itsen\u00e4isesti, mutta \u00e4ly on Solixi Care pilvipalvelussa. Sen k\u00e4ytt\u00f6liittym\u00e4st\u00e4 sy\u00f6tet\u00e4\u00e4n j\u00e4rjestelm\u00e4\u00e4n salasanat, parametrit, latitudi auringon radan laskentaan sek\u00e4 annetaan vesivaraajan vesikerrostumien tavoitel\u00e4mp\u00f6tilat, joita kontrolleri s\u00e4\u00e4t\u00e4\u00e4 jatkuvasti p\u00e4ivittyvien energian hinta- ja s\u00e4\u00e4ennusteiden mukaan. Solixi Care h\u00e4lytt\u00e4\u00e4 h\u00e4iri\u00f6tilanteissa, se tallentaa varmuuskopiot ja tekee tilastoja. Grafiikkaa ja toimintaa voi tarkastella vaikka k\u00e4nnyk\u00e4ll\u00e4.<\/p>\n<p><img loading=\"lazy\" decoding=\"async\" class=\"circleimage alignnone wp-image-2536 size-thumbnail\" src=\"http:\/\/77.240.19.26\/~solixi\/wp-content\/uploads\/2017\/08\/IoTpanel-300x300.png\" alt=\"\" width=\"300\" height=\"300\" srcset=\"https:\/\/www.solixi.com\/wp-content\/uploads\/2017\/08\/IoTpanel-300x300.png 300w, https:\/\/www.solixi.com\/wp-content\/uploads\/2017\/08\/IoTpanel.png 481w\" sizes=\"auto, (max-width: 300px) 100vw, 300px\" \/><br \/>\nSolixi vesivaraajan tehoa voi nostaa rinnakkaisilla pumpuilla ja kontrollereilla. Ison vesivaraajan kapasiteetti riitt\u00e4\u00e4 pitk\u00e4\u00e4n. Aurinkos\u00e4hk\u00f6j\u00e4rjestelm\u00e4n akkuineen voi varmistaa toiminnan my\u00f6s s\u00e4hk\u00f6katkon sattuessa. Solixin elektroniikka kuluttaa vain v\u00e4h\u00e4n 24V s\u00e4hk\u00f6\u00e4.<\/p>\n<p>[\/vc_column_text][\/vc_column][vc_column width=&#8221;1\/3&#8243;][vc_column_text]<\/p>\n<h2>Yhteensopiva<\/h2>\n<p>Solixi vesivaraajaan voi yhdist\u00e4\u00e4 pelk\u00e4ll\u00e4 putkiliit\u00e4nn\u00e4ll\u00e4 muita vedenl\u00e4mmittimi\u00e4, l\u00e4mp\u00f6pumppuja, LTO-laitteita ja ilmastoinnin. Kontrolleri voi lis\u00e4ksi k\u00e4ynnist\u00e4\u00e4 laitteita edullisina aikoina sek\u00e4 optimoida hy\u00f6tysuhteita. Hybridij\u00e4rjestelm\u00e4ss\u00e4 oikea ajoitus ja tarkka l\u00e4mp\u00f6tilojen hallinta tuo suurimmat s\u00e4\u00e4st\u00f6t.<\/p>\n<h2><img loading=\"lazy\" decoding=\"async\" class=\"circleimage alignnone wp-image-3211 size-thumbnail\" src=\"http:\/\/77.240.19.26\/~solixi\/wp-content\/uploads\/2017\/07\/Microteamteam-300x300.jpg\" alt=\"\" width=\"300\" height=\"300\" srcset=\"https:\/\/www.solixi.com\/wp-content\/uploads\/2017\/07\/Microteamteam-300x300.jpg 300w, https:\/\/www.solixi.com\/wp-content\/uploads\/2017\/07\/Microteamteam.jpg 600w\" sizes=\"auto, (max-width: 300px) 100vw, 300px\" \/><\/h2>\n<h2>Kokonaistoimitus<\/h2>\n<p>Comatec kertoo suunnittelun vaatineen kuukausien perehtymist\u00e4 prototyyppeihin sek\u00e4 peilej\u00e4 suuntaaviin moottoreihin ja Solixi-pumppuihin, joita voi olla kymmenitt\u00e4in. Valittu ratkaisu vaati \u00e4ly\u00e4 elektroniikkaan ja luotettavaa luovuutta, kuten Comatec vahvuuksiaan mainostaa.<\/p>\n<p>Solixille valinta oli lopulta helppo. Hinta, modulaarisuus, kokemus, koko j\u00e4rjestelm\u00e4 yhdelt\u00e4 toimittajalta ja bonuksena elektroniikka-laboratorio jossa jokainen kontrolleri testataan. Nykyaikainen talotekniikka tuo isot s\u00e4\u00e4st\u00f6t, on paikallista ja ekologista. Ja luotettavaa, pitk\u00e4ik\u00e4ist\u00e4, automaattista ja turvallista &#8211; lyhyesti huoletonta.<\/p>\n<p>Tampereella 8.3.2016<\/p>\n<p>Patrik Ljungqvist, Embedded Systems<br \/>\nAri Kaukovirta, Manager of Automation Systems<br \/>\n<a href=\"http:\/\/www.Comatec.fi\">www.Comatec.fi<\/a><\/p>\n<p>[\/vc_column_text][\/vc_column][vc_column width=&#8221;1\/3&#8243;][vc_column_text 0=&#8221;&#8221;]<\/p>\n<p><img loading=\"lazy\" decoding=\"async\" class=\"circleimage alignnone wp-image-567 size-thumbnail\" src=\"http:\/\/77.240.19.26\/~solixi\/wp-content\/uploads\/2017\/06\/N\u00e4ytt\u00f6kuva-2017-06-26-kello-11.26.46-300x300.png\" alt=\"\" width=\"300\" height=\"300\" \/><\/p>\n<h2>Comatec on<\/h2>\n<p>vaativien laitteiden ja j\u00e4rjestelmien suunnittelun erikoisosaaja. Yrityksen kyky ratkaista haastavia poikkitieteellisi\u00e4 ongelmia on johtanut useisiin edistyksellisiin laitteisiin, tuoden kilpailuetua asiakkailleen. Comatec tarjoaa ohjelmiston, elektroniikan ja koneautomaation suunnittelupalveluita sek\u00e4 laite ja j\u00e4rjestelm\u00e4kokonaisuuksia avaimet k\u00e4teen periaatteella. Microteamin koneenohjaukseen tarkoitetut tuotteet ovat \u00e4\u00e4rimm\u00e4isen vikasietoisia ja luotettavia. Laitteissa yhdistyy 35 vuoden osaaminen vaativien ymp\u00e4rist\u00f6jen laitteiden suunnittelusta ja pitk\u00e4n elinkaaren alustariippumattomista ratkaisuista.<\/p>\n<p><a href=\"http:\/\/microteam.fi\"><img loading=\"lazy\" decoding=\"async\" class=\"circleimage alignnone wp-image-1041 size-thumbnail\" src=\"http:\/\/77.240.19.26\/~solixi\/wp-content\/uploads\/2017\/07\/SIO-300x300.png\" alt=\"\" width=\"300\" height=\"300\" \/><\/a><\/p>\n<p>[\/vc_column_text][\/vc_column][\/vc_row]<\/p>\n<\/div>","protected":false},"excerpt":{"rendered":"<p>[vc_row][vc_column][\/vc_column][\/vc_row][vc_row][vc_column width=&#8221;1\/3&#8243;][vc_column_text] Comatec toimittaa Solixin \u00e4lyn Solixin tehokas aurinkokeskitin ja iso boiler toimivat IoT kontrollerin ohjaamina.\u00a0Se suuntaa peilit ja optimoi lataus- ja purkuajat. Comatec valmistaa Solixin ainutlaatuisen kontrollerin. Ohjelma sek\u00e4 I\/O jossa prosessori, muisti ja GSM on suunniteltu prototyypeist\u00e4 saatujen kokemusten pohjalta. J\u00e4rjestelm\u00e4 laajenee joustavasti lis\u00e4m\u00e4ll\u00e4 kontrollereita Solixi-verkkoon. Pilvipalvelu, silti luotettava Kontrolleri toimii itsen\u00e4isesti, mutta &#8230; <a title=\"Comatec\" class=\"read-more\" href=\"https:\/\/www.solixi.com\/fi\/microteam\/\" aria-label=\"Lue lis\u00e4\u00e4 aiheesta Comatec\">Lue lis\u00e4\u00e4<\/a><\/p>\n","protected":false},"author":2,"featured_media":495,"parent":0,"menu_order":0,"comment_status":"closed","ping_status":"closed","template":"","meta":{"footnotes":""},"class_list":["post-1294","page","type-page","status-publish","has-post-thumbnail"],"_links":{"self":[{"href":"https:\/\/www.solixi.com\/fi\/wp-json\/wp\/v2\/pages\/1294","targetHints":{"allow":["GET"]}}],"collection":[{"href":"https:\/\/www.solixi.com\/fi\/wp-json\/wp\/v2\/pages"}],"about":[{"href":"https:\/\/www.solixi.com\/fi\/wp-json\/wp\/v2\/types\/page"}],"author":[{"embeddable":true,"href":"https:\/\/www.solixi.com\/fi\/wp-json\/wp\/v2\/users\/2"}],"replies":[{"embeddable":true,"href":"https:\/\/www.solixi.com\/fi\/wp-json\/wp\/v2\/comments?post=1294"}],"version-history":[{"count":21,"href":"https:\/\/www.solixi.com\/fi\/wp-json\/wp\/v2\/pages\/1294\/revisions"}],"predecessor-version":[{"id":13437,"href":"https:\/\/www.solixi.com\/fi\/wp-json\/wp\/v2\/pages\/1294\/revisions\/13437"}],"wp:featuredmedia":[{"embeddable":true,"href":"https:\/\/www.solixi.com\/fi\/wp-json\/wp\/v2\/media\/495"}],"wp:attachment":[{"href":"https:\/\/www.solixi.com\/fi\/wp-json\/wp\/v2\/media?parent=1294"}],"curies":[{"name":"wp","href":"https:\/\/api.w.org\/{rel}","templated":true}]}}