{"id":2246,"date":"2017-08-11T06:20:06","date_gmt":"2017-08-11T06:20:06","guid":{"rendered":"http:\/\/77.240.19.26\/~solixi\/?page_id=2246"},"modified":"2018-12-01T16:42:33","modified_gmt":"2018-12-01T16:42:33","slug":"solar-energy","status":"publish","type":"page","link":"https:\/\/www.solixi.com\/fi\/solar-energy\/","title":{"rendered":"Aurinkokeskittimet"},"content":{"rendered":"<div class=\"wpb-content-wrapper\"><p>[vc_row 0=&#8221;&#8221;][vc_column width=&#8221;1\/3&#8243;][vc_column_text 0=&#8221;&#8221;]<\/p>\n<div id=\"pg-10-2\" class=\"panel-grid panel-no-style\" data-style=\"{&quot;background_display&quot;:&quot;tile&quot;,&quot;cell_alignment&quot;:&quot;flex-start&quot;}\">\n<div id=\"pgc-10-2-2\" class=\"panel-grid-cell\" data-weight=\"0.333333333333\">\n<div id=\"panel-10-2-2-0\" class=\"so-panel widget widget_sow-editor panel-first-child panel-last-child\" data-index=\"4\" data-style=\"{&quot;background_display&quot;:&quot;tile&quot;}\" data-label=\"Smart IoT-controller\">\n<div class=\"so-widget-sow-editor so-widget-sow-editor-base\">\n<div class=\"siteorigin-widget-tinymce textwidget\">\n<h2>Useita malleja<\/h2>\n<p><img loading=\"lazy\" decoding=\"async\" class=\"circleimage alignnone wp-image-2463 size-thumbnail\" src=\"http:\/\/77.240.19.26\/~solixi\/wp-content\/uploads\/2017\/08\/C13drawing-300x300.png\" alt=\"\" width=\"300\" height=\"300\" \/><br \/>\nC13 on pienin malli, korkeus 1,3m.<\/p>\n<p><img loading=\"lazy\" decoding=\"async\" class=\"circleimage alignnone wp-image-1884 size-thumbnail\" src=\"http:\/\/77.240.19.26\/~solixi\/wp-content\/uploads\/2017\/08\/C16a-300x300.png\" alt=\"\" width=\"300\" height=\"300\" srcset=\"https:\/\/www.solixi.com\/wp-content\/uploads\/2017\/08\/C16a-300x300.png 300w, https:\/\/www.solixi.com\/wp-content\/uploads\/2017\/08\/C16a.png 505w\" sizes=\"auto, (max-width: 300px) 100vw, 300px\" \/><\/p>\n<p>C16; l\u00e4mp\u00f6ker\u00e4in, 6 mastoa, 12 peili\u00e4, teho 8kW.<\/p>\n<p><img loading=\"lazy\" decoding=\"async\" class=\"circleimage alignnone wp-image-2464 size-thumbnail\" src=\"http:\/\/77.240.19.26\/~solixi\/wp-content\/uploads\/2017\/08\/Screenshot_2017_08_14_15_10_53-300x300.png\" alt=\"\" width=\"300\" height=\"300\" srcset=\"https:\/\/www.solixi.com\/wp-content\/uploads\/2017\/08\/Screenshot_2017_08_14_15_10_53-300x300.png 300w, https:\/\/www.solixi.com\/wp-content\/uploads\/2017\/08\/Screenshot_2017_08_14_15_10_53.png 319w\" sizes=\"auto, (max-width: 300px) 100vw, 300px\" \/><br \/>\nKerrostaloon C46, teho 34kW.<\/p>\n<p><img loading=\"lazy\" decoding=\"async\" class=\"circleimage alignnone wp-image-2466 size-thumbnail\" src=\"http:\/\/77.240.19.26\/~solixi\/wp-content\/uploads\/2017\/08\/sx11AirSW2-300x300.png\" alt=\"\" width=\"300\" height=\"300\" srcset=\"https:\/\/www.solixi.com\/wp-content\/uploads\/2017\/08\/sx11AirSW2-300x300.png 300w, https:\/\/www.solixi.com\/wp-content\/uploads\/2017\/08\/sx11AirSW2.png 350w\" sizes=\"auto, (max-width: 300px) 100vw, 300px\" \/><br \/>\nAurinkovoimaloita Solixi C49 tai C96 malleilla.<\/p>\n<\/div>\n<\/div>\n<\/div>\n<\/div>\n<\/div>\n<div id=\"pg-10-3\" class=\"panel-grid panel-no-style\" data-style=\"{&quot;background_display&quot;:&quot;tile&quot;,&quot;cell_alignment&quot;:&quot;flex-start&quot;}\"><\/div>\n<p>[\/vc_column_text][\/vc_column][vc_column width=&#8221;1\/3&#8243;][vc_column_text 0=&#8221;&#8221;]<\/p>\n<h2>Moninkertainen teho<\/h2>\n<p><img loading=\"lazy\" decoding=\"async\" class=\"circleimage alignnone wp-image-2446 size-thumbnail\" src=\"http:\/\/77.240.19.26\/~solixi\/wp-content\/uploads\/2017\/08\/SolixiCSP-300x300.png\" alt=\"\" width=\"300\" height=\"300\" srcset=\"https:\/\/www.solixi.com\/wp-content\/uploads\/2017\/08\/SolixiCSP-300x300.png 300w, https:\/\/www.solixi.com\/wp-content\/uploads\/2017\/08\/SolixiCSP.png 321w\" sizes=\"auto, (max-width: 300px) 100vw, 300px\" \/><br \/>\nauringons\u00e4teit\u00e4 keskitt\u00e4m\u00e4ll\u00e4.<\/p>\n<p><img loading=\"lazy\" decoding=\"async\" class=\"circleimage alignnone wp-image-2447 size-thumbnail\" src=\"http:\/\/77.240.19.26\/~solixi\/wp-content\/uploads\/2017\/08\/RegularSolar-300x300.png\" alt=\"\" width=\"300\" height=\"300\" srcset=\"https:\/\/www.solixi.com\/wp-content\/uploads\/2017\/08\/RegularSolar-300x300.png 300w, https:\/\/www.solixi.com\/wp-content\/uploads\/2017\/08\/RegularSolar.png 320w\" sizes=\"auto, (max-width: 300px) 100vw, 300px\" \/><br \/>\nKaton suunnalla ja varjoilla ei ole v\u00e4li\u00e4<\/p>\n<p><img loading=\"lazy\" decoding=\"async\" class=\"circleimage alignnone wp-image-2449 size-thumbnail\" src=\"http:\/\/77.240.19.26\/~solixi\/wp-content\/uploads\/2017\/08\/SouthUp-300x300.png\" alt=\"\" width=\"300\" height=\"300\" srcset=\"https:\/\/www.solixi.com\/wp-content\/uploads\/2017\/08\/SouthUp-300x300.png 300w, https:\/\/www.solixi.com\/wp-content\/uploads\/2017\/08\/SouthUp.png 319w\" sizes=\"auto, (max-width: 300px) 100vw, 300px\" \/><br \/>\nkoska Solixin ker\u00e4in on kohti etel\u00e4\u00e4 ja varjojen yll\u00e4<\/p>\n<p><img loading=\"lazy\" decoding=\"async\" class=\"circleimage alignnone wp-image-2450 size-thumbnail\" src=\"http:\/\/77.240.19.26\/~solixi\/wp-content\/uploads\/2017\/08\/Shadows-300x300.png\" alt=\"\" width=\"300\" height=\"300\" srcset=\"https:\/\/www.solixi.com\/wp-content\/uploads\/2017\/08\/Shadows-300x300.png 300w, https:\/\/www.solixi.com\/wp-content\/uploads\/2017\/08\/Shadows.png 319w\" sizes=\"auto, (max-width: 300px) 100vw, 300px\" \/><br \/>\nja peilit keskitt\u00e4v\u00e4t s\u00e4teily\u00e4 aamusta iltaan.<\/p>\n<p>[\/vc_column_text][\/vc_column][vc_column width=&#8221;1\/3&#8243;][vc_column_text 0=&#8221;&#8221;]<\/p>\n<h2><span style=\"background-color: #ffffff;\">S\u00e4\u00e4dett\u00e4v\u00e4\u00e4 kuumaa<br \/>\n<\/span><\/h2>\n<p><img loading=\"lazy\" decoding=\"async\" class=\"circleimage alignnone wp-image-1250 size-thumbnail\" src=\"http:\/\/77.240.19.26\/~solixi\/wp-content\/uploads\/2017\/07\/Conniwin-300x300.png\" alt=\"\" width=\"300\" height=\"300\" srcset=\"https:\/\/www.solixi.com\/wp-content\/uploads\/2017\/07\/Conniwin-300x300.png 300w, https:\/\/www.solixi.com\/wp-content\/uploads\/2017\/07\/Conniwin.png 328w\" sizes=\"auto, (max-width: 300px) 100vw, 300px\" \/><br \/>\nmy\u00f6s talvella ja lumisissa oloissa.<\/p>\n<p><img loading=\"lazy\" decoding=\"async\" class=\"circleimage alignnone wp-image-1727 size-thumbnail\" src=\"http:\/\/77.240.19.26\/~solixi\/wp-content\/uploads\/2017\/07\/OverHeating-300x300.png\" alt=\"\" width=\"300\" height=\"300\" \/><br \/>\nEi ylikuumene kes\u00e4ll\u00e4, ei tuulipintaa <a href=\"http:\/\/www.solixi.com\/wind-and-solar-concentrator\/\">myrskyll\u00e4<\/a>.<\/p>\n<p><img loading=\"lazy\" decoding=\"async\" class=\"circleimage alignnone wp-image-1725 size-thumbnail\" src=\"http:\/\/77.240.19.26\/~solixi\/wp-content\/uploads\/2017\/07\/SolarConcentrator-300x300.png\" alt=\"\" width=\"300\" height=\"300\" srcset=\"https:\/\/www.solixi.com\/wp-content\/uploads\/2017\/07\/SolarConcentrator-300x300.png 300w, https:\/\/www.solixi.com\/wp-content\/uploads\/2017\/07\/SolarConcentrator.png 330w\" sizes=\"auto, (max-width: 300px) 100vw, 300px\" \/><br \/>\n<a href=\"http:\/\/www.solixi.com\/controllers\/\">Kontrolleri<\/a> s\u00e4\u00e4t\u00e4\u00e4 pumppuja ja k\u00e4\u00e4nt\u00e4\u00e4 peilej\u00e4.<\/p>\n<p><img loading=\"lazy\" decoding=\"async\" class=\"circleimage alignnone wp-image-1797 size-thumbnail\" src=\"http:\/\/77.240.19.26\/~solixi\/wp-content\/uploads\/2017\/08\/electricity-300x300.png\" alt=\"\" width=\"300\" height=\"300\" \/><br \/>\nKuumaa vett\u00e4 ja\/tai s\u00e4hk\u00f6\u00e4.<\/p>\n<p><a href=\"http:\/\/77.240.19.26\/~solixi\/wp-content\/uploads\/2017\/06\/Sy1_Concentrator.png\"><img loading=\"lazy\" decoding=\"async\" class=\"size-full wp-image-307 aligncenter\" src=\"http:\/\/77.240.19.26\/~solixi\/wp-content\/uploads\/2017\/06\/Sy1_Concentrator.png\" alt=\"\" width=\"100\" height=\"100\" \/><\/a>[\/vc_column_text][\/vc_column][\/vc_row][vc_row][vc_column][vc_column_text]<\/p>\n<p><img loading=\"lazy\" decoding=\"async\" class=\"wp-image-4934 size-full aligncenter\" src=\"http:\/\/www.solixi.com\/wp-content\/uploads\/2017\/07\/14investorpitch.jpg\" alt=\"\" width=\"950\" height=\"534\" srcset=\"https:\/\/www.solixi.com\/wp-content\/uploads\/2017\/07\/14investorpitch.jpg 950w, https:\/\/www.solixi.com\/wp-content\/uploads\/2017\/07\/14investorpitch-300x169.jpg 300w, https:\/\/www.solixi.com\/wp-content\/uploads\/2017\/07\/14investorpitch-768x432.jpg 768w\" sizes=\"auto, (max-width: 950px) 100vw, 950px\" \/><br \/>\n<img loading=\"lazy\" decoding=\"async\" class=\"wp-image-4935 size-full aligncenter\" src=\"http:\/\/www.solixi.com\/wp-content\/uploads\/2017\/07\/15investorpitch.jpg\" alt=\"\" width=\"950\" height=\"534\" srcset=\"https:\/\/www.solixi.com\/wp-content\/uploads\/2017\/07\/15investorpitch.jpg 950w, https:\/\/www.solixi.com\/wp-content\/uploads\/2017\/07\/15investorpitch-300x169.jpg 300w, https:\/\/www.solixi.com\/wp-content\/uploads\/2017\/07\/15investorpitch-768x432.jpg 768w\" sizes=\"auto, (max-width: 950px) 100vw, 950px\" \/><br \/>\n[\/vc_column_text][\/vc_column][\/vc_row]<\/p>\n<\/div>","protected":false},"excerpt":{"rendered":"<p>[vc_row 0=&#8221;&#8221;][vc_column width=&#8221;1\/3&#8243;][vc_column_text 0=&#8221;&#8221;] Useita malleja C13 on pienin malli, korkeus 1,3m. C16; l\u00e4mp\u00f6ker\u00e4in, 6 mastoa, 12 peili\u00e4, teho 8kW. Kerrostaloon C46, teho 34kW. Aurinkovoimaloita Solixi C49 tai C96 malleilla. [\/vc_column_text][\/vc_column][vc_column width=&#8221;1\/3&#8243;][vc_column_text 0=&#8221;&#8221;] Moninkertainen teho auringons\u00e4teit\u00e4 keskitt\u00e4m\u00e4ll\u00e4. Katon suunnalla ja varjoilla ei ole v\u00e4li\u00e4 koska Solixin ker\u00e4in on kohti etel\u00e4\u00e4 ja varjojen yll\u00e4 ja peilit &#8230; <a title=\"Aurinkokeskittimet\" class=\"read-more\" href=\"https:\/\/www.solixi.com\/fi\/solar-energy\/\" aria-label=\"Lue lis\u00e4\u00e4 aiheesta Aurinkokeskittimet\">Lue lis\u00e4\u00e4<\/a><\/p>\n","protected":false},"author":2,"featured_media":2432,"parent":0,"menu_order":0,"comment_status":"closed","ping_status":"closed","template":"","meta":{"footnotes":""},"class_list":["post-2246","page","type-page","status-publish","has-post-thumbnail"],"_links":{"self":[{"href":"https:\/\/www.solixi.com\/fi\/wp-json\/wp\/v2\/pages\/2246","targetHints":{"allow":["GET"]}}],"collection":[{"href":"https:\/\/www.solixi.com\/fi\/wp-json\/wp\/v2\/pages"}],"about":[{"href":"https:\/\/www.solixi.com\/fi\/wp-json\/wp\/v2\/types\/page"}],"author":[{"embeddable":true,"href":"https:\/\/www.solixi.com\/fi\/wp-json\/wp\/v2\/users\/2"}],"replies":[{"embeddable":true,"href":"https:\/\/www.solixi.com\/fi\/wp-json\/wp\/v2\/comments?post=2246"}],"version-history":[{"count":32,"href":"https:\/\/www.solixi.com\/fi\/wp-json\/wp\/v2\/pages\/2246\/revisions"}],"predecessor-version":[{"id":6876,"href":"https:\/\/www.solixi.com\/fi\/wp-json\/wp\/v2\/pages\/2246\/revisions\/6876"}],"wp:featuredmedia":[{"embeddable":true,"href":"https:\/\/www.solixi.com\/fi\/wp-json\/wp\/v2\/media\/2432"}],"wp:attachment":[{"href":"https:\/\/www.solixi.com\/fi\/wp-json\/wp\/v2\/media?parent=2246"}],"curies":[{"name":"wp","href":"https:\/\/api.w.org\/{rel}","templated":true}]}}