{"id":2249,"date":"2017-08-11T06:21:19","date_gmt":"2017-08-11T06:21:19","guid":{"rendered":"http:\/\/77.240.19.26\/~solixi\/?page_id=2249"},"modified":"2019-04-09T08:24:25","modified_gmt":"2019-04-09T08:24:25","slug":"water-boilers","status":"publish","type":"page","link":"https:\/\/www.solixi.com\/fi\/water-boilers\/","title":{"rendered":"Vesivaraajat"},"content":{"rendered":"<div class=\"wpb-content-wrapper\"><p>[vc_row 0=&#8221;&#8221;][vc_column width=&#8221;1\/3&#8243;][vc_column_text 0=&#8221;&#8221;]<\/p>\n<h1>Valtava kapasiteetti<\/h1>\n<p><strong><img loading=\"lazy\" decoding=\"async\" class=\"circleimage alignnone wp-image-1912 size-thumbnail\" src=\"http:\/\/77.240.19.26\/~solixi\/wp-content\/uploads\/2017\/08\/SolixiBoilers-300x300.png\" alt=\"\" width=\"300\" height=\"300\" \/><\/strong><\/p>\n<h4><strong><img loading=\"lazy\" decoding=\"async\" class=\"size-full wp-image-309 alignleft\" src=\"http:\/\/77.240.19.26\/~solixi\/wp-content\/uploads\/2017\/06\/Sy1_SolixiBoiler.png\" alt=\"\" width=\"100\" height=\"100\" \/><a href=\"http:\/\/www.solixi.com\/1mwh-water-boiler\/\">\u00a00,5 MWh<\/a><\/strong><\/h4>\n<ul>\n<li>6m\u00b3 vesitilavuus<\/li>\n<li>leveys 2,5m, pituus 2,5m, korkeus 3m<\/li>\n<li>3-12 asuntoa, 10-30 asukasta<\/li>\n<\/ul>\n<h4><strong><img loading=\"lazy\" decoding=\"async\" class=\"size-full wp-image-309 alignleft\" src=\"http:\/\/77.240.19.26\/~solixi\/wp-content\/uploads\/2017\/06\/Sy1_SolixiBoiler.png\" alt=\"\" width=\"100\" height=\"100\" \/> <a href=\"http:\/\/www.solixi.com\/1mwh-water-boiler\/\">1 MWh<\/a><\/strong><\/h4>\n<ul>\n<li>13 m\u00b3\u00a0vesitilavuus<\/li>\n<li>leveys 2,5m, pituus 2,5m, korkeus 5m<\/li>\n<li>10-30 asuntoa, 30-100 asukasta<\/li>\n<\/ul>\n<h4><strong><img loading=\"lazy\" decoding=\"async\" class=\"size-full wp-image-309 alignleft\" src=\"http:\/\/77.240.19.26\/~solixi\/wp-content\/uploads\/2017\/06\/Sy1_SolixiBoiler.png\" alt=\"\" width=\"100\" height=\"100\" \/> <a href=\"http:\/\/www.solixi.com\/6mwh-water-boiler\/\">6 MWh<\/a><\/strong><\/h4>\n<ul>\n<li>60 m\u00b3\u00a0vesitilavuus<\/li>\n<li>leveys 3m, pituus 7m, korkeus 8,5m<\/li>\n<li>60-180 asuntoa, 100-500 asukasta<\/li>\n<\/ul>\n<h4><strong><img loading=\"lazy\" decoding=\"async\" class=\"size-full wp-image-309 alignleft\" src=\"http:\/\/77.240.19.26\/~solixi\/wp-content\/uploads\/2017\/06\/Sy1_SolixiBoiler.png\" alt=\"\" width=\"100\" height=\"100\" \/> <a href=\"http:\/\/www.solixi.com\/6mwh-water-boiler\/\">15 MWh<\/a><\/strong><\/h4>\n<ul>\n<li>150 m\u00b3\u00a0vesitilavuus<\/li>\n<li>leveys 3m, pituus 13m, korkeus 8,5m<\/li>\n<li>150-500 asuntoa, 500-1500 asukasta<\/li>\n<\/ul>\n<p>&nbsp;<\/p>\n<p><img loading=\"lazy\" decoding=\"async\" class=\"circleimage alignnone wp-image-2292 size-thumbnail\" src=\"http:\/\/77.240.19.26\/~solixi\/wp-content\/uploads\/2017\/08\/Containerpile-300x300.png\" alt=\"\" width=\"300\" height=\"300\" \/><\/p>\n<ul>\n<li>S\u00e4ili\u00f6kontteja pinoamalla lis\u00e4\u00e4 kapasiteettia<\/li>\n<li>6 x 15MWh = 90 MWh.<\/li>\n<\/ul>\n<p><a href=\"http:\/\/77.240.19.26\/~solixi\/four-water-boilers\/\"><br \/>\n<\/a>[\/vc_column_text][\/vc_column][vc_column width=&#8221;1\/3&#8243;][vc_column_text 0=&#8221;&#8221;]<\/p>\n<h1>Kolme tankkia<\/h1>\n<p><img loading=\"lazy\" decoding=\"async\" class=\"circleimage alignnone wp-image-2261 size-thumbnail\" src=\"http:\/\/77.240.19.26\/~solixi\/wp-content\/uploads\/2017\/08\/SxBoilerBasics-300x300.png\" alt=\"\" width=\"300\" height=\"300\" srcset=\"https:\/\/www.solixi.com\/wp-content\/uploads\/2017\/08\/SxBoilerBasics-300x300.png 300w, https:\/\/www.solixi.com\/wp-content\/uploads\/2017\/08\/SxBoilerBasics.png 322w\" sizes=\"auto, (max-width: 300px) 100vw, 300px\" \/><\/p>\n<ul>\n<li>Jopa kuusi l\u00e4mp\u00f6tilaa, veden kerrostumaa<\/li>\n<li>Kuumaa ja l\u00e4mmint\u00e4 l\u00e4mmitykseen<\/li>\n<li>Kylm\u00e4\u00e4 ilmastointiin<\/li>\n<li>Energian kierr\u00e4tys<\/li>\n<li>L\u00e4mm\u00f6n talteenotto<\/li>\n<\/ul>\n<h4><strong>L\u00e4mp\u00f6piiri:<\/strong><\/h4>\n<p><img loading=\"lazy\" decoding=\"async\" class=\"circleimage alignnone wp-image-2260 size-thumbnail\" src=\"http:\/\/77.240.19.26\/~solixi\/wp-content\/uploads\/2017\/08\/SolixiCirculation-300x300.png\" alt=\"\" width=\"300\" height=\"300\" srcset=\"https:\/\/www.solixi.com\/wp-content\/uploads\/2017\/08\/SolixiCirculation-300x300.png 300w, https:\/\/www.solixi.com\/wp-content\/uploads\/2017\/08\/SolixiCirculation.png 313w\" sizes=\"auto, (max-width: 300px) 100vw, 300px\" \/><\/p>\n<ul>\n<li>Kontrollerilla portaattomasti ohjattuja pumppuja<\/li>\n<li>L\u00e4mm\u00f6nvaihtimia<\/li>\n<li>L\u00e4mp\u00f6\u00e4 taloon, kylm\u00e4\u00e4 valittuun tankkiin<\/li>\n<li>Kylm\u00e4\u00e4 taloon, l\u00e4mmint\u00e4 valittuun tankkiin<\/li>\n<li>Tehokas, joustava, s\u00e4\u00e4dett\u00e4v\u00e4, edullinen<\/li>\n<li>Hallittu l\u00e4mm\u00f6n kerrostuminen ja siirto<\/li>\n<\/ul>\n<p><img loading=\"lazy\" decoding=\"async\" class=\"circleimage alignnone wp-image-1728 size-thumbnail\" src=\"http:\/\/77.240.19.26\/~solixi\/wp-content\/uploads\/2017\/07\/BoilerHut-300x300.png\" alt=\"\" width=\"300\" height=\"300\" \/><\/p>\n<ul>\n<li>Paksu yhten\u00e4inen eristys<\/li>\n<li>Minimaaliset l\u00e4mp\u00f6h\u00e4vi\u00f6t<\/li>\n<li>Edullinen kuljetus<\/li>\n<li>Nopea asennus<\/li>\n<li>Voidaan siirt\u00e4\u00e4, laajentaa, purkaa<\/li>\n<\/ul>\n<p>[\/vc_column_text][\/vc_column][vc_column width=&#8221;1\/3&#8243;][vc_column_text 0=&#8221;&#8221;]<\/p>\n<div id=\"pg-10-2\" class=\"panel-grid panel-no-style\" data-style=\"{&quot;background_display&quot;:&quot;tile&quot;,&quot;cell_alignment&quot;:&quot;flex-start&quot;}\">\n<div id=\"pgc-10-2-2\" class=\"panel-grid-cell\" data-weight=\"0.333333333333\">\n<div id=\"panel-10-2-2-0\" class=\"so-panel widget widget_sow-editor panel-first-child panel-last-child\" data-index=\"4\" data-style=\"{&quot;background_display&quot;:&quot;tile&quot;}\" data-label=\"Smart IoT-controller\">\n<div class=\"so-widget-sow-editor so-widget-sow-editor-base\">\n<div class=\"siteorigin-widget-tinymce textwidget\">\n<h1>Monipuolinen, joustava<\/h1>\n<h1><img loading=\"lazy\" decoding=\"async\" class=\"circleimage alignnone wp-image-2274 size-thumbnail\" src=\"http:\/\/77.240.19.26\/~solixi\/wp-content\/uploads\/2017\/08\/Pumps-300x300.png\" alt=\"\" width=\"300\" height=\"300\" srcset=\"https:\/\/www.solixi.com\/wp-content\/uploads\/2017\/08\/Pumps-300x300.png 300w, https:\/\/www.solixi.com\/wp-content\/uploads\/2017\/08\/Pumps.png 482w\" sizes=\"auto, (max-width: 300px) 100vw, 300px\" \/><\/h1>\n<p>Laske laskimella mik\u00e4 kannattaa.<br \/>\nLis\u00e4\u00e4 l\u00e4mp\u00f6piireist\u00e4<a href=\"http:\/\/www.solixi.com\/heat-circuit\/\"> t\u00e4\u00e4ll\u00e4.<\/a><\/p>\n<\/div>\n<\/div>\n<\/div>\n<\/div>\n<\/div>\n<div class=\"panel-grid panel-no-style\" data-style=\"{&quot;background_display&quot;:&quot;tile&quot;,&quot;cell_alignment&quot;:&quot;flex-start&quot;}\"><img loading=\"lazy\" decoding=\"async\" class=\"circleimage alignnone wp-image-2149 size-thumbnail\" src=\"http:\/\/77.240.19.26\/~solixi\/wp-content\/uploads\/2017\/07\/coolwarmboiler-300x300.png\" alt=\"\" width=\"300\" height=\"300\" srcset=\"https:\/\/www.solixi.com\/wp-content\/uploads\/2017\/07\/coolwarmboiler-300x300.png 300w, https:\/\/www.solixi.com\/wp-content\/uploads\/2017\/07\/coolwarmboiler.png 315w\" sizes=\"auto, (max-width: 300px) 100vw, 300px\" \/><\/div>\n<div data-style=\"{&quot;background_display&quot;:&quot;tile&quot;,&quot;cell_alignment&quot;:&quot;flex-start&quot;}\">S\u00e4\u00e4n, vuodenajan, kulutuksen, s\u00e4hk\u00f6n hinnan &#8211; tilanteen mukaan;<\/div>\n<ul>\n<li data-style=\"{&quot;background_display&quot;:&quot;tile&quot;,&quot;cell_alignment&quot;:&quot;flex-start&quot;}\">Kylm\u00e4varasto<\/li>\n<li data-style=\"{&quot;background_display&quot;:&quot;tile&quot;,&quot;cell_alignment&quot;:&quot;flex-start&quot;}\">Kuumavarasto<\/li>\n<li data-style=\"{&quot;background_display&quot;:&quot;tile&quot;,&quot;cell_alignment&quot;:&quot;flex-start&quot;}\">Energiatehokkuuden parantaja<\/li>\n<\/ul>\n<p><img loading=\"lazy\" decoding=\"async\" class=\"circleimage alignnone wp-image-1799 size-thumbnail\" src=\"http:\/\/77.240.19.26\/~solixi\/wp-content\/uploads\/2017\/08\/blockhouse-300x300.png\" alt=\"\" width=\"300\" height=\"300\" \/><\/p>\n<ul>\n<li>Kuvassa Solixi 6MWh sek\u00e4 pellettipoltin ja -s\u00e4ili\u00f6.<\/li>\n<li>Sijoita vapaasti, vaikkapa talon p\u00e4\u00e4tyyn<\/li>\n<li>Liit\u00e4 laitteita<\/li>\n<li>Paikallinen, jopa t\u00e4ysin omavarainen l\u00e4mmitys ja\/tai viilennys.<\/li>\n<\/ul>\n<p>[\/vc_column_text][\/vc_column][\/vc_row][vc_row][vc_column][vc_column_text]<\/p>\n<h3><img loading=\"lazy\" decoding=\"async\" class=\"alignnone wp-image-4933 size-full\" src=\"http:\/\/www.solixi.com\/wp-content\/uploads\/2017\/07\/13investorpitch.jpg\" alt=\"\" width=\"950\" height=\"534\" srcset=\"https:\/\/www.solixi.com\/wp-content\/uploads\/2017\/07\/13investorpitch.jpg 950w, https:\/\/www.solixi.com\/wp-content\/uploads\/2017\/07\/13investorpitch-300x169.jpg 300w, https:\/\/www.solixi.com\/wp-content\/uploads\/2017\/07\/13investorpitch-768x432.jpg 768w\" sizes=\"auto, (max-width: 950px) 100vw, 950px\" \/><img loading=\"lazy\" decoding=\"async\" class=\"alignnone wp-image-4932 size-full\" src=\"http:\/\/www.solixi.com\/wp-content\/uploads\/2017\/07\/12investorpitch.jpg\" alt=\"\" width=\"950\" height=\"534\" srcset=\"https:\/\/www.solixi.com\/wp-content\/uploads\/2017\/07\/12investorpitch.jpg 950w, https:\/\/www.solixi.com\/wp-content\/uploads\/2017\/07\/12investorpitch-300x169.jpg 300w, https:\/\/www.solixi.com\/wp-content\/uploads\/2017\/07\/12investorpitch-768x432.jpg 768w\" sizes=\"auto, (max-width: 950px) 100vw, 950px\" \/><\/h3>\n<p>[\/vc_column_text][\/vc_column][\/vc_row]<\/p>\n<\/div>","protected":false},"excerpt":{"rendered":"<p>[vc_row 0=&#8221;&#8221;][vc_column width=&#8221;1\/3&#8243;][vc_column_text 0=&#8221;&#8221;] Valtava kapasiteetti \u00a00,5 MWh 6m\u00b3 vesitilavuus leveys 2,5m, pituus 2,5m, korkeus 3m 3-12 asuntoa, 10-30 asukasta 1 MWh 13 m\u00b3\u00a0vesitilavuus leveys 2,5m, pituus 2,5m, korkeus 5m 10-30 asuntoa, 30-100 asukasta 6 MWh 60 m\u00b3\u00a0vesitilavuus leveys 3m, pituus 7m, korkeus 8,5m 60-180 asuntoa, 100-500 asukasta 15 MWh 150 m\u00b3\u00a0vesitilavuus leveys 3m, pituus &#8230; <a title=\"Vesivaraajat\" class=\"read-more\" href=\"https:\/\/www.solixi.com\/fi\/water-boilers\/\" aria-label=\"Lue lis\u00e4\u00e4 aiheesta Vesivaraajat\">Lue lis\u00e4\u00e4<\/a><\/p>\n","protected":false},"author":2,"featured_media":2353,"parent":0,"menu_order":0,"comment_status":"closed","ping_status":"closed","template":"","meta":{"footnotes":""},"class_list":["post-2249","page","type-page","status-publish","has-post-thumbnail"],"_links":{"self":[{"href":"https:\/\/www.solixi.com\/fi\/wp-json\/wp\/v2\/pages\/2249","targetHints":{"allow":["GET"]}}],"collection":[{"href":"https:\/\/www.solixi.com\/fi\/wp-json\/wp\/v2\/pages"}],"about":[{"href":"https:\/\/www.solixi.com\/fi\/wp-json\/wp\/v2\/types\/page"}],"author":[{"embeddable":true,"href":"https:\/\/www.solixi.com\/fi\/wp-json\/wp\/v2\/users\/2"}],"replies":[{"embeddable":true,"href":"https:\/\/www.solixi.com\/fi\/wp-json\/wp\/v2\/comments?post=2249"}],"version-history":[{"count":45,"href":"https:\/\/www.solixi.com\/fi\/wp-json\/wp\/v2\/pages\/2249\/revisions"}],"predecessor-version":[{"id":10178,"href":"https:\/\/www.solixi.com\/fi\/wp-json\/wp\/v2\/pages\/2249\/revisions\/10178"}],"wp:featuredmedia":[{"embeddable":true,"href":"https:\/\/www.solixi.com\/fi\/wp-json\/wp\/v2\/media\/2353"}],"wp:attachment":[{"href":"https:\/\/www.solixi.com\/fi\/wp-json\/wp\/v2\/media?parent=2249"}],"curies":[{"name":"wp","href":"https:\/\/api.w.org\/{rel}","templated":true}]}}