{"id":2302,"date":"2017-08-11T10:01:40","date_gmt":"2017-08-11T10:01:40","guid":{"rendered":"http:\/\/77.240.19.26\/~solixi\/?page_id=2302"},"modified":"2018-05-03T15:48:48","modified_gmt":"2018-05-03T15:48:48","slug":"1mwh-water-boiler","status":"publish","type":"page","link":"https:\/\/www.solixi.com\/fi\/1mwh-water-boiler\/","title":{"rendered":"Solixi 0,5 MWh ja 1 MWh vesivaraaja"},"content":{"rendered":"<div class=\"wpb-content-wrapper\"><p>[vc_row 0=&#8221;&#8221;][vc_column width=&#8221;1\/3&#8243;][vc_column_text 0=&#8221;&#8221;]<\/p>\n<h2><strong><img loading=\"lazy\" decoding=\"async\" class=\"size-full wp-image-309 aligncenter\" src=\"http:\/\/77.240.19.26\/~solixi\/wp-content\/uploads\/2017\/06\/Sy1_SolixiBoiler.png\" alt=\"\" width=\"100\" height=\"100\" \/>Solixi 0,5 MWh vesivaraaja<\/strong><\/h2>\n<ul>\n<li>6,5m\u00b3 vesitilavuus<\/li>\n<li>kaksi veden kerrostumista parantavaa v\u00e4lilevy\u00e4<\/li>\n<li>noin 3-12 asuntoa, 10-30 asukasta<\/li>\n<\/ul>\n<p><strong>Sis\u00e4lt\u00e4\u00e4<\/strong><\/p>\n<ul>\n<li>12 liit\u00e4nt\u00e4putkea Solixi jakotukeille 3\/4&#8243;<\/li>\n<li>Kehikko; seisoo tukevasti, helppo kiinnitt\u00e4\u00e4 sein\u00e4t ja katto<\/li>\n<li>Kehikon mitat:\u00a0leveys 2,3m, pituus 2,3m, korkeus 2 m<\/li>\n<li>3 bar paineenkesto, maksimil\u00e4mp\u00f6tila 125\u00b0C.<\/li>\n<\/ul>\n<h4>Suositushinta 6300 \u20ac, alv 0%<\/h4>\n<p>6300\u20ac \/ 500 kWh = <strong>12,6 \u20ac\/kWh<\/strong><br \/>\n<a href=\"http:\/\/www.solixi.com\/payback-time\/\">Perinteinen varaaja varastoi noin hinnalla 100 \u20ac\/kWh.<\/a><\/p>\n<p><img loading=\"lazy\" decoding=\"async\" class=\"circleimage alignnone wp-image-2277 size-thumbnail\" src=\"http:\/\/77.240.19.26\/~solixi\/wp-content\/uploads\/2017\/08\/05MWh-300x300.png\" alt=\"\" width=\"300\" height=\"300\" \/><\/p>\n<p>&nbsp;<\/p>\n<p><a href=\"http:\/\/77.240.19.26\/~solixi\/four-water-boilers\/\">\u00a0<\/a>[\/vc_column_text][\/vc_column][vc_column width=&#8221;1\/3&#8243;][vc_column_text 0=&#8221;&#8221;]<\/p>\n<h2><strong><img loading=\"lazy\" decoding=\"async\" class=\"size-full wp-image-309 aligncenter\" src=\"http:\/\/77.240.19.26\/~solixi\/wp-content\/uploads\/2017\/06\/Sy1_SolixiBoiler.png\" alt=\"\" width=\"100\" height=\"100\" \/><\/strong><strong>Solixi 1 MWh vesivaraaja<\/strong><\/h2>\n<ul>\n<li>13,5 m\u00b3\u00a0vesitilavuus<\/li>\n<li>kaksi veden kerrostumista parantavaa v\u00e4lilevy\u00e4<\/li>\n<li>10-30 asuntoa, 30-100 asukasta<\/li>\n<\/ul>\n<p><strong>Sis\u00e4lt\u00e4\u00e4<\/strong><\/p>\n<ul>\n<li>12 liit\u00e4nt\u00e4putkea Solixi jakotukeille 3\/4&#8243;<\/li>\n<li>Kehikko; seisoo tukevasti, helppo kiinnitt\u00e4\u00e4 sein\u00e4t ja katto<\/li>\n<li>Kehikon mitat:\u00a0leveys 2,3m, pituus 2,3m, korkeus 3,8m<\/li>\n<li>3 bar paineenkesto, maksimil\u00e4mp\u00f6tila 125\u00b0C.<\/li>\n<\/ul>\n<h4>Suositushinta 8800\u20ac, alv 0%<\/h4>\n<p>8800\u20ac \/ 1000 kWh = <strong>8,8 \u20ac\/kWh<\/strong><br \/>\n<a href=\"http:\/\/www.solixi.com\/payback-time\/\">Perinteinen varaaja varastoi noin hinnalla 100 \u20ac\/kWh.<\/a><\/p>\n<p><img loading=\"lazy\" decoding=\"async\" class=\"circleimage alignnone wp-image-2276 size-thumbnail\" src=\"http:\/\/77.240.19.26\/~solixi\/wp-content\/uploads\/2017\/08\/1MWh-300x300.png\" alt=\"\" width=\"300\" height=\"300\" srcset=\"https:\/\/www.solixi.com\/wp-content\/uploads\/2017\/08\/1MWh-300x300.png 300w, https:\/\/www.solixi.com\/wp-content\/uploads\/2017\/08\/1MWh.png 495w\" sizes=\"auto, (max-width: 300px) 100vw, 300px\" \/><\/p>\n<p>[\/vc_column_text][\/vc_column][vc_column width=&#8221;1\/3&#8243;][vc_column_text 0=&#8221;&#8221;]<\/p>\n<p>&nbsp;<\/p>\n<h4>Saatavana vain paikalliselta <a href=\"http:\/\/www.solixi.com\/sales\/\">Solixi j\u00e4lleenmyyj\u00e4lt\u00e4<\/a>.<\/h4>\n<p>Hinta voi vaihdella, siihen vaikuttaa:<\/p>\n<ul>\n<li>J\u00e4lleenmyyj\u00e4n hinnoittelu, ostoer\u00e4t.<\/li>\n<li>Valuuttakurssit, raaka-aineiden hinta yms.<\/li>\n<\/ul>\n<p>Lue my\u00f6s; <a href=\"http:\/\/www.solixi.com\/products\/\">tuotelinjat<\/a>, <a href=\"http:\/\/www.solixi.com\/energy-system\/\">energiaj\u00e4rjestelm\u00e4<\/a>.<\/p>\n<div id=\"pg-10-3\" class=\"panel-grid panel-no-style\" data-style=\"{&quot;background_display&quot;:&quot;tile&quot;,&quot;cell_alignment&quot;:&quot;flex-start&quot;}\">\n<h4>Solixi <a href=\"http:\/\/www.solixi.com\/heat-circuit\/\">osat<\/a>\u00a0tarpeen mukaan.<\/h4>\n<\/div>\n<div data-style=\"{&quot;background_display&quot;:&quot;tile&quot;,&quot;cell_alignment&quot;:&quot;flex-start&quot;}\"><\/div>\n<p>[\/vc_column_text][\/vc_column][\/vc_row][vc_row][vc_column][vc_column_text]<\/p>\n<h3 style=\"text-align: center;\">Valtava MWh kapasiteetti !<\/h3>\n<p>[\/vc_column_text][\/vc_column][\/vc_row]<\/p>\n<\/div>","protected":false},"excerpt":{"rendered":"<p>[vc_row 0=&#8221;&#8221;][vc_column width=&#8221;1\/3&#8243;][vc_column_text 0=&#8221;&#8221;] Solixi 0,5 MWh vesivaraaja 6,5m\u00b3 vesitilavuus kaksi veden kerrostumista parantavaa v\u00e4lilevy\u00e4 noin 3-12 asuntoa, 10-30 asukasta Sis\u00e4lt\u00e4\u00e4 12 liit\u00e4nt\u00e4putkea Solixi jakotukeille 3\/4&#8243; Kehikko; seisoo tukevasti, helppo kiinnitt\u00e4\u00e4 sein\u00e4t ja katto Kehikon mitat:\u00a0leveys 2,3m, pituus 2,3m, korkeus 2 m 3 bar paineenkesto, maksimil\u00e4mp\u00f6tila 125\u00b0C. Suositushinta 6300 \u20ac, alv 0% 6300\u20ac \/ 500 &#8230; <a title=\"Solixi 0,5 MWh ja 1 MWh vesivaraaja\" class=\"read-more\" href=\"https:\/\/www.solixi.com\/fi\/1mwh-water-boiler\/\" aria-label=\"Lue lis\u00e4\u00e4 aiheesta Solixi 0,5 MWh ja 1 MWh vesivaraaja\">Lue lis\u00e4\u00e4<\/a><\/p>\n","protected":false},"author":2,"featured_media":2362,"parent":0,"menu_order":0,"comment_status":"closed","ping_status":"closed","template":"","meta":{"footnotes":""},"class_list":["post-2302","page","type-page","status-publish","has-post-thumbnail"],"_links":{"self":[{"href":"https:\/\/www.solixi.com\/fi\/wp-json\/wp\/v2\/pages\/2302","targetHints":{"allow":["GET"]}}],"collection":[{"href":"https:\/\/www.solixi.com\/fi\/wp-json\/wp\/v2\/pages"}],"about":[{"href":"https:\/\/www.solixi.com\/fi\/wp-json\/wp\/v2\/types\/page"}],"author":[{"embeddable":true,"href":"https:\/\/www.solixi.com\/fi\/wp-json\/wp\/v2\/users\/2"}],"replies":[{"embeddable":true,"href":"https:\/\/www.solixi.com\/fi\/wp-json\/wp\/v2\/comments?post=2302"}],"version-history":[{"count":45,"href":"https:\/\/www.solixi.com\/fi\/wp-json\/wp\/v2\/pages\/2302\/revisions"}],"predecessor-version":[{"id":4133,"href":"https:\/\/www.solixi.com\/fi\/wp-json\/wp\/v2\/pages\/2302\/revisions\/4133"}],"wp:featuredmedia":[{"embeddable":true,"href":"https:\/\/www.solixi.com\/fi\/wp-json\/wp\/v2\/media\/2362"}],"wp:attachment":[{"href":"https:\/\/www.solixi.com\/fi\/wp-json\/wp\/v2\/media?parent=2302"}],"curies":[{"name":"wp","href":"https:\/\/api.w.org\/{rel}","templated":true}]}}