{"id":2324,"date":"2017-08-11T11:34:53","date_gmt":"2017-08-11T11:34:53","guid":{"rendered":"http:\/\/77.240.19.26\/~solixi\/?page_id=2324"},"modified":"2018-03-09T09:35:57","modified_gmt":"2018-03-09T09:35:57","slug":"heat-circuit","status":"publish","type":"page","link":"https:\/\/www.solixi.com\/fi\/heat-circuit\/","title":{"rendered":"L\u00e4mp\u00f6piirin osat"},"content":{"rendered":"<div class=\"wpb-content-wrapper\"><p>[vc_row 0=&#8221;&#8221;][vc_column width=&#8221;1\/3&#8243;][vc_column_text 0=&#8221;&#8221;]<\/p>\n<h2>Solixi osat<\/h2>\n<p>Solixi toimii parhaiten Solixi osilla.<br \/>\nKaikki osat ovat yhteensopivia, 1\/2 &#8221; liitynn\u00e4t.<br \/>\nHelppo kahdentaa, siirt\u00e4\u00e4, poistaa, muuttaa jne.<\/p>\n<p><a href=\"http:\/\/www.solixi.com\/controllers\/\">IoT-kontrolleri, klikkaa t\u00e4st\u00e4<br \/>\n<\/a><img loading=\"lazy\" decoding=\"async\" class=\"circleimage alignnone wp-image-3444 size-thumbnail\" src=\"http:\/\/www.solixi.com\/wp-content\/uploads\/2017\/08\/DCpump-300x300.jpg\" alt=\"\" width=\"300\" height=\"300\" srcset=\"https:\/\/www.solixi.com\/wp-content\/uploads\/2017\/08\/DCpump-300x300.jpg 300w, https:\/\/www.solixi.com\/wp-content\/uploads\/2017\/08\/DCpump.jpg 500w\" sizes=\"auto, (max-width: 300px) 100vw, 300px\" \/><\/p>\n<p><a href=\"http:\/\/www.solixi.com\/water-pump\/\">Micro DC pumppu<\/a>, yhteensopiva Solixi kontrollerin kanssa<br \/>\n<img loading=\"lazy\" decoding=\"async\" class=\"circleimage alignnone wp-image-3446 size-thumbnail\" src=\"http:\/\/www.solixi.com\/wp-content\/uploads\/2017\/08\/heatexchanger-300x300.jpg\" alt=\"\" width=\"300\" height=\"300\" srcset=\"https:\/\/www.solixi.com\/wp-content\/uploads\/2017\/08\/heatexchanger-300x300.jpg 300w, https:\/\/www.solixi.com\/wp-content\/uploads\/2017\/08\/heatexchanger.jpg 500w\" sizes=\"auto, (max-width: 300px) 100vw, 300px\" \/><br \/>\nJuotettu 50 levyn l\u00e4mm\u00f6nvaihdin<br \/>\n<img loading=\"lazy\" decoding=\"async\" class=\"circleimage alignnone wp-image-3448 size-thumbnail\" src=\"http:\/\/www.solixi.com\/wp-content\/uploads\/2017\/08\/hose-300x300.jpg\" alt=\"\" width=\"300\" height=\"300\" srcset=\"https:\/\/www.solixi.com\/wp-content\/uploads\/2017\/08\/hose-300x300.jpg 300w, https:\/\/www.solixi.com\/wp-content\/uploads\/2017\/08\/hose.jpg 500w\" sizes=\"auto, (max-width: 300px) 100vw, 300px\" \/><br \/>\nLiitynt\u00e4letkuja; 0,5m, 1,5m, 3m ja muita pituuksia tilauksen mukaan.<br \/>\n<img loading=\"lazy\" decoding=\"async\" class=\"circleimage alignnone wp-image-3449 size-thumbnail\" src=\"http:\/\/www.solixi.com\/wp-content\/uploads\/2017\/08\/manifold-300x300.jpg\" alt=\"\" width=\"300\" height=\"300\" srcset=\"https:\/\/www.solixi.com\/wp-content\/uploads\/2017\/08\/manifold-300x300.jpg 300w, https:\/\/www.solixi.com\/wp-content\/uploads\/2017\/08\/manifold.jpg 500w\" sizes=\"auto, (max-width: 300px) 100vw, 300px\" \/><br \/>\nJakotukki 3\/4&#8243; ja 4x 1\/2&#8243;<\/p>\n<p>Osia asennetaan tarvittava m\u00e4\u00e4r\u00e4 tehon tarpeen mukaan.<br \/>\nKaikki osat voidaan siirt\u00e4\u00e4 \u00a0ja liitt\u00e4\u00e4 nopeasti ja joustavasti tilanteen, kokemuksen ja tiedon mukaan.<br \/>\nKaikki osat ovat edullisia, Solixi l\u00e4mp\u00f6piirin hinta on usein 200-400\u20ac, sis\u00e4lt\u00e4en kaikki osat ja asennuksen.<\/p>\n<p>[\/vc_column_text][\/vc_column][vc_column width=&#8221;1\/3&#8243;][vc_column_text 0=&#8221;&#8221;]<\/p>\n<h2>Solixi vesivaraajissa on<\/h2>\n<h4><strong><img loading=\"lazy\" decoding=\"async\" class=\"circleimage alignnone wp-image-1912 size-thumbnail\" src=\"http:\/\/77.240.19.26\/~solixi\/wp-content\/uploads\/2017\/08\/SolixiBoilers-300x300.png\" alt=\"\" width=\"300\" height=\"300\" \/><\/strong><\/h4>\n<ul>\n<li>12 liitynt\u00e4putkea joihin kiinnitet\u00e4\u00e4n Solixi jakotukki (4 l\u00e4ht\u00f6\u00e4, sulut)<\/li>\n<li>Asennuslevy Solixi osille<\/li>\n<li>Kehys, johon eristetyt sein\u00e4t ja katto kiinnitet\u00e4\u00e4n (ei sis\u00e4lly toimitukseen)<\/li>\n<li>Kest\u00e4\u00e4 3 barin painetta, jopa\u00a0125\u00a0\u00b0C maksimil\u00e4mp\u00f6tila.<\/li>\n<\/ul>\n<h4><strong>Muut osat ja laitteet<br \/>\n<\/strong><img loading=\"lazy\" decoding=\"async\" class=\"circleimage alignnone wp-image-2260 size-thumbnail\" src=\"http:\/\/77.240.19.26\/~solixi\/wp-content\/uploads\/2017\/08\/SolixiCirculation-300x300.png\" alt=\"\" width=\"300\" height=\"300\" srcset=\"https:\/\/www.solixi.com\/wp-content\/uploads\/2017\/08\/SolixiCirculation-300x300.png 300w, https:\/\/www.solixi.com\/wp-content\/uploads\/2017\/08\/SolixiCirculation.png 313w\" sizes=\"auto, (max-width: 300px) 100vw, 300px\" \/><\/h4>\n<ul>\n<li>Jo asennettuja pumppuja k\u00e4ytet\u00e4\u00e4n usein talon vesipiiriss\u00e4 (kuva vasemmalla). T\u00e4m\u00e4 ei muutu.<\/li>\n<li>Suositellaan, ett\u00e4 vain Solixi osia liitet\u00e4\u00e4n Solixi l\u00e4mp\u00f6piireihin (kuva oikealla). L\u00e4mm\u00f6nvaihdin on raja. Vesi ei sekoitu.<\/li>\n<li>Muita laitteita liitet\u00e4\u00e4n Solixi jakotukkiin kuten perinteisiss\u00e4 vesivaraajissa.<\/li>\n<li>Kontaktori (p\u00e4\u00e4ll\u00e4\/pois) voidaan liitt\u00e4\u00e4 Solixi kontrolleriin, joka voi k\u00e4ynnist\u00e4\u00e4 mink\u00e4 tahansa laitteen kuten vesipumpun, s\u00e4hk\u00f6vastuksen jne.<\/li>\n<li>Joitakin nykyaikaisia laitteita voidaan ohjata IoT-j\u00e4rjestelmill\u00e4. Solixi on\u00a0<img loading=\"lazy\" decoding=\"async\" class=\"alignnone wp-image-306\" src=\"http:\/\/77.240.19.26\/~solixi\/wp-content\/uploads\/2017\/06\/Sy1_IoTController.png\" alt=\"\" width=\"30\" height=\"30\" \/>. Liitt\u00e4minen \u00a0vaatii usein ohjelmiston muokkaamista.<\/li>\n<\/ul>\n<h4>Joustava ja helppo asennus, plug &amp; play<\/h4>\n<ul>\n<li>Aina ei tarvita putkimiest\u00e4; kierreet liitynt\u00e4letkulta pumpuille, l\u00e4mm\u00f6nvaihtimille ja jakotukeille, miss\u00e4 jokaisessa l\u00e4mp\u00f6piiriss\u00e4 on sulku molemmissa p\u00e4iss\u00e4<\/li>\n<li>Aina ei tarvita s\u00e4hk\u00f6miest\u00e4, matala j\u00e4nnite 24 V, plug &amp; play pistokkeet pumpuissa ja kontrollerissa.<\/li>\n<\/ul>\n<h4><img loading=\"lazy\" decoding=\"async\" class=\"circleimage alignnone wp-image-3451 size-thumbnail\" src=\"http:\/\/www.solixi.com\/wp-content\/uploads\/2017\/08\/allparts2-300x300.jpg\" alt=\"\" width=\"300\" height=\"300\" srcset=\"https:\/\/www.solixi.com\/wp-content\/uploads\/2017\/08\/allparts2-300x300.jpg 300w, https:\/\/www.solixi.com\/wp-content\/uploads\/2017\/08\/allparts2.jpg 500w\" sizes=\"auto, (max-width: 300px) 100vw, 300px\" \/><\/h4>\n<h4>Lis\u00e4ksi tarvitaan<\/h4>\n<ul>\n<li>Perustus painon mukaan, kuutio vett\u00e4 painaa tonnin.<\/li>\n<li>Sein\u00e4t ja katto, jotka kiinnitet\u00e4\u00e4n s\u00e4ili\u00f6n kehykseen.<\/li>\n<li>Eristys; sein\u00e4t 20-40 cm, katto 30-60 cm, lattia 5-20 cm.<\/li>\n<li>L\u00e4mm\u00f6nsiirtoputket (tai Solixi liitynt\u00e4letkut) rakennukseen, yleens\u00e4 2-6 paria putkia.<\/li>\n<li>Kohtuullinen et\u00e4isyys l\u00e4mm\u00f6njakohuoneeseen (v\u00e4hemm\u00e4n kuin 100 m, suositus noin 10-20 m).<\/li>\n<\/ul>\n<p><a href=\"http:\/\/77.240.19.26\/~solixi\/four-water-boilers\/\"><br \/>\n<\/a>[\/vc_column_text][\/vc_column][vc_column width=&#8221;1\/3&#8243;][vc_column_text 0=&#8221;&#8221;]<\/p>\n<div id=\"pg-10-2\" class=\"panel-grid panel-no-style\" data-style=\"{&quot;background_display&quot;:&quot;tile&quot;,&quot;cell_alignment&quot;:&quot;flex-start&quot;}\">\n<div id=\"pgc-10-2-2\" class=\"panel-grid-cell\" data-weight=\"0.333333333333\">\n<div id=\"panel-10-2-2-0\" class=\"so-panel widget widget_sow-editor panel-first-child panel-last-child\" data-index=\"4\" data-style=\"{&quot;background_display&quot;:&quot;tile&quot;}\" data-label=\"Smart IoT-controller\">\n<div class=\"so-widget-sow-editor so-widget-sow-editor-base\">\n<div class=\"siteorigin-widget-tinymce textwidget\">\n<h2>Valitse l\u00e4mp\u00f6piirit<\/h2>\n<p><img loading=\"lazy\" decoding=\"async\" class=\"circleimage alignnone wp-image-2496 size-thumbnail\" src=\"http:\/\/77.240.19.26\/~solixi\/wp-content\/uploads\/2017\/08\/Pumps12-300x300.png\" alt=\"\" width=\"300\" height=\"300\" srcset=\"https:\/\/www.solixi.com\/wp-content\/uploads\/2017\/08\/Pumps12-300x300.png 300w, https:\/\/www.solixi.com\/wp-content\/uploads\/2017\/08\/Pumps12.png 476w\" sizes=\"auto, (max-width: 300px) 100vw, 300px\" \/><br \/>\nniin energia siirtyy kontrollerin ohjaamana \u00e4lykk\u00e4\u00e4sti ajastettuna ja hyvin tarkasti optimoituna.<br \/>\nVaihtoehtoja on 24<\/p>\n<\/div>\n<\/div>\n<\/div>\n<\/div>\n<\/div>\n<div id=\"pg-10-3\" class=\"panel-grid panel-no-style\" data-style=\"{&quot;background_display&quot;:&quot;tile&quot;,&quot;cell_alignment&quot;:&quot;flex-start&quot;}\">\n<ul>\n<li>L\u00e4mmitys (tumman sininen 8, 9, 19)<\/li>\n<li><img loading=\"lazy\" decoding=\"async\" class=\"alignnone wp-image-298\" src=\"http:\/\/77.240.19.26\/~solixi\/wp-content\/uploads\/2017\/04\/Sy1_WarmWater-1.png\" alt=\"\" width=\"30\" height=\"30\" \/>\u00a0 Kuuma vesi (sininen 6-8, 18)<\/li>\n<li><img loading=\"lazy\" decoding=\"async\" class=\"alignnone wp-image-307\" src=\"http:\/\/77.240.19.26\/~solixi\/wp-content\/uploads\/2017\/06\/Sy1_Concentrator.png\" alt=\"\" width=\"30\" height=\"30\" \/>\u00a0 Aurinko l\u00e4mp\u00f6 (oranssi 1-4)<\/li>\n<li><img loading=\"lazy\" decoding=\"async\" class=\"alignnone wp-image-284\" src=\"http:\/\/77.240.19.26\/~solixi\/wp-content\/uploads\/2017\/04\/Sy1_burner.png\" alt=\"\" width=\"30\" height=\"30\" \/><img loading=\"lazy\" decoding=\"async\" class=\"alignnone wp-image-461\" src=\"http:\/\/77.240.19.26\/~solixi\/wp-content\/uploads\/2017\/06\/Sy1_ElectHeater.png\" alt=\"\" width=\"30\" height=\"30\" \/>\u00a0L\u00e4mmittimet; s\u00e4hk\u00f6vastus, poltin jne. (punainen 10, 11, 13)<\/li>\n<li><img loading=\"lazy\" decoding=\"async\" class=\"alignnone wp-image-308\" src=\"http:\/\/77.240.19.26\/~solixi\/wp-content\/uploads\/2017\/06\/Sy1_Cooling.png\" alt=\"\" width=\"30\" height=\"30\" \/><img loading=\"lazy\" decoding=\"async\" class=\"alignnone wp-image-657\" src=\"http:\/\/77.240.19.26\/~solixi\/wp-content\/uploads\/2017\/06\/Sy1_HeatRecovery.png\" alt=\"\" width=\"30\" height=\"30\" \/>\u00a0J\u00e4\u00e4hdytys, l\u00e4mm\u00f6n talteenotto (vaalean sininen 20-23)<\/li>\n<li>Solixi l\u00e4mp\u00f6pumppu\u00a0 (vihre\u00e4 14-17)<\/li>\n<li>L\u00e4mm\u00f6n tasaus (keltainen, 12)<\/li>\n<li>L\u00e4mm\u00f6n poisto (lila, 24)<\/li>\n<\/ul>\n<p>Kaikki l\u00e4mp\u00f6piirit voidaan muokata tarpeen mukaan siirt\u00e4m\u00e4ll\u00e4 liitynt\u00e4letkuja jakotukista toiseen. Esimerkiksi l\u00e4mm\u00f6n tasaus pumppu (12, vihre\u00e4) voi sekoittaa kaikki kolme tai vain kaksi ylint\u00e4 tai kaksi alinta s\u00e4ili\u00f6t\u00e4 kun niihin halutaan sama l\u00e4mp\u00f6tila.<\/p>\n<\/div>\n<div data-style=\"{&quot;background_display&quot;:&quot;tile&quot;,&quot;cell_alignment&quot;:&quot;flex-start&quot;}\">\n<div data-style=\"{&quot;background_display&quot;:&quot;tile&quot;,&quot;cell_alignment&quot;:&quot;flex-start&quot;}\"><strong>Saadaksesi lis\u00e4tietoja\u00a0<a href=\"http:\/\/www.solixi.com\/controllers\/\">klikkaa t\u00e4st\u00e4, Solixi kontrollerin l\u00e4mp\u00f6piirit<\/a>.<\/strong><\/div>\n<p>[\/vc_column_text][\/vc_column][\/vc_row][vc_row][vc_column][vc_column_text]<\/p>\n<\/div>\n<p>&nbsp;<\/p>\n<p>&nbsp;<\/p>\n<h3>Solixi &#8211; energia tehty oikein<\/h3>\n<p>[\/vc_column_text][\/vc_column][\/vc_row]<\/p>\n<p>&nbsp;<\/p>\n<p>&nbsp;<\/p>\n<p>&nbsp;<\/p>\n<\/div>","protected":false},"excerpt":{"rendered":"<p>[vc_row 0=&#8221;&#8221;][vc_column width=&#8221;1\/3&#8243;][vc_column_text 0=&#8221;&#8221;] Solixi osat Solixi toimii parhaiten Solixi osilla. Kaikki osat ovat yhteensopivia, 1\/2 &#8221; liitynn\u00e4t. Helppo kahdentaa, siirt\u00e4\u00e4, poistaa, muuttaa jne. IoT-kontrolleri, klikkaa t\u00e4st\u00e4 Micro DC pumppu, yhteensopiva Solixi kontrollerin kanssa Juotettu 50 levyn l\u00e4mm\u00f6nvaihdin Liitynt\u00e4letkuja; 0,5m, 1,5m, 3m ja muita pituuksia tilauksen mukaan. Jakotukki 3\/4&#8243; ja 4x 1\/2&#8243; Osia asennetaan tarvittava &#8230; <a title=\"L\u00e4mp\u00f6piirin osat\" class=\"read-more\" href=\"https:\/\/www.solixi.com\/fi\/heat-circuit\/\" aria-label=\"Lue lis\u00e4\u00e4 aiheesta L\u00e4mp\u00f6piirin osat\">Lue lis\u00e4\u00e4<\/a><\/p>\n","protected":false},"author":2,"featured_media":394,"parent":0,"menu_order":0,"comment_status":"closed","ping_status":"closed","template":"","meta":{"footnotes":""},"class_list":["post-2324","page","type-page","status-publish","has-post-thumbnail"],"_links":{"self":[{"href":"https:\/\/www.solixi.com\/fi\/wp-json\/wp\/v2\/pages\/2324","targetHints":{"allow":["GET"]}}],"collection":[{"href":"https:\/\/www.solixi.com\/fi\/wp-json\/wp\/v2\/pages"}],"about":[{"href":"https:\/\/www.solixi.com\/fi\/wp-json\/wp\/v2\/types\/page"}],"author":[{"embeddable":true,"href":"https:\/\/www.solixi.com\/fi\/wp-json\/wp\/v2\/users\/2"}],"replies":[{"embeddable":true,"href":"https:\/\/www.solixi.com\/fi\/wp-json\/wp\/v2\/comments?post=2324"}],"version-history":[{"count":45,"href":"https:\/\/www.solixi.com\/fi\/wp-json\/wp\/v2\/pages\/2324\/revisions"}],"predecessor-version":[{"id":3786,"href":"https:\/\/www.solixi.com\/fi\/wp-json\/wp\/v2\/pages\/2324\/revisions\/3786"}],"wp:featuredmedia":[{"embeddable":true,"href":"https:\/\/www.solixi.com\/fi\/wp-json\/wp\/v2\/media\/394"}],"wp:attachment":[{"href":"https:\/\/www.solixi.com\/fi\/wp-json\/wp\/v2\/media?parent=2324"}],"curies":[{"name":"wp","href":"https:\/\/api.w.org\/{rel}","templated":true}]}}