{"id":2475,"date":"2017-08-14T16:27:49","date_gmt":"2017-08-14T16:27:49","guid":{"rendered":"http:\/\/77.240.19.26\/~solixi\/?page_id=2475"},"modified":"2019-09-29T16:20:30","modified_gmt":"2019-09-29T16:20:30","slug":"solixic1-solar-concentrator","status":"publish","type":"page","link":"https:\/\/www.solixi.com\/fi\/solixic1-solar-concentrator\/","title":{"rendered":"Solixi C1 aurinkokeskittimet"},"content":{"rendered":"<div class=\"wpb-content-wrapper\"><p>[vc_row 0=&#8221;&#8221;][vc_column width=&#8221;1\/3&#8243;][vc_column_text 0=&#8221;&#8221;]<\/p>\n<h2>Solixi C13 aurinkokeskitin<\/h2>\n<div id=\"pg-10-2\" class=\"panel-grid panel-no-style\" data-style=\"{&quot;background_display&quot;:&quot;tile&quot;,&quot;cell_alignment&quot;:&quot;flex-start&quot;}\">\n<div id=\"pgc-10-2-2\" class=\"panel-grid-cell\" data-weight=\"0.333333333333\">\n<div id=\"panel-10-2-2-0\" class=\"so-panel widget widget_sow-editor panel-first-child panel-last-child\" data-index=\"4\" data-style=\"{&quot;background_display&quot;:&quot;tile&quot;}\" data-label=\"Smart IoT-controller\">\n<div class=\"so-widget-sow-editor so-widget-sow-editor-base\">\n<div class=\"siteorigin-widget-tinymce textwidget\">\n<div id=\"pg-10-2\" class=\"panel-grid panel-no-style\" data-style=\"{&quot;background_display&quot;:&quot;tile&quot;,&quot;cell_alignment&quot;:&quot;flex-start&quot;}\">\n<div id=\"pgc-10-2-2\" class=\"panel-grid-cell\" data-weight=\"0.333333333333\">\n<div id=\"panel-10-2-2-0\" class=\"so-panel widget widget_sow-editor panel-first-child panel-last-child\" data-index=\"4\" data-style=\"{&quot;background_display&quot;:&quot;tile&quot;}\" data-label=\"Smart IoT-controller\">\n<div class=\"so-widget-sow-editor so-widget-sow-editor-base\">\n<div class=\"siteorigin-widget-tinymce textwidget\">\n<h4><img loading=\"lazy\" decoding=\"async\" class=\"size-full wp-image-307 aligncenter\" src=\"http:\/\/77.240.19.26\/~solixi\/wp-content\/uploads\/2017\/06\/Sy1_Concentrator.png\" alt=\"\" width=\"100\" height=\"100\" \/><br \/>\nPeilien pinta-ala 7,5 m\u00b2<\/h4>\n<h4>Nimellisteho ja l\u00e4mm\u00f6n tuotto;<\/h4>\n<p>3,5kW 6h keskip\u00e4iv\u00e4, 21 kWh<br \/>\n1,5kW 4h aamu ja ilta kes\u00e4isin, 6 kWh<br \/>\nNimellisteho saavutetaan aurinkoisena p\u00e4iv\u00e4n\u00e4 kun s\u00e4teilyteho on 1kW\/m\u00b2<\/p>\n<h4>Sis\u00e4lt\u00e4\u00e4:<\/h4>\n<p>Solixi l\u00e4mp\u00f6ker\u00e4in 2000x1250mm.<br \/>\n6 karamoottoria heliostaattien suuntaamiseen.<br \/>\n6 peili\u00e4 1250x1000mm<br \/>\nPultit, palkit, liit\u00e4nt\u00e4levyt, peilien tukilaatikot jne.<\/p>\n<h4>Suositushinta 2200 \u20ac, alv 0%<\/h4>\n<\/div>\n<\/div>\n<\/div>\n<\/div>\n<\/div>\n<p><img loading=\"lazy\" decoding=\"async\" class=\"circleimage alignnone wp-image-3008 size-thumbnail\" src=\"http:\/\/77.240.19.26\/~solixi\/wp-content\/uploads\/2017\/08\/C13south-300x300.png\" alt=\"\" width=\"300\" height=\"300\" srcset=\"https:\/\/www.solixi.com\/wp-content\/uploads\/2017\/08\/C13south-300x300.png 300w, https:\/\/www.solixi.com\/wp-content\/uploads\/2017\/08\/C13south.png 400w\" sizes=\"auto, (max-width: 300px) 100vw, 300px\" \/><\/p>\n<\/div>\n<\/div>\n<\/div>\n<\/div>\n<\/div>\n<div id=\"pg-10-3\" class=\"panel-grid panel-no-style\" data-style=\"{&quot;background_display&quot;:&quot;tile&quot;,&quot;cell_alignment&quot;:&quot;flex-start&quot;}\">\n<h4>Mitat<\/h4>\n<p><img loading=\"lazy\" decoding=\"async\" class=\"circleimage alignnone wp-image-2992 size-thumbnail\" src=\"http:\/\/77.240.19.26\/~solixi\/wp-content\/uploads\/2017\/08\/C13side-300x300.png\" alt=\"\" width=\"300\" height=\"300\" srcset=\"https:\/\/www.solixi.com\/wp-content\/uploads\/2017\/08\/C13side-300x300.png 300w, https:\/\/www.solixi.com\/wp-content\/uploads\/2017\/08\/C13side.png 400w\" sizes=\"auto, (max-width: 300px) 100vw, 300px\" \/><\/p>\n<p>Korkeus 1300mm (ker\u00e4imen huipusta kehikoon), ker\u00e4imen korkeus s\u00e4\u00e4dett\u00e4viss\u00e4.<br \/>\nKehikon leveys 4742 mm<br \/>\nLeveys peilien kanssa 6150mm.<br \/>\n3278 mm kehys etel\u00e4-pohjoinen.<\/p>\n<\/div>\n<p>[\/vc_column_text][\/vc_column][vc_column width=&#8221;1\/3&#8243;][vc_column_text 0=&#8221;&#8221;]<\/p>\n<h2>Solixi C16 aurinkokeskitin<\/h2>\n<div id=\"pg-10-2\" class=\"panel-grid panel-no-style\" data-style=\"{&quot;background_display&quot;:&quot;tile&quot;,&quot;cell_alignment&quot;:&quot;flex-start&quot;}\">\n<div id=\"pgc-10-2-2\" class=\"panel-grid-cell\" data-weight=\"0.333333333333\">\n<div id=\"panel-10-2-2-0\" class=\"so-panel widget widget_sow-editor panel-first-child panel-last-child\" data-index=\"4\" data-style=\"{&quot;background_display&quot;:&quot;tile&quot;}\" data-label=\"Smart IoT-controller\">\n<div class=\"so-widget-sow-editor so-widget-sow-editor-base\">\n<div class=\"siteorigin-widget-tinymce textwidget\">\n<h4><img loading=\"lazy\" decoding=\"async\" class=\"size-full wp-image-307 aligncenter\" src=\"http:\/\/77.240.19.26\/~solixi\/wp-content\/uploads\/2017\/06\/Sy1_Concentrator.png\" alt=\"\" width=\"100\" height=\"100\" \/><\/h4>\n<h4>Peilien pinta-ala 15 m\u00b2<\/h4>\n<h4>Nimellisteho ja l\u00e4mm\u00f6n tuotto;<\/h4>\n<p>7kW 6h keskip\u00e4iv\u00e4, 42 kWh<br \/>\n3kW 4h aamu ja ilta kes\u00e4isin, 12 kWh<br \/>\nNimellisteho saavutetaan aurinkoisena p\u00e4iv\u00e4n\u00e4 kun s\u00e4teilyteho on 1kW\/m\u00b2<\/p>\n<h4>Sis\u00e4lt\u00e4\u00e4:<\/h4>\n<p>Solixi l\u00e4mp\u00f6ker\u00e4in 2000x1250mm.<br \/>\n12 karamoottoria heliostaattien suuntaamiseen.<br \/>\n12 peili\u00e4 1250x1000mm<br \/>\nPultit, palkit, liit\u00e4nt\u00e4levyt, peilien tukilaatikot jne.<\/p>\n<h4>Suositushinta 3990 \u20ac, alv 0%<\/h4>\n<p><img loading=\"lazy\" decoding=\"async\" class=\"circleimage alignnone wp-image-3032 size-thumbnail\" src=\"http:\/\/77.240.19.26\/~solixi\/wp-content\/uploads\/2017\/08\/C16south-300x300.png\" alt=\"\" width=\"300\" height=\"300\" srcset=\"https:\/\/www.solixi.com\/wp-content\/uploads\/2017\/08\/C16south-300x300.png 300w, https:\/\/www.solixi.com\/wp-content\/uploads\/2017\/08\/C16south.png 400w\" sizes=\"auto, (max-width: 300px) 100vw, 300px\" \/><\/p>\n<\/div>\n<\/div>\n<\/div>\n<\/div>\n<\/div>\n<h4>Mitat<\/h4>\n<p><img loading=\"lazy\" decoding=\"async\" class=\"circleimage alignnone wp-image-1884 size-thumbnail\" src=\"http:\/\/77.240.19.26\/~solixi\/wp-content\/uploads\/2017\/08\/C16a-300x300.png\" alt=\"\" width=\"300\" height=\"300\" srcset=\"https:\/\/www.solixi.com\/wp-content\/uploads\/2017\/08\/C16a-300x300.png 300w, https:\/\/www.solixi.com\/wp-content\/uploads\/2017\/08\/C16a.png 505w\" sizes=\"auto, (max-width: 300px) 100vw, 300px\" \/><br \/>\nKorkeus 2600mm (ker\u00e4imen huipusta kehikoon), ker\u00e4imen korkeus s\u00e4\u00e4dett\u00e4viss\u00e4.<br \/>\nKehikon leveys 4742 mm<br \/>\nLeveys peilien kanssa 6150mm.<br \/>\n33860 mm kehys etel\u00e4-pohjoinen.<br \/>\nEritt\u00e4in tukeva kehikko.<\/p>\n<p>Kuvia\u00a0<a href=\"http:\/\/www.solixi.com\/test-environment\/\">t\u00e4\u00e4ll\u00e4<\/a><\/p>\n<p>[\/vc_column_text][\/vc_column][vc_column width=&#8221;1\/3&#8243;][vc_column_text 0=&#8221;&#8221;]<\/p>\n<h4>Saatavana vain paikalliselta Solixi j\u00e4lleenmyyj\u00e4lt\u00e4.<\/h4>\n<p>Hinta voi vaihdella, siihen vaikuttaa:<\/p>\n<ul>\n<li>J\u00e4lleenmyyj\u00e4n hinnoittelu, ostoer\u00e4t.<\/li>\n<li>Valuuttakurssit, raaka-aineiden hinta yms<\/li>\n<li>Asennus, kuljetus, suunnittelu, kattokiinnikkeet yms eiv\u00e4t sis\u00e4lly hintoihin<\/li>\n<li>Huom kontrollerit myyd\u00e4\u00e4n erikseen, C13 1 kpl ja C16 2 kpl.<\/li>\n<\/ul>\n<p>[\/vc_column_text][\/vc_column][\/vc_row][vc_row][vc_column][vc_column_text]<\/p>\n<h3 style=\"text-align: center;\">C13<img loading=\"lazy\" decoding=\"async\" class=\"alignnone wp-image-2997 size-full\" src=\"http:\/\/77.240.19.26\/~solixi\/wp-content\/uploads\/2017\/08\/C13top.png\" alt=\"\" width=\"950\" height=\"689\" srcset=\"https:\/\/www.solixi.com\/wp-content\/uploads\/2017\/08\/C13top.png 950w, https:\/\/www.solixi.com\/wp-content\/uploads\/2017\/08\/C13top-300x218.png 300w, https:\/\/www.solixi.com\/wp-content\/uploads\/2017\/08\/C13top-768x557.png 768w\" sizes=\"auto, (max-width: 950px) 100vw, 950px\" \/><\/h3>\n<h3 style=\"text-align: center;\">C16<br \/>\n<img loading=\"lazy\" decoding=\"async\" class=\"alignnone wp-image-3033 size-full\" src=\"http:\/\/77.240.19.26\/~solixi\/wp-content\/uploads\/2017\/08\/C16-Frame.png\" alt=\"\" width=\"950\" height=\"859\" srcset=\"https:\/\/www.solixi.com\/wp-content\/uploads\/2017\/08\/C16-Frame.png 950w, https:\/\/www.solixi.com\/wp-content\/uploads\/2017\/08\/C16-Frame-300x271.png 300w, https:\/\/www.solixi.com\/wp-content\/uploads\/2017\/08\/C16-Frame-768x694.png 768w\" sizes=\"auto, (max-width: 950px) 100vw, 950px\" \/><\/h3>\n<p><img loading=\"lazy\" decoding=\"async\" class=\"alignnone wp-image-3037 size-full\" src=\"http:\/\/77.240.19.26\/~solixi\/wp-content\/uploads\/2017\/08\/C16side.png\" alt=\"\" width=\"950\" height=\"698\" srcset=\"https:\/\/www.solixi.com\/wp-content\/uploads\/2017\/08\/C16side.png 950w, https:\/\/www.solixi.com\/wp-content\/uploads\/2017\/08\/C16side-300x220.png 300w, https:\/\/www.solixi.com\/wp-content\/uploads\/2017\/08\/C16side-768x564.png 768w\" sizes=\"auto, (max-width: 950px) 100vw, 950px\" \/><\/p>\n<h4 style=\"text-align: center;\">Voimistaa s\u00e4teilyn x5\/C13 and x10\/C16, s\u00e4\u00e4dett\u00e4v\u00e4\u00e4 kuumaa vuoden ymp\u00e4ri.<br \/>\nPatentoitu Suomessa, USA, EU\/EPO.<\/h4>\n<p>[\/vc_column_text][\/vc_column][\/vc_row]<\/p>\n<\/div>","protected":false},"excerpt":{"rendered":"<p>[vc_row 0=&#8221;&#8221;][vc_column width=&#8221;1\/3&#8243;][vc_column_text 0=&#8221;&#8221;] Solixi C13 aurinkokeskitin Peilien pinta-ala 7,5 m\u00b2 Nimellisteho ja l\u00e4mm\u00f6n tuotto; 3,5kW 6h keskip\u00e4iv\u00e4, 21 kWh 1,5kW 4h aamu ja ilta kes\u00e4isin, 6 kWh Nimellisteho saavutetaan aurinkoisena p\u00e4iv\u00e4n\u00e4 kun s\u00e4teilyteho on 1kW\/m\u00b2 Sis\u00e4lt\u00e4\u00e4: Solixi l\u00e4mp\u00f6ker\u00e4in 2000x1250mm. 6 karamoottoria heliostaattien suuntaamiseen. 6 peili\u00e4 1250x1000mm Pultit, palkit, liit\u00e4nt\u00e4levyt, peilien tukilaatikot jne. Suositushinta 2200 &#8230; <a title=\"Solixi C1 aurinkokeskittimet\" class=\"read-more\" href=\"https:\/\/www.solixi.com\/fi\/solixic1-solar-concentrator\/\" aria-label=\"Lue lis\u00e4\u00e4 aiheesta Solixi C1 aurinkokeskittimet\">Lue lis\u00e4\u00e4<\/a><\/p>\n","protected":false},"author":2,"featured_media":2437,"parent":0,"menu_order":0,"comment_status":"closed","ping_status":"closed","template":"","meta":{"footnotes":""},"class_list":["post-2475","page","type-page","status-publish","has-post-thumbnail"],"_links":{"self":[{"href":"https:\/\/www.solixi.com\/fi\/wp-json\/wp\/v2\/pages\/2475","targetHints":{"allow":["GET"]}}],"collection":[{"href":"https:\/\/www.solixi.com\/fi\/wp-json\/wp\/v2\/pages"}],"about":[{"href":"https:\/\/www.solixi.com\/fi\/wp-json\/wp\/v2\/types\/page"}],"author":[{"embeddable":true,"href":"https:\/\/www.solixi.com\/fi\/wp-json\/wp\/v2\/users\/2"}],"replies":[{"embeddable":true,"href":"https:\/\/www.solixi.com\/fi\/wp-json\/wp\/v2\/comments?post=2475"}],"version-history":[{"count":49,"href":"https:\/\/www.solixi.com\/fi\/wp-json\/wp\/v2\/pages\/2475\/revisions"}],"predecessor-version":[{"id":11283,"href":"https:\/\/www.solixi.com\/fi\/wp-json\/wp\/v2\/pages\/2475\/revisions\/11283"}],"wp:featuredmedia":[{"embeddable":true,"href":"https:\/\/www.solixi.com\/fi\/wp-json\/wp\/v2\/media\/2437"}],"wp:attachment":[{"href":"https:\/\/www.solixi.com\/fi\/wp-json\/wp\/v2\/media?parent=2475"}],"curies":[{"name":"wp","href":"https:\/\/api.w.org\/{rel}","templated":true}]}}