{"id":2572,"date":"2017-08-16T06:47:22","date_gmt":"2017-08-16T06:47:22","guid":{"rendered":"http:\/\/77.240.19.26\/~solixi\/?page_id=2572"},"modified":"2018-12-01T16:50:30","modified_gmt":"2018-12-01T16:50:30","slug":"iot-controller-timing-temperatures","status":"publish","type":"page","link":"https:\/\/www.solixi.com\/fi\/iot-controller-timing-temperatures\/","title":{"rendered":"Ajoitus ja l\u00e4mp\u00f6tilat"},"content":{"rendered":"<div class=\"wpb-content-wrapper\"><p>[vc_row 0=&#8221;&#8221;][vc_column width=&#8221;1\/3&#8243;][vc_column_text 0=&#8221;&#8221;]<\/p>\n<h2><a href=\"http:\/\/77.240.19.26\/~solixi\/wp-content\/uploads\/2017\/06\/Sy1_IoTController.png\"><img loading=\"lazy\" decoding=\"async\" class=\"size-full wp-image-306 alignleft\" src=\"http:\/\/77.240.19.26\/~solixi\/wp-content\/uploads\/2017\/06\/Sy1_IoTController.png\" alt=\"\" width=\"100\" height=\"100\" \/><\/a>Solixi kontrolleri<\/h2>\n<h2>Tarkka ajoituksen ja l\u00e4mp\u00f6tilojen s\u00e4\u00e4t\u00f6 tuo suuret s\u00e4\u00e4st\u00f6t ja takaa mukavat sis\u00e4l\u00e4mp\u00f6tilat<\/h2>\n<p>Solixin tuottaa energiaa edullisimmalla tavalla ja kaikkina aikoina.<\/p>\n<p>Solixi k\u00e4ytt\u00e4\u00e4 ensin\u00a0<strong>ilmaisen energian<\/strong>; Solixi aurinkokeskittimen ja l\u00e4mm\u00f6n talteenoton tuottaman l\u00e4mm\u00f6n sek\u00e4 vesivaraajaan varastoidun kylm\u00e4n tai kuuman.<br \/>\nKes\u00e4ll\u00e4 Solixi ohjelmoidaan tuottamaan kylm\u00e4\u00e4 ilmastointiin sek\u00e4 aurinkos\u00e4hk\u00f6\u00e4.<br \/>\nTalvella t\u00e4rkeint\u00e4 on l\u00e4mmitys aurinkokeskittimell\u00e4 sek\u00e4 l\u00e4mp\u00f6energian kierr\u00e4tys.<br \/>\nSolixi kontrolleri osaa vaihtaa l\u00e4mmityksen ilmastoinniksi portaattomasti, huomaamattomasti, se varmistaa mukavan sis\u00e4l\u00e4mp\u00f6tilan kaikissa tilanteissa. Helppoa \u00a0koska varastossa on sek\u00e4 kylm\u00e4\u00e4 ett\u00e4 kuumaa.<\/p>\n<p>Kun ilmainen energia ei riit\u00e4 Solixi hy\u00f6dynt\u00e4\u00e4 <strong>edullisinta saatavilla olevaa energiaa<\/strong>: l\u00e4mp\u00f6pumppuja tai s\u00e4hk\u00f6vastusta, kaukol\u00e4mp\u00f6\u00e4 tai vaikkapa \u00f6ljypoltinta.<\/p>\n<p>Priorisointi tehd\u00e4\u00e4n \u00e4lykk\u00e4\u00e4ll\u00e4 kontrollerilla joka ohjaa aurinkokeskittimen tuottoa sek\u00e4 vesivaraajan pumppuja.<\/p>\n<p>Kontrolleri on itsen\u00e4inen, se ajastaa halutut l\u00e4mp\u00f6tilat automaattisesti vuodenajan ja vuorokaudenajan mukaan.<br \/>\nKontrolleri osaa my\u00f6s automaattisesti ennakoida poikkeustilanteiden kuten myrskyn tai energian hintapiikin varalta, se saa s\u00e4\u00e4- ja hintainformaatiota netist\u00e4.<\/p>\n<p>Solixin on paikallinen, turvallinen, varma ja itsen\u00e4inen.<br \/>\nSolixi voi helposti tuottaa tarvitsemansa energian vaikkapa aurinkopaneeleilla. Verkkovirtaa ei paljon tarvita, tai ei yht\u00e4\u00e4n.<\/p>\n<p>Solixi on\u00a0<a href=\"http:\/\/100\">puhtaan ja \u00e4lykk\u00e4\u00e4n<\/a> kaupungin ja rakennuksen energiaj\u00e4rjestelm\u00e4.<\/p>\n<p>&nbsp;<\/p>\n<p>&nbsp;<\/p>\n<p><img loading=\"lazy\" decoding=\"async\" class=\"circleimage alignnone wp-image-1756 size-thumbnail\" src=\"http:\/\/77.240.19.26\/~solixi\/wp-content\/uploads\/2017\/08\/Timing-300x300.png\" alt=\"\" width=\"300\" height=\"300\" srcset=\"https:\/\/www.solixi.com\/wp-content\/uploads\/2017\/08\/Timing-300x300.png 300w, https:\/\/www.solixi.com\/wp-content\/uploads\/2017\/08\/Timing.png 329w\" sizes=\"auto, (max-width: 300px) 100vw, 300px\" \/><br \/>\n<img loading=\"lazy\" decoding=\"async\" class=\"circleimage alignnone wp-image-1790 size-thumbnail\" src=\"http:\/\/77.240.19.26\/~solixi\/wp-content\/uploads\/2017\/08\/Monthgraf-300x300.png\" alt=\"\" width=\"300\" height=\"300\" srcset=\"https:\/\/www.solixi.com\/wp-content\/uploads\/2017\/08\/Monthgraf-300x300.png 300w, https:\/\/www.solixi.com\/wp-content\/uploads\/2017\/08\/Monthgraf.png 335w\" sizes=\"auto, (max-width: 300px) 100vw, 300px\" \/><\/p>\n<p>[\/vc_column_text][\/vc_column][vc_column width=&#8221;1\/3&#8243;][vc_column_text 0=&#8221;&#8221;]<br \/>\n<img loading=\"lazy\" decoding=\"async\" class=\"circleimage alignnone wp-image-1911 size-thumbnail\" src=\"http:\/\/77.240.19.26\/~solixi\/wp-content\/uploads\/2017\/08\/Fluctuation-300x300.png\" alt=\"\" width=\"300\" height=\"300\" srcset=\"https:\/\/www.solixi.com\/wp-content\/uploads\/2017\/08\/Fluctuation-300x300.png 300w, https:\/\/www.solixi.com\/wp-content\/uploads\/2017\/08\/Fluctuation.png 392w\" sizes=\"auto, (max-width: 300px) 100vw, 300px\" \/><br \/>\n<img loading=\"lazy\" decoding=\"async\" class=\"circleimage alignnone wp-image-2149 size-thumbnail\" src=\"http:\/\/77.240.19.26\/~solixi\/wp-content\/uploads\/2017\/07\/coolwarmboiler-300x300.png\" alt=\"\" width=\"300\" height=\"300\" srcset=\"https:\/\/www.solixi.com\/wp-content\/uploads\/2017\/07\/coolwarmboiler-300x300.png 300w, https:\/\/www.solixi.com\/wp-content\/uploads\/2017\/07\/coolwarmboiler.png 315w\" sizes=\"auto, (max-width: 300px) 100vw, 300px\" \/><br \/>\n<img loading=\"lazy\" decoding=\"async\" class=\"circleimage alignnone wp-image-1797 size-thumbnail\" src=\"http:\/\/77.240.19.26\/~solixi\/wp-content\/uploads\/2017\/08\/electricity-300x300.png\" alt=\"\" width=\"300\" height=\"300\" \/><br \/>\n<img loading=\"lazy\" decoding=\"async\" class=\"circleimage alignnone wp-image-1796 size-thumbnail\" src=\"http:\/\/77.240.19.26\/~solixi\/wp-content\/uploads\/2017\/08\/Battery-300x300.png\" alt=\"\" width=\"300\" height=\"300\" \/><br \/>\n<img loading=\"lazy\" decoding=\"async\" class=\"circleimage alignnone wp-image-1041 size-thumbnail\" src=\"http:\/\/77.240.19.26\/~solixi\/wp-content\/uploads\/2017\/07\/SIO-300x300.png\" alt=\"\" width=\"300\" height=\"300\" \/><\/p>\n<p>&nbsp;<\/p>\n<p>[\/vc_column_text][\/vc_column][vc_column width=&#8221;1\/3&#8243;][vc_column_text 0=&#8221;&#8221;]<img loading=\"lazy\" decoding=\"async\" class=\"circleimage alignnone wp-image-2536 size-thumbnail\" src=\"http:\/\/77.240.19.26\/~solixi\/wp-content\/uploads\/2017\/08\/IoTpanel-300x300.png\" alt=\"\" width=\"300\" height=\"300\" srcset=\"https:\/\/www.solixi.com\/wp-content\/uploads\/2017\/08\/IoTpanel-300x300.png 300w, https:\/\/www.solixi.com\/wp-content\/uploads\/2017\/08\/IoTpanel.png 481w\" sizes=\"auto, (max-width: 300px) 100vw, 300px\" \/><br \/>\n<img loading=\"lazy\" decoding=\"async\" class=\"circleimage alignnone wp-image-2583 size-thumbnail\" src=\"http:\/\/77.240.19.26\/~solixi\/wp-content\/uploads\/2017\/08\/ConcentratorStorm-300x300.png\" alt=\"\" width=\"300\" height=\"300\" \/><a href=\"http:\/\/77.240.19.26\/~solixi\/wp-content\/uploads\/2017\/06\/Sy1_IoTController.png\"><br \/>\n<img loading=\"lazy\" decoding=\"async\" class=\"circleimage alignnone wp-image-1883 size-thumbnail\" src=\"http:\/\/77.240.19.26\/~solixi\/wp-content\/uploads\/2017\/08\/Proto2013-300x300.png\" alt=\"\" width=\"300\" height=\"300\" srcset=\"https:\/\/www.solixi.com\/wp-content\/uploads\/2017\/08\/Proto2013-300x300.png 300w, https:\/\/www.solixi.com\/wp-content\/uploads\/2017\/08\/Proto2013.png 453w\" sizes=\"auto, (max-width: 300px) 100vw, 300px\" \/><\/a><a href=\"http:\/\/77.240.19.26\/~solixi\/wp-content\/uploads\/2017\/06\/Sy1_IoTController.png\"><br \/>\n<img loading=\"lazy\" decoding=\"async\" class=\"circleimage alignnone wp-image-1301 size-full\" src=\"http:\/\/77.240.19.26\/~solixi\/wp-content\/uploads\/2017\/07\/Screen-Shot-2017-07-31-at-14.50.06.png\" alt=\"\" width=\"300\" height=\"300\" \/><\/a><a href=\"http:\/\/77.240.19.26\/~solixi\/wp-content\/uploads\/2017\/06\/Sy1_IoTController.png\"><br \/>\n<img loading=\"lazy\" decoding=\"async\" class=\"circleimage alignnone wp-image-2581 size-thumbnail\" src=\"http:\/\/77.240.19.26\/~solixi\/wp-content\/uploads\/2017\/08\/Showfall-300x300.png\" alt=\"\" width=\"300\" height=\"300\" srcset=\"https:\/\/www.solixi.com\/wp-content\/uploads\/2017\/08\/Showfall-300x300.png 300w, https:\/\/www.solixi.com\/wp-content\/uploads\/2017\/08\/Showfall.png 326w\" sizes=\"auto, (max-width: 300px) 100vw, 300px\" \/><br \/>\n<\/a><\/p>\n<div id=\"pg-10-3\" class=\"panel-grid panel-no-style\" data-style=\"{&quot;background_display&quot;:&quot;tile&quot;,&quot;cell_alignment&quot;:&quot;flex-start&quot;}\"><\/div>\n<p>[\/vc_column_text][\/vc_column][\/vc_row][vc_row][vc_column][vc_column_text]<\/p>\n<h3>Lukuisia patentoituja innovaatioita, kokonainen energiaj\u00e4rjestelm\u00e4.<\/h3>\n<p>[\/vc_column_text][\/vc_column][\/vc_row]<\/p>\n<\/div>","protected":false},"excerpt":{"rendered":"<p>[vc_row 0=&#8221;&#8221;][vc_column width=&#8221;1\/3&#8243;][vc_column_text 0=&#8221;&#8221;] Solixi kontrolleri Tarkka ajoituksen ja l\u00e4mp\u00f6tilojen s\u00e4\u00e4t\u00f6 tuo suuret s\u00e4\u00e4st\u00f6t ja takaa mukavat sis\u00e4l\u00e4mp\u00f6tilat Solixin tuottaa energiaa edullisimmalla tavalla ja kaikkina aikoina. Solixi k\u00e4ytt\u00e4\u00e4 ensin\u00a0ilmaisen energian; Solixi aurinkokeskittimen ja l\u00e4mm\u00f6n talteenoton tuottaman l\u00e4mm\u00f6n sek\u00e4 vesivaraajaan varastoidun kylm\u00e4n tai kuuman. Kes\u00e4ll\u00e4 Solixi ohjelmoidaan tuottamaan kylm\u00e4\u00e4 ilmastointiin sek\u00e4 aurinkos\u00e4hk\u00f6\u00e4. Talvella t\u00e4rkeint\u00e4 on l\u00e4mmitys &#8230; <a title=\"Ajoitus ja l\u00e4mp\u00f6tilat\" class=\"read-more\" href=\"https:\/\/www.solixi.com\/fi\/iot-controller-timing-temperatures\/\" aria-label=\"Lue lis\u00e4\u00e4 aiheesta Ajoitus ja l\u00e4mp\u00f6tilat\">Lue lis\u00e4\u00e4<\/a><\/p>\n","protected":false},"author":2,"featured_media":2350,"parent":0,"menu_order":0,"comment_status":"closed","ping_status":"closed","template":"","meta":{"footnotes":""},"class_list":["post-2572","page","type-page","status-publish","has-post-thumbnail"],"_links":{"self":[{"href":"https:\/\/www.solixi.com\/fi\/wp-json\/wp\/v2\/pages\/2572","targetHints":{"allow":["GET"]}}],"collection":[{"href":"https:\/\/www.solixi.com\/fi\/wp-json\/wp\/v2\/pages"}],"about":[{"href":"https:\/\/www.solixi.com\/fi\/wp-json\/wp\/v2\/types\/page"}],"author":[{"embeddable":true,"href":"https:\/\/www.solixi.com\/fi\/wp-json\/wp\/v2\/users\/2"}],"replies":[{"embeddable":true,"href":"https:\/\/www.solixi.com\/fi\/wp-json\/wp\/v2\/comments?post=2572"}],"version-history":[{"count":29,"href":"https:\/\/www.solixi.com\/fi\/wp-json\/wp\/v2\/pages\/2572\/revisions"}],"predecessor-version":[{"id":6880,"href":"https:\/\/www.solixi.com\/fi\/wp-json\/wp\/v2\/pages\/2572\/revisions\/6880"}],"wp:featuredmedia":[{"embeddable":true,"href":"https:\/\/www.solixi.com\/fi\/wp-json\/wp\/v2\/media\/2350"}],"wp:attachment":[{"href":"https:\/\/www.solixi.com\/fi\/wp-json\/wp\/v2\/media?parent=2572"}],"curies":[{"name":"wp","href":"https:\/\/api.w.org\/{rel}","templated":true}]}}