{"id":3013,"date":"2017-08-28T12:55:39","date_gmt":"2017-08-28T12:55:39","guid":{"rendered":"http:\/\/77.240.19.26\/~solixi\/?page_id=3013"},"modified":"2017-09-02T11:16:39","modified_gmt":"2017-09-02T11:16:39","slug":"thermal-solar-collector","status":"publish","type":"page","link":"https:\/\/www.solixi.com\/fi\/thermal-solar-collector\/","title":{"rendered":"Solixi aurinkol\u00e4mp\u00f6ker\u00e4in"},"content":{"rendered":"<div class=\"wpb-content-wrapper\"><p>[vc_row 0=&#8221;&#8221;][vc_column width=&#8221;1\/3&#8243;][vc_column_text 0=&#8221;&#8221;]<\/p>\n<div id=\"pg-10-2\" class=\"panel-grid panel-no-style\" data-style=\"{&quot;background_display&quot;:&quot;tile&quot;,&quot;cell_alignment&quot;:&quot;flex-start&quot;}\">\n<div id=\"pgc-10-2-2\" class=\"panel-grid-cell\" data-weight=\"0.333333333333\">\n<div id=\"panel-10-2-2-0\" class=\"so-panel widget widget_sow-editor panel-first-child panel-last-child\" data-index=\"4\" data-style=\"{&quot;background_display&quot;:&quot;tile&quot;}\" data-label=\"Smart IoT-controller\">\n<div class=\"so-widget-sow-editor so-widget-sow-editor-base\">\n<div class=\"siteorigin-widget-tinymce textwidget\">\n<h2>Suositushinta\u00a0330 \u20ac, alv 0%<\/h2>\n<p>Saatavana vain paikalliselta Solixi j\u00e4lleenmyyj\u00e4lt\u00e4.<\/p>\n<p>Hinta voi vaihdella, siihen vaikuttaa:<\/p>\n<ul>\n<li>J\u00e4lleenmyyj\u00e4n hinnoittelu, ostoer\u00e4t.<\/li>\n<li>Valuuttakurssit, raaka-aineiden hinta yms.<\/li>\n<\/ul>\n<\/div>\n<\/div>\n<\/div>\n<\/div>\n<\/div>\n<div id=\"pg-10-3\" class=\"panel-grid panel-no-style\" data-style=\"{&quot;background_display&quot;:&quot;tile&quot;,&quot;cell_alignment&quot;:&quot;flex-start&quot;}\"><\/div>\n<p>[\/vc_column_text][\/vc_column][vc_column width=&#8221;1\/3&#8243;][vc_column_text 0=&#8221;&#8221;]<\/p>\n<h2>Suunniteltu Solixiin<\/h2>\n<p><img loading=\"lazy\" decoding=\"async\" class=\"circleimage alignnone wp-image-3023 size-thumbnail\" src=\"http:\/\/77.240.19.26\/~solixi\/wp-content\/uploads\/2017\/08\/Solixicollprod-300x300.png\" alt=\"\" width=\"300\" height=\"300\" srcset=\"https:\/\/www.solixi.com\/wp-content\/uploads\/2017\/08\/Solixicollprod-300x300.png 300w, https:\/\/www.solixi.com\/wp-content\/uploads\/2017\/08\/Solixicollprod.png 400w\" sizes=\"auto, (max-width: 300px) 100vw, 300px\" \/><br \/>\nTuotantoa, uusia kuvia tulossa pian.<br \/>\nOikea koko ja ennen kaikkea kyky siirt\u00e4\u00e4 peilien keskitt\u00e4m\u00e4 ajoittain eritt\u00e4in voimakas s\u00e4teily ja l\u00e4mm\u00f6ntuotto veteen ovat Solixi aurinkol\u00e4mp\u00f6ker\u00e4inen t\u00e4rkeimm\u00e4t ominaisuudet edullisen hinnan ohella.<br \/>\nMy\u00f6s paineenkesto, l\u00e4mm\u00f6nsiirtonesteen virtaus, eristys, ulkon\u00e4k\u00f6 ja tietenkin hinta ovat ker\u00e4imess\u00e4 kohdallaan.<\/p>\n<p>Solixi l\u00e4mp\u00f6ker\u00e4in 2000x1250mm vaaka-asennus.<br \/>\nPaino tyhj\u00e4n\u00e4 34 kg.<\/p>\n<p>[\/vc_column_text][\/vc_column][vc_column width=&#8221;1\/3&#8243;][vc_column_text 0=&#8221;&#8221;]<\/p>\n<h2>Muut aurinkol\u00e4mp\u00f6ker\u00e4imet<\/h2>\n<p><img loading=\"lazy\" decoding=\"async\" class=\"size-full wp-image-307 aligncenter\" src=\"http:\/\/77.240.19.26\/~solixi\/wp-content\/uploads\/2017\/06\/Sy1_Concentrator.png\" alt=\"\" width=\"100\" height=\"100\" \/>Solixiin voi asentaa l\u00e4hes mink\u00e4 tahansa l\u00e4mp\u00f6ker\u00e4imen. Maksimil\u00e4mp\u00f6tilat ja virtausnopeudet voidaan s\u00e4\u00e4t\u00e4\u00e4 ker\u00e4imelle sopiviksi Solixi kontrollerilla. Kannattaa silti kysy\u00e4 sopivuutta Solixi j\u00e4lleenmyyj\u00e4lt\u00e4.<\/p>\n<p>[\/vc_column_text][\/vc_column][\/vc_row][vc_row][vc_column][vc_column_text]<\/p>\n<h3 style=\"text-align: center;\">Auringon ehdoilla, joka katolla.<br \/>\nPatentoitu.<\/h3>\n<p>[\/vc_column_text][\/vc_column][\/vc_row]<\/p>\n<\/div>","protected":false},"excerpt":{"rendered":"<p>[vc_row 0=&#8221;&#8221;][vc_column width=&#8221;1\/3&#8243;][vc_column_text 0=&#8221;&#8221;] Suositushinta\u00a0330 \u20ac, alv 0% Saatavana vain paikalliselta Solixi j\u00e4lleenmyyj\u00e4lt\u00e4. Hinta voi vaihdella, siihen vaikuttaa: J\u00e4lleenmyyj\u00e4n hinnoittelu, ostoer\u00e4t. Valuuttakurssit, raaka-aineiden hinta yms. [\/vc_column_text][\/vc_column][vc_column width=&#8221;1\/3&#8243;][vc_column_text 0=&#8221;&#8221;] Suunniteltu Solixiin Tuotantoa, uusia kuvia tulossa pian. Oikea koko ja ennen kaikkea kyky siirt\u00e4\u00e4 peilien keskitt\u00e4m\u00e4 ajoittain eritt\u00e4in voimakas s\u00e4teily ja l\u00e4mm\u00f6ntuotto veteen ovat Solixi aurinkol\u00e4mp\u00f6ker\u00e4inen t\u00e4rkeimm\u00e4t &#8230; <a title=\"Solixi aurinkol\u00e4mp\u00f6ker\u00e4in\" class=\"read-more\" href=\"https:\/\/www.solixi.com\/fi\/thermal-solar-collector\/\" aria-label=\"Lue lis\u00e4\u00e4 aiheesta Solixi aurinkol\u00e4mp\u00f6ker\u00e4in\">Lue lis\u00e4\u00e4<\/a><\/p>\n","protected":false},"author":2,"featured_media":498,"parent":0,"menu_order":0,"comment_status":"closed","ping_status":"closed","template":"","meta":{"footnotes":""},"class_list":["post-3013","page","type-page","status-publish","has-post-thumbnail"],"_links":{"self":[{"href":"https:\/\/www.solixi.com\/fi\/wp-json\/wp\/v2\/pages\/3013","targetHints":{"allow":["GET"]}}],"collection":[{"href":"https:\/\/www.solixi.com\/fi\/wp-json\/wp\/v2\/pages"}],"about":[{"href":"https:\/\/www.solixi.com\/fi\/wp-json\/wp\/v2\/types\/page"}],"author":[{"embeddable":true,"href":"https:\/\/www.solixi.com\/fi\/wp-json\/wp\/v2\/users\/2"}],"replies":[{"embeddable":true,"href":"https:\/\/www.solixi.com\/fi\/wp-json\/wp\/v2\/comments?post=3013"}],"version-history":[{"count":9,"href":"https:\/\/www.solixi.com\/fi\/wp-json\/wp\/v2\/pages\/3013\/revisions"}],"predecessor-version":[{"id":3121,"href":"https:\/\/www.solixi.com\/fi\/wp-json\/wp\/v2\/pages\/3013\/revisions\/3121"}],"wp:featuredmedia":[{"embeddable":true,"href":"https:\/\/www.solixi.com\/fi\/wp-json\/wp\/v2\/media\/498"}],"wp:attachment":[{"href":"https:\/\/www.solixi.com\/fi\/wp-json\/wp\/v2\/media?parent=3013"}],"curies":[{"name":"wp","href":"https:\/\/api.w.org\/{rel}","templated":true}]}}