{"id":4919,"date":"2018-09-26T15:26:50","date_gmt":"2018-09-26T15:26:50","guid":{"rendered":"http:\/\/www.solixi.com\/?page_id=4919"},"modified":"2021-03-18T10:24:16","modified_gmt":"2021-03-18T10:24:16","slug":"news","status":"publish","type":"page","link":"https:\/\/www.solixi.com\/fi\/news\/","title":{"rendered":"Uutisia"},"content":{"rendered":"<div class=\"wpb-content-wrapper\"><p>[vc_row][vc_column width=&#8221;1\/3&#8243;][vc_column_text]<\/p>\n<h2>Uutisia<b><br \/>\n<\/b><\/h2>\n<p>tulee niin kovaa tahtia ett\u00e4 ehdimme p\u00e4ivitt\u00e4\u00e4 sivua vain englanniksi.<br \/>\n<strong>Ole hyv\u00e4 ja vaihda kieli englanniksi menusta<\/strong> &#8211; kiitos!<\/p>\n<h2><span style=\"font-size: 17px; font-weight: 400;\">[\/vc_column_text][\/vc_column][vc_column width=&#8221;1\/3&#8243;][vc_column_text]<\/span><\/h2>\n<p>x<\/p>\n<p>[\/vc_column_text][\/vc_column][vc_column width=&#8221;1\/3&#8243;][vc_column_text 0=&#8221;&#8221;]<\/p>\n<p>x<\/p>\n<p>[\/vc_column_text][\/vc_column][\/vc_row]<\/p>\n<\/div>","protected":false},"excerpt":{"rendered":"<p>[vc_row][vc_column width=&#8221;1\/3&#8243;][vc_column_text] Uutisia tulee niin kovaa tahtia ett\u00e4 ehdimme p\u00e4ivitt\u00e4\u00e4 sivua vain englanniksi. Ole hyv\u00e4 ja vaihda kieli englanniksi menusta &#8211; kiitos! [\/vc_column_text][\/vc_column][vc_column width=&#8221;1\/3&#8243;][vc_column_text] x [\/vc_column_text][\/vc_column][vc_column width=&#8221;1\/3&#8243;][vc_column_text 0=&#8221;&#8221;] x [\/vc_column_text][\/vc_column][\/vc_row]<\/p>\n","protected":false},"author":2,"featured_media":498,"parent":0,"menu_order":0,"comment_status":"closed","ping_status":"closed","template":"","meta":{"footnotes":""},"class_list":["post-4919","page","type-page","status-publish","has-post-thumbnail"],"_links":{"self":[{"href":"https:\/\/www.solixi.com\/fi\/wp-json\/wp\/v2\/pages\/4919","targetHints":{"allow":["GET"]}}],"collection":[{"href":"https:\/\/www.solixi.com\/fi\/wp-json\/wp\/v2\/pages"}],"about":[{"href":"https:\/\/www.solixi.com\/fi\/wp-json\/wp\/v2\/types\/page"}],"author":[{"embeddable":true,"href":"https:\/\/www.solixi.com\/fi\/wp-json\/wp\/v2\/users\/2"}],"replies":[{"embeddable":true,"href":"https:\/\/www.solixi.com\/fi\/wp-json\/wp\/v2\/comments?post=4919"}],"version-history":[{"count":48,"href":"https:\/\/www.solixi.com\/fi\/wp-json\/wp\/v2\/pages\/4919\/revisions"}],"predecessor-version":[{"id":13657,"href":"https:\/\/www.solixi.com\/fi\/wp-json\/wp\/v2\/pages\/4919\/revisions\/13657"}],"wp:featuredmedia":[{"embeddable":true,"href":"https:\/\/www.solixi.com\/fi\/wp-json\/wp\/v2\/media\/498"}],"wp:attachment":[{"href":"https:\/\/www.solixi.com\/fi\/wp-json\/wp\/v2\/media?parent=4919"}],"curies":[{"name":"wp","href":"https:\/\/api.w.org\/{rel}","templated":true}]}}