{"id":874,"date":"2017-07-05T17:12:18","date_gmt":"2017-07-05T17:12:18","guid":{"rendered":"http:\/\/77.240.19.26\/~solixi\/?page_id=874"},"modified":"2020-12-16T08:06:58","modified_gmt":"2020-12-16T08:06:58","slug":"products","status":"publish","type":"page","link":"https:\/\/www.solixi.com\/fi\/products\/","title":{"rendered":"Tuotteet &#8211; kolme tuotelinjaa"},"content":{"rendered":"<div class=\"wpb-content-wrapper\"><p>[vc_row 0=&#8221;&#8221;][vc_column width=&#8221;1\/3&#8243;][vc_column_text 0=&#8221;&#8221;]<\/p>\n<h1>Isot vesivaraajat<\/h1>\n<p><img loading=\"lazy\" decoding=\"async\" class=\"circleimage alignnone wp-image-1251 size-thumbnail\" src=\"http:\/\/77.240.19.26\/~solixi\/wp-content\/uploads\/2017\/07\/Boiler-300x300.png\" alt=\"\" width=\"300\" height=\"300\" srcset=\"https:\/\/www.solixi.com\/wp-content\/uploads\/2017\/07\/Boiler-300x300.png 300w, https:\/\/www.solixi.com\/wp-content\/uploads\/2017\/07\/Boiler.png 330w\" sizes=\"auto, (max-width: 300px) 100vw, 300px\" \/><br \/>\n<strong><em>Solixi l\u00e4mp\u00f6\/kylm\u00e4 energiavarasto on paitsi iso ja markkinoiden ainoa <a href=\"http:\/\/www.solixi.com\/water-boilers\/\">MWh kapasiteetin vesivaraaja<\/a>, my\u00f6s automaattinen ja \u00e4lyk\u00e4s. Se nostaa siihen liitettyjen laitteiden energiatehokkuuden uudelle tasolle: l\u00e4mp\u00f6pumput, l\u00e4mm\u00f6n talteenotto, ilmastointi, polttimet ja tietenkin aurinkol\u00e4mp\u00f6.\u00a0<\/em><\/strong><\/p>\n<ul>\n<li>Kapasiteetti megawattitunneissa MWh, ei kilowattitunneissa kWh. Solixi varastoi valtavasti energiaa, ja rahaa.<\/li>\n<li>Tilavuus kuutiometreiss\u00e4, ei litroissa.<\/li>\n<li>L\u00e4mp\u00f6tilat vaihtelevat jopa 0-120\u00b0C perinteisen 20-70\u00b0C sijaan.<\/li>\n<li>Kolme osastoa, varastoi kuumaa ja kylm\u00e4\u00e4 samanaikaisesti.<\/li>\n<li>Yhten\u00e4isten eristeiden paksuus kymmeni\u00e4 senttej\u00e4 senttien sijaan, minimaalliset l\u00e4mp\u00f6h\u00e4vi\u00f6t.<\/li>\n<li>Kokonaan ulkona, skaalattava, s\u00e4\u00e4st\u00e4\u00e4 sis\u00e4tilaa.<\/li>\n<li>Nopea ja h\u00e4iri\u00f6t\u00f6n asennus ulos.<\/li>\n<li>Turvallinen, ei vesi- tai h\u00f6yryvahinkoja sis\u00e4ll\u00e4.<\/li>\n<li>Kuljetus toimii, standardi s\u00e4ili\u00f6kontteja, sama logistiikka, valmistus, huolto jne.<\/li>\n<li>6 ja15 MWh mallit ovat modifoituja s\u00e4ili\u00f6kontteja, 0,5 and 1 MWh mahtuvat tavallisen merikontin sis\u00e4\u00e4n.<\/li>\n<\/ul>\n<p><img loading=\"lazy\" decoding=\"async\" class=\"aligncenter wp-image-309 size-full\" title=\"Four boilers\" src=\"http:\/\/77.240.19.26\/~solixi\/wp-content\/uploads\/2017\/06\/Sy1_SolixiBoiler.png\" alt=\"\" width=\"100\" height=\"100\" \/>[\/vc_column_text][\/vc_column][vc_column width=&#8221;1\/3&#8243;][vc_column_text 0=&#8221;&#8221;]<\/p>\n<h1>Aurinkol\u00e4mp\u00f6\u00e4 &amp; kuumaa<\/h1>\n<p><img loading=\"lazy\" decoding=\"async\" class=\"circleimage alignnone wp-image-1250 size-thumbnail\" src=\"http:\/\/77.240.19.26\/~solixi\/wp-content\/uploads\/2017\/07\/Conniwin-300x300.png\" alt=\"\" width=\"300\" height=\"300\" srcset=\"https:\/\/www.solixi.com\/wp-content\/uploads\/2017\/07\/Conniwin-300x300.png 300w, https:\/\/www.solixi.com\/wp-content\/uploads\/2017\/07\/Conniwin.png 328w\" sizes=\"auto, (max-width: 300px) 100vw, 300px\" \/><br \/>\n<strong><em>Vain S<\/em><\/strong><strong><em>olixin patentoidulla <a href=\"http:\/\/www.solixi.com\/solar-energy\/\">aurinkokeskittimill\u00e4<\/a> kaikki t\u00e4m\u00e4 on mahdollista:<\/em><\/strong><\/p>\n<ul>\n<li>L\u00e4mmitt\u00e4\u00e4 aina kun paistaa, kuumaa jopa talvella.<\/li>\n<li>Tasainen tuotto aamusta iltaan vuoden ymp\u00e4ri.<\/li>\n<li>Lyhytkin auringon pilkahdus l\u00e4mmitt\u00e4\u00e4.<\/li>\n<li>Ainoa s\u00e4\u00e4dett\u00e4v\u00e4 aurinkoker\u00e4in, on\/off, tuotetun l\u00e4mp\u00f6tilan s\u00e4\u00e4t\u00f6.<\/li>\n<li>K\u00e4\u00e4ntyv\u00e4t peilit (l\u00e4mp\u00f6) &amp; PV paneelit (s\u00e4hk\u00f6) aina kohti aurinkoa.<\/li>\n<li>Varjojen yl\u00e4puolella katon harjan p\u00e4\u00e4ll\u00e4.<\/li>\n<li>Kohti etel\u00e4\u00e4 katon muodosta riippumatta.<\/li>\n<li>V\u00e4h\u00e4inen puhdistustarve, ei ker\u00e4\u00e4 lunta eik\u00e4 roskia.<\/li>\n<li>Useita kokoja ja malleja.<\/li>\n<li>Helppo asentaa, voidaan purkaa osiin.<\/li>\n<\/ul>\n<p><img loading=\"lazy\" decoding=\"async\" class=\"size-full wp-image-307 aligncenter\" src=\"http:\/\/77.240.19.26\/~solixi\/wp-content\/uploads\/2017\/06\/Sy1_Concentrator.png\" alt=\"\" width=\"100\" height=\"100\" \/>[\/vc_column_text][\/vc_column][vc_column width=&#8221;1\/3&#8243;][vc_column_text 0=&#8221;&#8221;]<\/p>\n<div id=\"pg-10-2\" class=\"panel-grid panel-no-style\" data-style=\"{&quot;background_display&quot;:&quot;tile&quot;,&quot;cell_alignment&quot;:&quot;flex-start&quot;}\">\n<div id=\"pgc-10-2-2\" class=\"panel-grid-cell\" data-weight=\"0.333333333333\">\n<div id=\"panel-10-2-2-0\" class=\"so-panel widget widget_sow-editor panel-first-child panel-last-child\" data-index=\"4\" data-style=\"{&quot;background_display&quot;:&quot;tile&quot;}\" data-label=\"Smart IoT-controller\">\n<div class=\"so-widget-sow-editor so-widget-sow-editor-base\">\n<div class=\"siteorigin-widget-tinymce textwidget\">\n<h1>Automaattista \u00e4ly\u00e4<\/h1>\n<p><img loading=\"lazy\" decoding=\"async\" class=\"circleimage alignnone wp-image-3366 size-thumbnail\" src=\"http:\/\/www.solixi.com\/wp-content\/uploads\/2017\/10\/IMG_5489-300x300.jpg\" alt=\"\" width=\"300\" height=\"300\" \/><br \/>\n<strong><em>Solixin aurinkokeskittimet ja isot vesivaraajat toimivat IoT\u00a0<a href=\"http:\/\/www.solixi.com\/controllers\/\">kontrollerien<\/a> ohjaamina.<br \/>\nKontrollerit suuntaa peilit ja optimovat lataus- ja purkuajat.<\/em><\/strong><\/p>\n<ul>\n<li>Kontrolleri toimii itsen\u00e4isesti, mutta on yhteydess\u00e4 internettiin ja Solixi Care pilvipalveluun.<\/li>\n<li>Kytkee jo asennetut l\u00e4mmittimet, l\u00e4mp\u00f6pumput, l\u00e4mm\u00f6n talteenoton ja ilmastoinnin yhteen Solixin kanssa. Integroi kaikki yhdeksi j\u00e4rjestelm\u00e4ksi, jossa laitteet toimivat optimaalisesti.<\/li>\n<li>Ennakoi s\u00e4\u00e4n ja s\u00e4hk\u00f6n hinnat.<\/li>\n<li>Tarkka ja automaattinen ajoituksen ja l\u00e4mp\u00f6tilojen s\u00e4\u00e4t\u00f6.<\/li>\n<li>Langaton kontrolleriverkko yhdist\u00e4\u00e4 vesivaraajat ja aurinkokeskittimet.<\/li>\n<\/ul>\n<p><img loading=\"lazy\" decoding=\"async\" class=\"size-full wp-image-306 aligncenter\" src=\"http:\/\/77.240.19.26\/~solixi\/wp-content\/uploads\/2017\/06\/Sy1_IoTController.png\" alt=\"\" width=\"100\" height=\"100\" \/><\/p>\n<\/div>\n<\/div>\n<\/div>\n<\/div>\n<\/div>\n<div id=\"pg-10-3\" class=\"panel-grid panel-no-style\" data-style=\"{&quot;background_display&quot;:&quot;tile&quot;,&quot;cell_alignment&quot;:&quot;flex-start&quot;}\"><\/div>\n<p>[\/vc_column_text][\/vc_column][\/vc_row][vc_row][vc_column][vc_column_text]<\/p>\n<h3 style=\"text-align: center;\">Lukuisia innovaatioita.<br \/>\n<a href=\"http:\/\/www.solixi.com\/wp-content\/uploads\/2020\/12\/Solixi.com_products.pdf\">Avaa koko lista t\u00e4st\u00e4;<\/a><br \/>\nPrototyypit, kuvat, TRL, riskit jne.<\/h3>\n<p>[\/vc_column_text][\/vc_column][\/vc_row]<\/p>\n<\/div>","protected":false},"excerpt":{"rendered":"<p>[vc_row 0=&#8221;&#8221;][vc_column width=&#8221;1\/3&#8243;][vc_column_text 0=&#8221;&#8221;] Isot vesivaraajat Solixi l\u00e4mp\u00f6\/kylm\u00e4 energiavarasto on paitsi iso ja markkinoiden ainoa MWh kapasiteetin vesivaraaja, my\u00f6s automaattinen ja \u00e4lyk\u00e4s. Se nostaa siihen liitettyjen laitteiden energiatehokkuuden uudelle tasolle: l\u00e4mp\u00f6pumput, l\u00e4mm\u00f6n talteenotto, ilmastointi, polttimet ja tietenkin aurinkol\u00e4mp\u00f6.\u00a0 Kapasiteetti megawattitunneissa MWh, ei kilowattitunneissa kWh. Solixi varastoi valtavasti energiaa, ja rahaa. Tilavuus kuutiometreiss\u00e4, ei litroissa. L\u00e4mp\u00f6tilat &#8230; <a title=\"Tuotteet &#8211; kolme tuotelinjaa\" class=\"read-more\" href=\"https:\/\/www.solixi.com\/fi\/products\/\" aria-label=\"Lue lis\u00e4\u00e4 aiheesta Tuotteet &#8211; kolme tuotelinjaa\">Lue lis\u00e4\u00e4<\/a><\/p>\n","protected":false},"author":2,"featured_media":205,"parent":0,"menu_order":0,"comment_status":"closed","ping_status":"closed","template":"","meta":{"footnotes":""},"class_list":["post-874","page","type-page","status-publish","has-post-thumbnail"],"_links":{"self":[{"href":"https:\/\/www.solixi.com\/fi\/wp-json\/wp\/v2\/pages\/874","targetHints":{"allow":["GET"]}}],"collection":[{"href":"https:\/\/www.solixi.com\/fi\/wp-json\/wp\/v2\/pages"}],"about":[{"href":"https:\/\/www.solixi.com\/fi\/wp-json\/wp\/v2\/types\/page"}],"author":[{"embeddable":true,"href":"https:\/\/www.solixi.com\/fi\/wp-json\/wp\/v2\/users\/2"}],"replies":[{"embeddable":true,"href":"https:\/\/www.solixi.com\/fi\/wp-json\/wp\/v2\/comments?post=874"}],"version-history":[{"count":60,"href":"https:\/\/www.solixi.com\/fi\/wp-json\/wp\/v2\/pages\/874\/revisions"}],"predecessor-version":[{"id":13601,"href":"https:\/\/www.solixi.com\/fi\/wp-json\/wp\/v2\/pages\/874\/revisions\/13601"}],"wp:featuredmedia":[{"embeddable":true,"href":"https:\/\/www.solixi.com\/fi\/wp-json\/wp\/v2\/media\/205"}],"wp:attachment":[{"href":"https:\/\/www.solixi.com\/fi\/wp-json\/wp\/v2\/media?parent=874"}],"curies":[{"name":"wp","href":"https:\/\/api.w.org\/{rel}","templated":true}]}}