{"id":966,"date":"2017-07-22T11:38:36","date_gmt":"2017-07-22T11:38:36","guid":{"rendered":"http:\/\/77.240.19.26\/~solixi\/?page_id=966"},"modified":"2018-10-21T16:16:45","modified_gmt":"2018-10-21T16:16:45","slug":"story","status":"publish","type":"page","link":"https:\/\/www.solixi.com\/fi\/story\/","title":{"rendered":"Solixin tarina 2007-2016"},"content":{"rendered":"<div class=\"wpb-content-wrapper\"><p>[vc_row][vc_column width=&#8221;1\/3&#8243;][vc_column_text]<\/p>\n<h2>STN:st\u00e4 Solixi<\/h2>\n<p><img loading=\"lazy\" decoding=\"async\" class=\"circleimage alignnone wp-image-970 size-thumbnail\" src=\"http:\/\/77.240.19.26\/~solixi\/wp-content\/uploads\/2017\/07\/STNkansi2007-300x300.png\" alt=\"\" width=\"300\" height=\"300\" srcset=\"https:\/\/www.solixi.com\/wp-content\/uploads\/2017\/07\/STNkansi2007-300x300.png 300w, https:\/\/www.solixi.com\/wp-content\/uploads\/2017\/07\/STNkansi2007-768x767.png 768w, https:\/\/www.solixi.com\/wp-content\/uploads\/2017\/07\/STNkansi2007-1024x1024.png 1024w, https:\/\/www.solixi.com\/wp-content\/uploads\/2017\/07\/STNkansi2007.png 1432w\" sizes=\"auto, (max-width: 300px) 100vw, 300px\" \/><br \/>\nSTN Matkaoppaita on tehty vuodesta 1961, vuonna 1994 Jyri Jaakkola nimitettiin toimitusjohtajaksi. Matkaoppaita tehtiin usealla kielell\u00e4 Suomesta, Virosta, Latviasta ja Liettuasta Jyrin suunnittelemalla tietokanta\/sivuntaitto-j\u00e4rjestelm\u00e4ll\u00e4. Internetsivusto kasvoi maailmanlaajuiseksi vuonna 2000.<br \/>\n<img loading=\"lazy\" decoding=\"async\" class=\"circleimage alignnone wp-image-983 size-thumbnail\" src=\"http:\/\/77.240.19.26\/~solixi\/wp-content\/uploads\/2017\/07\/SuperTravelNetcom-300x300.png\" alt=\"\" width=\"300\" height=\"300\" srcset=\"https:\/\/www.solixi.com\/wp-content\/uploads\/2017\/07\/SuperTravelNetcom-300x300.png 300w, https:\/\/www.solixi.com\/wp-content\/uploads\/2017\/07\/SuperTravelNetcom-768x771.png 768w, https:\/\/www.solixi.com\/wp-content\/uploads\/2017\/07\/SuperTravelNetcom.png 920w\" sizes=\"auto, (max-width: 300px) 100vw, 300px\" \/><br \/>\nSTN toiminta loppui vuonna 2016 ja yhti\u00f6 vaihtoi nimeksi Solixi Oy.<br \/>\nSTN rahoitti vuosina 2007-2016 Solixin ideoinnin, kehitysty\u00f6n, patentoinnin sek\u00e4 prototyypit.<br \/>\n<img loading=\"lazy\" decoding=\"async\" class=\"circleimage alignnone wp-image-985 size-thumbnail\" src=\"http:\/\/77.240.19.26\/~solixi\/wp-content\/uploads\/2017\/07\/Darius-300x300.png\" alt=\"\" width=\"300\" height=\"300\" \/><br \/>\nDarius Duoba teki STN ja BTG-Matkaoppaita Vilnassa Liettuassa 1994-2016 sek\u00e4 piirsi satoja 3D-piirustuksia Jyrin kanssa.<br \/>\n<img loading=\"lazy\" decoding=\"async\" class=\"circleimage alignnone wp-image-1001 size-thumbnail\" src=\"http:\/\/77.240.19.26\/~solixi\/wp-content\/uploads\/2017\/07\/RDProjects-300x300.png\" alt=\"\" width=\"300\" height=\"300\" \/><br \/>\nSolixi piirrettiin lukuisia kertoja uudestaan. Askel kerrallaan l\u00f6ydettiin toimivat ja yhteensopivat ratkaisut.<br \/>\n<img loading=\"lazy\" decoding=\"async\" class=\"circleimage alignnone wp-image-1011 size-thumbnail\" src=\"http:\/\/77.240.19.26\/~solixi\/wp-content\/uploads\/2017\/07\/RDsboiler-300x300.png\" alt=\"\" width=\"300\" height=\"300\" srcset=\"https:\/\/www.solixi.com\/wp-content\/uploads\/2017\/07\/RDsboiler-300x300.png 300w, https:\/\/www.solixi.com\/wp-content\/uploads\/2017\/07\/RDsboiler.png 754w\" sizes=\"auto, (max-width: 300px) 100vw, 300px\" \/><\/p>\n<p>2017 tehtiin webbilaskuri jolla syntyv\u00e4t kannattavuuslaskelmat<\/p>\n<p><img loading=\"lazy\" decoding=\"async\" class=\"circleimage alignnone wp-image-3209 size-thumbnail\" src=\"http:\/\/77.240.19.26\/~solixi\/wp-content\/uploads\/2017\/07\/Calculator2-300x300.png\" alt=\"\" width=\"300\" height=\"300\" srcset=\"https:\/\/www.solixi.com\/wp-content\/uploads\/2017\/07\/Calculator2-300x300.png 300w, https:\/\/www.solixi.com\/wp-content\/uploads\/2017\/07\/Calculator2.png 551w\" sizes=\"auto, (max-width: 300px) 100vw, 300px\" \/><br \/>\n[\/vc_column_text][\/vc_column][vc_column width=&#8221;1\/3&#8243;][vc_column_text]<\/p>\n<h2>Aurinkokeskittimen synty<\/h2>\n<p><img loading=\"lazy\" decoding=\"async\" class=\"circleimage alignnone wp-image-972 size-thumbnail\" src=\"http:\/\/77.240.19.26\/~solixi\/wp-content\/uploads\/2017\/07\/JyriRoof-300x300.png\" alt=\"\" width=\"300\" height=\"300\" \/><br \/>\nJyri tarvitsi uuden vesivaraajan, vuosi oli 2011. Siihen saisi my\u00f6s aurinkoker\u00e4imen.<\/p>\n<p>Minne aurinkoker\u00e4imen laittaisi? Mink\u00e4laisen ker\u00e4imen? Valitettavasti kattoni oli v\u00e4\u00e4r\u00e4\u00e4n suuntaan ja varjoinen, vaikka katon harjalla aurinko paistaa.<br \/>\nEn voinut k\u00e4\u00e4nt\u00e4\u00e4 kattoa etel\u00e4\u00e4n enk\u00e4 nostaa sit\u00e4 ylemm\u00e4s. Piti keksi\u00e4 ker\u00e4imelle teline. Sit\u00e4 ei kaupasta saanut. \u00a0Pian mukaan tulivat STN:n resurssit sek\u00e4 energia- ja ilmastoasiantuntijoita netin keskustelufoorumeilta.\u00a0<a href=\"https:\/\/kaikenhuippu.com\">Kaikenhuipun Rauli<\/a> kiipeili sukulaistensa katoilla mittaamassa auringon s\u00e4teily\u00e4 ja rataa. Naapuri suunnitteli Solixin logon ja auttoi rakentamaan auton katolle ensimm\u00e4isen prototyypin skeittilaudasta ja WC:n peilikaapista. Lopulta Jyri keksi ratkaisun, jota kannatti kokeilla. Ker\u00e4in tarvitsi telineen lis\u00e4ksi my\u00f6s s\u00e4teily\u00e4 keskitt\u00e4v\u00e4t peilit, heliostaatit. Ne tehtiin protopajassa Elmer Tech toimesta.<\/p>\n<p><img loading=\"lazy\" decoding=\"async\" class=\"circleimage alignnone wp-image-980 size-thumbnail\" src=\"http:\/\/77.240.19.26\/~solixi\/wp-content\/uploads\/2017\/07\/Vesivaraaja-300x300.png\" alt=\"\" width=\"300\" height=\"300\" srcset=\"https:\/\/www.solixi.com\/wp-content\/uploads\/2017\/07\/Vesivaraaja-300x300.png 300w, https:\/\/www.solixi.com\/wp-content\/uploads\/2017\/07\/Vesivaraaja-768x766.png 768w, https:\/\/www.solixi.com\/wp-content\/uploads\/2017\/07\/Vesivaraaja.png 936w\" sizes=\"auto, (max-width: 300px) 100vw, 300px\" \/><br \/>\nVuonna 2013 saimme Solixi aurinkokeskittimen katolle ja vesivaraajasta tehtiin samalla osa testilaitteistoa. Mitattiin l\u00e4mp\u00f6tiloja ja energian tuottoa, kokeiltiin pumppuja ja muita laitteita.<\/p>\n<h2>Solixi kontrollerin kehitys<\/h2>\n<p><img loading=\"lazy\" decoding=\"async\" class=\"circleimage alignnone wp-image-993 size-thumbnail\" src=\"http:\/\/77.240.19.26\/~solixi\/wp-content\/uploads\/2017\/07\/ProtoController-300x300.png\" alt=\"\" width=\"300\" height=\"300\" \/><br \/>\nAurinkokeskittimen prototyypin kontrolleri vuonna 2013 oli aikamoinen viritys. Onneksi se ja aurinkokeskittimen proto toimivat l\u00e4hes vuoden.<br \/>\nKontrolleri piti tuotteistaa sarjavalmistukseen. Samalla toimintoja laajennettiin ohjaamaan my\u00f6s Solixi vesivaraajan pumppuja sek\u00e4 muita liitettyj\u00e4 laitteita.<br \/>\nSolixista tuli energiaj\u00e4rjestelm\u00e4. Kehitysty\u00f6 painottui vuosina 2014-2017 kontrollerin suunnitteluun,\u00a0jonka rahoittamiseksi nostettiin pankin ja Tekesin my\u00f6nt\u00e4m\u00e4 laina. Elektroniikan teki <a href=\"http:\/\/www.solixi.com\/microteam\/\">Microteam<\/a> Oy.<\/p>\n<p><img loading=\"lazy\" decoding=\"async\" class=\"circleimage alignnone wp-image-1041 size-thumbnail\" src=\"http:\/\/77.240.19.26\/~solixi\/wp-content\/uploads\/2017\/07\/SIO-300x300.png\" alt=\"\" width=\"300\" height=\"300\" \/><\/p>\n<p>[\/vc_column_text][\/vc_column][vc_column width=&#8221;1\/3&#8243;][vc_column_text 0=&#8221;&#8221;]<\/p>\n<h2>Prototyyppi 2013<\/h2>\n<p><img loading=\"lazy\" decoding=\"async\" class=\"circleimage alignnone wp-image-974 size-thumbnail\" src=\"http:\/\/77.240.19.26\/~solixi\/wp-content\/uploads\/2017\/07\/SolixiProto2103-300x300.png\" alt=\"\" width=\"300\" height=\"300\" srcset=\"https:\/\/www.solixi.com\/wp-content\/uploads\/2017\/07\/SolixiProto2103-300x300.png 300w, https:\/\/www.solixi.com\/wp-content\/uploads\/2017\/07\/SolixiProto2103-768x768.png 768w, https:\/\/www.solixi.com\/wp-content\/uploads\/2017\/07\/SolixiProto2103-1024x1024.png 1024w, https:\/\/www.solixi.com\/wp-content\/uploads\/2017\/07\/SolixiProto2103.png 1200w\" sizes=\"auto, (max-width: 300px) 100vw, 300px\" \/><br \/>\ntoimi mainiosti maaliskuusta marraskuuhun 2013.<br \/>\nAurinkokeskitin sai patentin Suomessa 29.11.2013, jonka siivitt\u00e4m\u00e4n\u00e4 alihankintasopimukset ja tuotekehitys saivat uutta potkua. Varsinkin kun proto tuotti paljon l\u00e4mp\u00f6\u00e4 aamusta iltaan, my\u00f6s talvella.<\/p>\n<h2>Solixi vesivaraajan synty<\/h2>\n<p><img loading=\"lazy\" decoding=\"async\" class=\"circleimage alignnone wp-image-997 size-thumbnail\" src=\"http:\/\/77.240.19.26\/~solixi\/wp-content\/uploads\/2017\/07\/ProtoOff-300x300.png\" alt=\"\" width=\"300\" height=\"300\" srcset=\"https:\/\/www.solixi.com\/wp-content\/uploads\/2017\/07\/ProtoOff-300x300.png 300w, https:\/\/www.solixi.com\/wp-content\/uploads\/2017\/07\/ProtoOff-768x768.png 768w, https:\/\/www.solixi.com\/wp-content\/uploads\/2017\/07\/ProtoOff.png 978w\" sizes=\"auto, (max-width: 300px) 100vw, 300px\" \/><br \/>\nPrototyypin tuottama l\u00e4mp\u00f6 ei mahtunut perinteiseen vesivaraajaan. Jo yhden aurinkoisen p\u00e4iv\u00e4n tuotto on usein liikaa. Aurinkokeskitin k\u00e4\u00e4nt\u00e4\u00e4 peilej\u00e4 pois heijastusasennosta kun varaaja\u00a0uhkaa kiehua, mutta energiaa menetet\u00e4\u00e4n.<\/p>\n<h2><img loading=\"lazy\" decoding=\"async\" class=\"circleimage alignnone wp-image-976 size-thumbnail\" src=\"http:\/\/77.240.19.26\/~solixi\/wp-content\/uploads\/2017\/07\/Sboiler-300x300.png\" alt=\"\" width=\"300\" height=\"300\" srcset=\"https:\/\/www.solixi.com\/wp-content\/uploads\/2017\/07\/Sboiler-300x300.png 300w, https:\/\/www.solixi.com\/wp-content\/uploads\/2017\/07\/Sboiler.png 654w\" sizes=\"auto, (max-width: 300px) 100vw, 300px\" \/><\/h2>\n<p>Tarvittiin isompi vesivaraaja, jota \u00e4lyk\u00e4s kontrolleri ohjaa. Ideointi johti 15.11.2013 Solixi vesivaraajan patenttihakemukseen.<br \/>\nSe ratkaisi energian varastointiongelman, mutta lis\u00e4si t\u00f6it\u00e4 suunnittelussa ja tuotteistuksessa.<\/p>\n<h2>Messuja, verkostoitumista, seminaareja<\/h2>\n<p><img loading=\"lazy\" decoding=\"async\" class=\"circleimage alignnone wp-image-1009 size-thumbnail\" src=\"http:\/\/77.240.19.26\/~solixi\/wp-content\/uploads\/2017\/07\/JyriFairs2014-300x300.png\" alt=\"\" width=\"300\" height=\"300\" \/><br \/>\nJo vuonna 2013 selvisi ett\u00e4 Solixi parantaa my\u00f6s muiden laitteiden hy\u00f6tysuhteita ja laskee niiden k\u00e4ytt\u00f6kuluja. Se kannattaa l\u00e4hes kaikissa rakennuksissa ja kaikkialla. Kiinnostus kasvoi ja ostajia ilmestyi, mutta myynti\u00e4 ei voitu aloittaa koska tuotteistus oli kesken.<\/p>\n<p>Vuonna 2014 Jyri alkoi suunnitella STN-aikojen tapaan uusia ohjelmistoja. Yli 30 vuotta kest\u00e4nyt ura matkailumarkkinoinnin ohjelmistojen parissa oli vaihtunut Solixi-talotekniikkaan.<\/p>\n<p><img loading=\"lazy\" decoding=\"async\" class=\"circleimage alignnone wp-image-3207 size-thumbnail\" src=\"http:\/\/77.240.19.26\/~solixi\/wp-content\/uploads\/2017\/07\/Ddaydemo-300x300.jpg\" alt=\"\" width=\"300\" height=\"300\" srcset=\"https:\/\/www.solixi.com\/wp-content\/uploads\/2017\/07\/Ddaydemo-300x300.jpg 300w, https:\/\/www.solixi.com\/wp-content\/uploads\/2017\/07\/Ddaydemo.jpg 600w\" sizes=\"auto, (max-width: 300px) 100vw, 300px\" \/><br \/>\n[\/vc_column_text][\/vc_column][\/vc_row]<\/p>\n<\/div>","protected":false},"excerpt":{"rendered":"<p>[vc_row][vc_column width=&#8221;1\/3&#8243;][vc_column_text] STN:st\u00e4 Solixi STN Matkaoppaita on tehty vuodesta 1961, vuonna 1994 Jyri Jaakkola nimitettiin toimitusjohtajaksi. Matkaoppaita tehtiin usealla kielell\u00e4 Suomesta, Virosta, Latviasta ja Liettuasta Jyrin suunnittelemalla tietokanta\/sivuntaitto-j\u00e4rjestelm\u00e4ll\u00e4. Internetsivusto kasvoi maailmanlaajuiseksi vuonna 2000. STN toiminta loppui vuonna 2016 ja yhti\u00f6 vaihtoi nimeksi Solixi Oy. STN rahoitti vuosina 2007-2016 Solixin ideoinnin, kehitysty\u00f6n, patentoinnin sek\u00e4 prototyypit. Darius &#8230; <a title=\"Solixin tarina 2007-2016\" class=\"read-more\" href=\"https:\/\/www.solixi.com\/fi\/story\/\" aria-label=\"Lue lis\u00e4\u00e4 aiheesta Solixin tarina 2007-2016\">Lue lis\u00e4\u00e4<\/a><\/p>\n","protected":false},"author":2,"featured_media":485,"parent":0,"menu_order":0,"comment_status":"closed","ping_status":"closed","template":"","meta":{"footnotes":""},"class_list":["post-966","page","type-page","status-publish","has-post-thumbnail"],"_links":{"self":[{"href":"https:\/\/www.solixi.com\/fi\/wp-json\/wp\/v2\/pages\/966","targetHints":{"allow":["GET"]}}],"collection":[{"href":"https:\/\/www.solixi.com\/fi\/wp-json\/wp\/v2\/pages"}],"about":[{"href":"https:\/\/www.solixi.com\/fi\/wp-json\/wp\/v2\/types\/page"}],"author":[{"embeddable":true,"href":"https:\/\/www.solixi.com\/fi\/wp-json\/wp\/v2\/users\/2"}],"replies":[{"embeddable":true,"href":"https:\/\/www.solixi.com\/fi\/wp-json\/wp\/v2\/comments?post=966"}],"version-history":[{"count":61,"href":"https:\/\/www.solixi.com\/fi\/wp-json\/wp\/v2\/pages\/966\/revisions"}],"predecessor-version":[{"id":5191,"href":"https:\/\/www.solixi.com\/fi\/wp-json\/wp\/v2\/pages\/966\/revisions\/5191"}],"wp:featuredmedia":[{"embeddable":true,"href":"https:\/\/www.solixi.com\/fi\/wp-json\/wp\/v2\/media\/485"}],"wp:attachment":[{"href":"https:\/\/www.solixi.com\/fi\/wp-json\/wp\/v2\/media?parent=966"}],"curies":[{"name":"wp","href":"https:\/\/api.w.org\/{rel}","templated":true}]}}